{"id":49420,"date":"2022-05-05T10:26:39","date_gmt":"2022-05-05T13:26:39","guid":{"rendered":"https:\/\/www.argensend.com\/?post_type=product&#038;p=49420"},"modified":"2024-12-06T16:27:57","modified_gmt":"2024-12-06T19:27:57","slug":"planchetta-1-hornalla-con-tapa-espatula-pinza-6-pinchos-planchetta-1-oven-with-lid-spatula-tongs-6-skewers","status":"publish","type":"product","link":"https:\/\/www.argensend.com\/en\/product\/planchetta-1-hornalla-con-tapa-espatula-pinza-6-pinchos-planchetta-1-oven-with-lid-spatula-tongs-6-skewers\/","title":{"rendered":"Planchetta 1 Hornalla con Tapa + Esp\u00e1tula + Pinza + 6 Pinchos"},"content":{"rendered":"","protected":false},"excerpt":{"rendered":"<p>La Planchetta<br \/>\nLa Planchetta es una chapa de hierro laminada en caliente de 2,5 mm de espesor, dise\u00f1ada para el uso dom\u00e9stico, tanto en cocinas a gas, el\u00e9ctricas, a la parrilla o simplemente a las brasas. La Planchetta es un producto apto para todo tipo de superficie.<br \/>\nEsp\u00e1tula La Planchetta<br \/>\nEsp\u00e1tula de acero inoxidable profesional La Planchetta. Excelente dise\u00f1o para cocinar de forma pr\u00e1ctica cualquiera de tus comidas.<br \/>\nEsp\u00e1tula de mango anat\u00f3mico, y \u00e1ngulos de 90\u00ba para facilitar llegar a todos los bordes c\u00f3modamente.<br \/>\nLa tapa est\u00e1n fabricada en aluminio, un material liviano y que distribuye perfectamente la temperatura.<br \/>\nEst\u00e1 dise\u00f1ada para eliminar el exceso de vapores y as\u00ed no hervir tus cocciones.<br \/>\nPara evitar quemaduras , las asas est\u00e1n realizadas en madera dura, la que asegura buen grip y gran durabilidad.<br \/>\nPINZA LA PLANCHETTA<br \/>\nDise\u00f1o de doble acanalado que nos brinda un agarre c\u00f3modo y seguro en el momento de manipular los alimentos<br \/>\nSus palas tipo esp\u00e1tula es de excelente utilidad al cocinar en La plancha, nos brinda un mix entre un esp\u00e1tula y pinza.<br \/>\nEl \u00e1ngulo de 15\u00ba de las palas nos brinda un mejor apoyo sobre la superficie de La Planchetta.<br \/>\nEl plegado de los bordes de las palas permite una mayor sujeci\u00f3n de los alimentos.<br \/>\nDise\u00f1ada en una sola pieza de acero inoxidable 430 que nos garantiza una larga durabilidad<br \/>\n\u2026\u2026\u2026\u2026\u2026\u2026\u2026\u2026\u2026\u2026\u2026\u2026\u2026\u2026\u2026\u2026\u2026\u2026\u2026\u2026\u2026\u2026\u2026\u2026\u2026\u2026\u2026\u2026\u2026\u2026\u2026\u2026\u2026\u2026\u2026\u2026\u2026\u2026\u2026\u2026\u2026\u2026\u2026\u2026\u2026\u2026\u2026\u2026\u2026\u2026\u2026\u2026\u2026\u2026\u2026\u2026<\/p>\n<p>The Planchetta<br \/>\nThe Planchetta is a 2.5 mm thick hot-rolled iron sheet, designed for domestic use, whether on gas, electric, grilled or simply charcoal-broiled stoves. The Planchetta is a product suitable for all types of surfaces.<br \/>\nLa Planchetta Spatula<br \/>\nLa Planchetta professional stainless steel spatula. Excellent design to cook any of your meals in a practical way.<br \/>\nSpatula with anatomic handle and 90\u00ba angles to reach all edges comfortably.<br \/>\nThe lid is made of aluminum, a lightweight material that distributes the temperature perfectly.<br \/>\nIt is designed to eliminate excess vapors so as not to boil your cooking.<br \/>\nTo avoid burns, the handles are made of hardwood, which ensures good grip and durability.<br \/>\nLA PLANCHETTA TONGS<br \/>\nDouble-ribbed design provides a comfortable and safe grip when handling food.<br \/>\nIts spatula type blades are of excellent utility when cooking on the griddle, providing a mix between a spatula and a tongs.<br \/>\nThe 15\u00ba angle of the blades gives us a better support on the surface of La Planchetta.<br \/>\nThe folding of the edges of the blades allows a better grip on the food.<br \/>\nDesigned in a single piece of 430 stainless steel which guarantees a long durability.<\/p>","protected":false},"featured_media":49421,"comment_status":"closed","ping_status":"closed","template":"","meta":{"_acf_changed":false,"om_disable_all_campaigns":false,"_monsterinsights_skip_tracking":false,"_monsterinsights_sitenote_active":false,"_monsterinsights_sitenote_note":"","_monsterinsights_sitenote_category":0},"etheme_brands":[],"product_brand":[],"product_cat":[3320,606],"product_tag":[203,234,224,312,352,1731,8673],"class_list":{"0":"post-49420","1":"product","2":"type-product","3":"status-publish","4":"has-post-thumbnail","6":"product_cat-cocina","7":"product_cat-cocina-deco-bazar","8":"product_tag-argentina","9":"product_tag-argentine","10":"product_tag-argentino","11":"product_tag-asado","12":"product_tag-barbecue","13":"product_tag-kit","14":"product_tag-plancheta","16":"first","17":"instock","18":"taxable","19":"shipping-taxable","20":"purchasable","21":"product-type-simple"},"acf":[],"aioseo_notices":[],"_links":{"self":[{"href":"https:\/\/www.argensend.com\/en\/wp-json\/wp\/v2\/product\/49420","targetHints":{"allow":["GET"]}}],"collection":[{"href":"https:\/\/www.argensend.com\/en\/wp-json\/wp\/v2\/product"}],"about":[{"href":"https:\/\/www.argensend.com\/en\/wp-json\/wp\/v2\/types\/product"}],"replies":[{"embeddable":true,"href":"https:\/\/www.argensend.com\/en\/wp-json\/wp\/v2\/comments?post=49420"}],"version-history":[{"count":3,"href":"https:\/\/www.argensend.com\/en\/wp-json\/wp\/v2\/product\/49420\/revisions"}],"predecessor-version":[{"id":104450,"href":"https:\/\/www.argensend.com\/en\/wp-json\/wp\/v2\/product\/49420\/revisions\/104450"}],"wp:featuredmedia":[{"embeddable":true,"href":"https:\/\/www.argensend.com\/en\/wp-json\/wp\/v2\/media\/49421"}],"wp:attachment":[{"href":"https:\/\/www.argensend.com\/en\/wp-json\/wp\/v2\/media?parent=49420"}],"wp:term":[{"taxonomy":"brand","embeddable":true,"href":"https:\/\/www.argensend.com\/en\/wp-json\/wp\/v2\/etheme_brands?post=49420"},{"taxonomy":"product_brand","embeddable":true,"href":"https:\/\/www.argensend.com\/en\/wp-json\/wp\/v2\/product_brand?post=49420"},{"taxonomy":"product_cat","embeddable":true,"href":"https:\/\/www.argensend.com\/en\/wp-json\/wp\/v2\/product_cat?post=49420"},{"taxonomy":"product_tag","embeddable":true,"href":"https:\/\/www.argensend.com\/en\/wp-json\/wp\/v2\/product_tag?post=49420"}],"curies":[{"name":"wp","href":"https:\/\/api.w.org\/{rel}","templated":true}]}}