{"id":49423,"date":"2022-05-05T11:04:24","date_gmt":"2022-05-05T14:04:24","guid":{"rendered":"https:\/\/www.argensend.com\/?post_type=product&#038;p=49423"},"modified":"2024-12-06T16:27:58","modified_gmt":"2024-12-06T19:27:58","slug":"casa-barometrica-del-tiempo-barometric-weather-house","status":"publish","type":"product","link":"https:\/\/www.argensend.com\/en\/product\/casa-barometrica-del-tiempo-barometric-weather-house\/","title":{"rendered":"Casa Barom\u00e9trica Del Tiempo"},"content":{"rendered":"","protected":false},"excerpt":{"rendered":"<p>C\u00f3mo funciona:<br \/>\nDentro de la casita se encuentra una cuerda que responde a las variaciones de humedad provocando cambios de posici\u00f3n en las figuras. Con aire h\u00famedo, mal tiempo, una de la figura estar\u00e1 afuera y clima seco, buen tiempo, la otra figura se asomar\u00e1.<\/p>\n<p><em>EN:<\/em><br \/>\n<em>How it works:<\/em><br \/>\n<em>Inside the little house is a string that responds to variations in humidity causing changes in the position of the figures. In humid air, bad weather, one of the figures will be outside and in dry weather, good weather, the other figure will be outside.<\/em><\/p>","protected":false},"featured_media":49424,"comment_status":"closed","ping_status":"closed","template":"","meta":{"_acf_changed":false,"om_disable_all_campaigns":false,"_monsterinsights_skip_tracking":false,"_monsterinsights_sitenote_active":false,"_monsterinsights_sitenote_note":"","_monsterinsights_sitenote_category":0},"etheme_brands":[],"product_brand":[],"product_cat":[606],"product_tag":[6541,203,234,4278,8676,8675,1149,8674,2980,3780,3984,6759,3528],"class_list":{"0":"post-49423","1":"product","2":"type-product","3":"status-publish","4":"has-post-thumbnail","6":"product_cat-cocina-deco-bazar","7":"product_tag-antiguo","8":"product_tag-argentina","9":"product_tag-argentine","10":"product_tag-argentinian","11":"product_tag-barometric","12":"product_tag-barometrica","13":"product_tag-casa","14":"product_tag-casita","15":"product_tag-del","16":"product_tag-house","17":"product_tag-old","18":"product_tag-tiempo","19":"product_tag-weather","21":"first","22":"instock","23":"taxable","24":"shipping-taxable","25":"purchasable","26":"product-type-simple"},"acf":[],"aioseo_notices":[],"_links":{"self":[{"href":"https:\/\/www.argensend.com\/en\/wp-json\/wp\/v2\/product\/49423","targetHints":{"allow":["GET"]}}],"collection":[{"href":"https:\/\/www.argensend.com\/en\/wp-json\/wp\/v2\/product"}],"about":[{"href":"https:\/\/www.argensend.com\/en\/wp-json\/wp\/v2\/types\/product"}],"replies":[{"embeddable":true,"href":"https:\/\/www.argensend.com\/en\/wp-json\/wp\/v2\/comments?post=49423"}],"version-history":[{"count":2,"href":"https:\/\/www.argensend.com\/en\/wp-json\/wp\/v2\/product\/49423\/revisions"}],"predecessor-version":[{"id":73635,"href":"https:\/\/www.argensend.com\/en\/wp-json\/wp\/v2\/product\/49423\/revisions\/73635"}],"wp:featuredmedia":[{"embeddable":true,"href":"https:\/\/www.argensend.com\/en\/wp-json\/wp\/v2\/media\/49424"}],"wp:attachment":[{"href":"https:\/\/www.argensend.com\/en\/wp-json\/wp\/v2\/media?parent=49423"}],"wp:term":[{"taxonomy":"brand","embeddable":true,"href":"https:\/\/www.argensend.com\/en\/wp-json\/wp\/v2\/etheme_brands?post=49423"},{"taxonomy":"product_brand","embeddable":true,"href":"https:\/\/www.argensend.com\/en\/wp-json\/wp\/v2\/product_brand?post=49423"},{"taxonomy":"product_cat","embeddable":true,"href":"https:\/\/www.argensend.com\/en\/wp-json\/wp\/v2\/product_cat?post=49423"},{"taxonomy":"product_tag","embeddable":true,"href":"https:\/\/www.argensend.com\/en\/wp-json\/wp\/v2\/product_tag?post=49423"}],"curies":[{"name":"wp","href":"https:\/\/api.w.org\/{rel}","templated":true}]}}