{"id":49672,"date":"2022-05-11T10:32:46","date_gmt":"2022-05-11T13:32:46","guid":{"rendered":"https:\/\/www.argensend.com\/?post_type=product&#038;p=49672"},"modified":"2024-12-06T16:28:15","modified_gmt":"2024-12-06T19:28:15","slug":"otowil-tintura-fantasia-capilar-cielo-azul-electrico-x-6-sobres-fantasy-hair-dye-sky-color-electic-blue-x-6-sachets","status":"publish","type":"product","link":"https:\/\/www.argensend.com\/en\/product\/otowil-tintura-fantasia-capilar-cielo-azul-electrico-x-6-sobres-fantasy-hair-dye-sky-color-electic-blue-x-6-sachets\/","title":{"rendered":"Otowil &#8211; Tintura Fantas\u00eda Capilar Cielo Azul El\u00e9ctrico 50gr &#8211; 6 Sobres"},"content":{"rendered":"","protected":false},"excerpt":{"rendered":"<p>Tinte Fantas\u00eda Cielo Color Otowil:<\/p>\n<p>Otowil Cielo Color es una crema colorante para el cabello de uso directo.<\/p>\n<p>Informaci\u00f3n del producto:<\/p>\n<p>Aplicaci\u00f3n directa<br \/>\nTinte sin amon\u00edaco<br \/>\nLibre de Crueldad<br \/>\nKosher<br \/>\nSin gluten<br \/>\nVegano<br \/>\nSemi-permanente<br \/>\nSin parabenos<br \/>\nColores intensos y divertidos que se desvanecen en aproximadamente 7 lavados.<br \/>\nApl\u00edcalo sobre una base decolorada a una altura de 9 para obtener colores s\u00faper vibrantes y definidos.<\/p>\n<p>Azul El\u00e9ctrico\/ Electric Blue<\/p>\n<p>Caja de 6 sobres, 50 g \/ 1.76 oz<\/p>","protected":false},"featured_media":49656,"comment_status":"closed","ping_status":"closed","template":"","meta":{"_acf_changed":false,"om_disable_all_campaigns":false,"_monsterinsights_skip_tracking":false,"_monsterinsights_sitenote_active":false,"_monsterinsights_sitenote_note":"","_monsterinsights_sitenote_category":0},"etheme_brands":[],"product_brand":[],"product_cat":[8819,8813,8802,4453],"product_tag":[721,3974,714,935,3299,6501,8764,3177,8745,8769,3014,456,8773,8771,68,8746,3991,3863,8766,8767,278,3298,747,3931,183,473,4089,47,3672,199,8763,3411,723,746,722,8765,977,8772,8748,8749,5691,8228,784,4033,652,651,1003,3673],"class_list":{"0":"post-49672","1":"product","2":"type-product","3":"status-publish","4":"has-post-thumbnail","6":"product_cat-farmacia","7":"product_cat-salud-y-belleza-kosher","8":"product_cat-salud-y-belleza-sin-tacc","9":"product_cat-salud-y-belleza-vegana","10":"product_tag-721","11":"product_tag-animal","12":"product_tag-azul","13":"product_tag-blue","14":"product_tag-boy","15":"product_tag-capilar","16":"product_tag-cielo","17":"product_tag-color","18":"product_tag-coloracion","19":"product_tag-coloring","20":"product_tag-cream","21":"product_tag-crema","22":"product_tag-crueldad","23":"product_tag-cruelty","24":"product_tag-de","25":"product_tag-dye","26":"product_tag-electric","27":"product_tag-electrico","28":"product_tag-fantasia","29":"product_tag-fantasy","30":"product_tag-free","31":"product_tag-girl","32":"product_tag-gluten","33":"product_tag-hair","34":"product_tag-hombre","35":"product_tag-kosher","36":"product_tag-libre","37":"product_tag-man","38":"product_tag-men","39":"product_tag-mujer","40":"product_tag-otowil","41":"product_tag-sachets","42":"product_tag-seis","43":"product_tag-sin","44":"product_tag-six","45":"product_tag-sky","46":"product_tag-sobres","47":"product_tag-tac","48":"product_tag-tenir","49":"product_tag-tenirse","50":"product_tag-tintura","51":"product_tag-unidad","52":"product_tag-unidades","53":"product_tag-units","54":"product_tag-vegan","55":"product_tag-vegano","56":"product_tag-woman","57":"product_tag-women","59":"first","60":"instock","61":"taxable","62":"shipping-taxable","63":"purchasable","64":"product-type-simple"},"acf":[],"aioseo_notices":[],"_links":{"self":[{"href":"https:\/\/www.argensend.com\/en\/wp-json\/wp\/v2\/product\/49672","targetHints":{"allow":["GET"]}}],"collection":[{"href":"https:\/\/www.argensend.com\/en\/wp-json\/wp\/v2\/product"}],"about":[{"href":"https:\/\/www.argensend.com\/en\/wp-json\/wp\/v2\/types\/product"}],"replies":[{"embeddable":true,"href":"https:\/\/www.argensend.com\/en\/wp-json\/wp\/v2\/comments?post=49672"}],"version-history":[{"count":3,"href":"https:\/\/www.argensend.com\/en\/wp-json\/wp\/v2\/product\/49672\/revisions"}],"predecessor-version":[{"id":103821,"href":"https:\/\/www.argensend.com\/en\/wp-json\/wp\/v2\/product\/49672\/revisions\/103821"}],"wp:featuredmedia":[{"embeddable":true,"href":"https:\/\/www.argensend.com\/en\/wp-json\/wp\/v2\/media\/49656"}],"wp:attachment":[{"href":"https:\/\/www.argensend.com\/en\/wp-json\/wp\/v2\/media?parent=49672"}],"wp:term":[{"taxonomy":"brand","embeddable":true,"href":"https:\/\/www.argensend.com\/en\/wp-json\/wp\/v2\/etheme_brands?post=49672"},{"taxonomy":"product_brand","embeddable":true,"href":"https:\/\/www.argensend.com\/en\/wp-json\/wp\/v2\/product_brand?post=49672"},{"taxonomy":"product_cat","embeddable":true,"href":"https:\/\/www.argensend.com\/en\/wp-json\/wp\/v2\/product_cat?post=49672"},{"taxonomy":"product_tag","embeddable":true,"href":"https:\/\/www.argensend.com\/en\/wp-json\/wp\/v2\/product_tag?post=49672"}],"curies":[{"name":"wp","href":"https:\/\/api.w.org\/{rel}","templated":true}]}}