{"id":49676,"date":"2020-12-18T10:42:12","date_gmt":"2020-12-18T13:42:12","guid":{"rendered":"https:\/\/www.argensend.com\/?post_type=product&#038;p=49676"},"modified":"2024-12-06T16:28:15","modified_gmt":"2024-12-06T19:28:15","slug":"sedal-shampoo-crema-balance-190-ml-balance-cream-shampoo-190-ml","status":"publish","type":"product","link":"https:\/\/www.argensend.com\/en\/product\/sedal-shampoo-crema-balance-190-ml-balance-cream-shampoo-190-ml\/","title":{"rendered":"Sedal &#8211; Shampoo Crema Balance 190ml"},"content":{"rendered":"<p>Modo De Uso: Coloca El Shampoo Para Pelo En La Mano, Apl\u00edcalo Sobre El Cabello, Refuerza En Las Puntas, Masajea Suavemente Y Luego Enjuaga. Advertencias: No Ingerir. Evite El Contacto Con Los Ojos. En Caso De Contacto Accidental, Enju\u00e1guelos Con Abundante Agua Fr\u00eda. Discontinuar Su Uso Si Aparecen S\u00edntomas De Irritaci\u00f3n U Otra Reacci\u00f3n Desfavorable.<\/p>\n<p>\u2026\u2026\u2026\u2026\u2026\u2026\u2026\u2026\u2026\u2026\u2026\u2026\u2026\u2026\u2026\u2026\u2026\u2026\u2026\u2026\u2026\u2026\u2026\u2026\u2026\u2026\u2026\u2026\u2026<\/p>\n<p>How to use: Place the Shampoo in the hand, apply on the hair, strengthen the ends, massage gently and then rinse. Warnings: Do Not Swallow. Avoid Contact With Eyes. In case of accidental contact, rinse with plenty of cold water. Discontinue Use If Symptoms Of Irritation Or Other Unfavorable Reaction Appear.<\/p>","protected":false},"excerpt":{"rendered":"<p>Cabello Seco A Hidratado Desde El Primer Lavado.La F\u00f3rmula Avanzada Del Shampoo Para Cabello Sedal Crema Balance Con \u00d3leos Ultralivianos De Arg\u00e1n Y Almendras, Penetra Profundamente Y Crea Protecci\u00f3n En El Pelo, Dej\u00e1ndolo Suave E Hidratado Desde El Primer Uso. No Es Casualidad Que Nos Sintamos Tan Bien Cuando Nuestro Pelo Est\u00e1 Tan Suave Y Sedoso. Dej\u00e1 Que Tu Pelo Se Vea Y Sienta Incre\u00edble Con Nuestro Shampoo Para Pelo Da\u00f1ado. No Importa Lo Que Tu Pelo Necesite, Nuestros Productos Para El Pelo Te Van A Ayudar A Mantenerlo Tan Incre\u00edble Como Vos.<\/p>\n<p>\u2026\u2026\u2026\u2026\u2026\u2026\u2026\u2026\u2026\u2026\u2026\u2026\u2026\u2026\u2026\u2026\u2026\u2026\u2026\u2026\u2026\u2026\u2026\u2026\u2026\u2026\u2026\u2026\u2026<\/p>\n<p>The advanced formula of Sedal Crema Balance Hair Shampoo with ultra-light Argan and Almond Oils penetrates deeply and creates protection for your hair, leaving it soft and moisturized from the first use. It&#8217;s no coincidence that we feel so good when our hair is so soft and silky. Let Your Hair Look And Feel Amazing With Our Shampoo For Damaged Hair. No matter what your hair needs, our hair products will help keep it looking as great as you do.<\/p>","protected":false},"featured_media":49683,"comment_status":"closed","ping_status":"closed","template":"","meta":{"_acf_changed":false,"om_disable_all_campaigns":false,"_monsterinsights_skip_tracking":false,"_monsterinsights_sitenote_active":false,"_monsterinsights_sitenote_note":"","_monsterinsights_sitenote_category":0},"etheme_brands":[],"product_brand":[],"product_cat":[8820],"product_tag":[8774,203,234,224,970,3014,456,8751,3925],"class_list":{"0":"post-49676","1":"product","2":"type-product","3":"status-publish","4":"has-post-thumbnail","6":"product_cat-jabones-y-shampoo","7":"product_tag-190-ml","8":"product_tag-argentina","9":"product_tag-argentine","10":"product_tag-argentino","11":"product_tag-balance","12":"product_tag-cream","13":"product_tag-crema","14":"product_tag-sedal","15":"product_tag-shampoo","17":"first","18":"instock","19":"taxable","20":"shipping-taxable","21":"purchasable","22":"product-type-simple"},"acf":[],"aioseo_notices":[],"_links":{"self":[{"href":"https:\/\/www.argensend.com\/en\/wp-json\/wp\/v2\/product\/49676","targetHints":{"allow":["GET"]}}],"collection":[{"href":"https:\/\/www.argensend.com\/en\/wp-json\/wp\/v2\/product"}],"about":[{"href":"https:\/\/www.argensend.com\/en\/wp-json\/wp\/v2\/types\/product"}],"replies":[{"embeddable":true,"href":"https:\/\/www.argensend.com\/en\/wp-json\/wp\/v2\/comments?post=49676"}],"version-history":[{"count":2,"href":"https:\/\/www.argensend.com\/en\/wp-json\/wp\/v2\/product\/49676\/revisions"}],"predecessor-version":[{"id":103823,"href":"https:\/\/www.argensend.com\/en\/wp-json\/wp\/v2\/product\/49676\/revisions\/103823"}],"wp:featuredmedia":[{"embeddable":true,"href":"https:\/\/www.argensend.com\/en\/wp-json\/wp\/v2\/media\/49683"}],"wp:attachment":[{"href":"https:\/\/www.argensend.com\/en\/wp-json\/wp\/v2\/media?parent=49676"}],"wp:term":[{"taxonomy":"brand","embeddable":true,"href":"https:\/\/www.argensend.com\/en\/wp-json\/wp\/v2\/etheme_brands?post=49676"},{"taxonomy":"product_brand","embeddable":true,"href":"https:\/\/www.argensend.com\/en\/wp-json\/wp\/v2\/product_brand?post=49676"},{"taxonomy":"product_cat","embeddable":true,"href":"https:\/\/www.argensend.com\/en\/wp-json\/wp\/v2\/product_cat?post=49676"},{"taxonomy":"product_tag","embeddable":true,"href":"https:\/\/www.argensend.com\/en\/wp-json\/wp\/v2\/product_tag?post=49676"}],"curies":[{"name":"wp","href":"https:\/\/api.w.org\/{rel}","templated":true}]}}