{"id":49686,"date":"2020-11-21T10:47:49","date_gmt":"2020-11-21T13:47:49","guid":{"rendered":"https:\/\/www.argensend.com\/?post_type=product&#038;p=49686"},"modified":"2024-12-06T16:28:16","modified_gmt":"2024-12-06T19:28:16","slug":"sedal-shampoo-restauracion-instantanea-190-ml-instant-restoration-shampoo-190-ml","status":"publish","type":"product","link":"https:\/\/www.argensend.com\/en\/product\/sedal-shampoo-restauracion-instantanea-190-ml-instant-restoration-shampoo-190-ml\/","title":{"rendered":"Sedal &#8211; Shampoo Restauraci\u00f3n Instant\u00e1nea 190ml"},"content":{"rendered":"<p>Modo De Uso: Col\u00f3calo En La Mano, Apl\u00edcalo Sobre El Cabello, Masajea Suavemente Y Luego Enjuaga. No Ingerir. Evite El Contacto Con Los Ojos. En Caso De Contacto Accidental, Enju\u00e1guelos Con Abundante Agua Fr\u00eda. Discontinuar Su Uso Si Aparecen S\u00edntomas De Irritaci\u00f3n U Otra Reacci\u00f3n Desfavorable<\/p>\n<p>\u2026\u2026\u2026\u2026\u2026\u2026\u2026\u2026\u2026\u2026\u2026\u2026\u2026\u2026\u2026\u2026\u2026\u2026\u2026\u2026\u2026\u2026\u2026\u2026\u2026\u2026\u2026\u2026\u2026<\/p>\n<p>How To Use: Place in hand, apply on hair, massage gently and then rinse. Do Not Ingest. Avoid Contact With Eyes. In case of accidental contact, rinse with plenty of cold water. Discontinue Use If Symptoms Of Irritation Or Other Unfavorable Reaction Appear.<\/p>","protected":false},"excerpt":{"rendered":"<p>El Shampoo SEDAL Restauraci\u00f3n Instant\u00e1nea Con Max Calcio Y Keratina, Remueve Los Residuos Acumulados Y Recupera El Pelo Da\u00f1ado. Tantas Aventuras Terminan Teniendo Efecto En Nuestro Pelo. Por Suerte, Restaurarlo Es Mucho M\u00e1s F\u00e1cil.Brinda Facilidad De Peinado A Tu Pelo Con El Uso Del Tratamiento Capilar: Shampoo Y Acondicionador SEDAL Restauraci\u00f3n Instant\u00e1nea. Adem\u00e1s, Elimina El Da\u00f1o Visible Desde El Primer Lavado.\u00a1Decile Chau Al Pelo Seco Y Da\u00f1ado! No Solo Repara Las Puntas Abiertas Sino Tambi\u00e9n Contiene Una F\u00f3rmula Antiquiebre Para Tratar La Ca\u00edda Del Pelo.<\/p>\n<p>\u2026\u2026\u2026\u2026\u2026\u2026\u2026\u2026\u2026\u2026\u2026\u2026\u2026\u2026\u2026\u2026\u2026\u2026\u2026\u2026\u2026\u2026\u2026\u2026\u2026\u2026\u2026\u2026\u2026<\/p>\n<p>SEDAL Instant Restoration Shampoo With Max Calcium And Keratin Removes Accumulated Residues And Recovers Damaged Hair. So many adventures end up having an effect on our hair. Fortunately, restoring it is much easier. Make your hair easier to style with the use of SEDAL Instant Restoration Hair Treatment: Shampoo and Conditioner. It also eliminates visible damage from the first wash and says goodbye to dry, damaged hair! Not only repairs split ends but also contains an anti breakage formula to treat hair loss.<\/p>\n<p>&nbsp;<\/p>","protected":false},"featured_media":49687,"comment_status":"closed","ping_status":"closed","template":"","meta":{"_acf_changed":false,"om_disable_all_campaigns":false,"_monsterinsights_skip_tracking":false,"_monsterinsights_sitenote_active":false,"_monsterinsights_sitenote_note":"","_monsterinsights_sitenote_category":0},"etheme_brands":[],"product_brand":[],"product_cat":[8820],"product_tag":[8774,203,234,224,5858,8754,8755,8751,3925],"class_list":{"0":"post-49686","1":"product","2":"type-product","3":"status-publish","4":"has-post-thumbnail","6":"product_cat-jabones-y-shampoo","7":"product_tag-190-ml","8":"product_tag-argentina","9":"product_tag-argentine","10":"product_tag-argentino","11":"product_tag-instantanea","12":"product_tag-restauracion","13":"product_tag-restoration","14":"product_tag-sedal","15":"product_tag-shampoo","17":"first","18":"instock","19":"taxable","20":"shipping-taxable","21":"purchasable","22":"product-type-simple"},"acf":[],"aioseo_notices":[],"_links":{"self":[{"href":"https:\/\/www.argensend.com\/en\/wp-json\/wp\/v2\/product\/49686","targetHints":{"allow":["GET"]}}],"collection":[{"href":"https:\/\/www.argensend.com\/en\/wp-json\/wp\/v2\/product"}],"about":[{"href":"https:\/\/www.argensend.com\/en\/wp-json\/wp\/v2\/types\/product"}],"replies":[{"embeddable":true,"href":"https:\/\/www.argensend.com\/en\/wp-json\/wp\/v2\/comments?post=49686"}],"version-history":[{"count":2,"href":"https:\/\/www.argensend.com\/en\/wp-json\/wp\/v2\/product\/49686\/revisions"}],"predecessor-version":[{"id":103825,"href":"https:\/\/www.argensend.com\/en\/wp-json\/wp\/v2\/product\/49686\/revisions\/103825"}],"wp:featuredmedia":[{"embeddable":true,"href":"https:\/\/www.argensend.com\/en\/wp-json\/wp\/v2\/media\/49687"}],"wp:attachment":[{"href":"https:\/\/www.argensend.com\/en\/wp-json\/wp\/v2\/media?parent=49686"}],"wp:term":[{"taxonomy":"brand","embeddable":true,"href":"https:\/\/www.argensend.com\/en\/wp-json\/wp\/v2\/etheme_brands?post=49686"},{"taxonomy":"product_brand","embeddable":true,"href":"https:\/\/www.argensend.com\/en\/wp-json\/wp\/v2\/product_brand?post=49686"},{"taxonomy":"product_cat","embeddable":true,"href":"https:\/\/www.argensend.com\/en\/wp-json\/wp\/v2\/product_cat?post=49686"},{"taxonomy":"product_tag","embeddable":true,"href":"https:\/\/www.argensend.com\/en\/wp-json\/wp\/v2\/product_tag?post=49686"}],"curies":[{"name":"wp","href":"https:\/\/api.w.org\/{rel}","templated":true}]}}