{"id":49703,"date":"2022-05-11T11:05:09","date_gmt":"2022-05-11T14:05:09","guid":{"rendered":"https:\/\/www.argensend.com\/?post_type=product&#038;p=49703"},"modified":"2024-12-06T16:28:17","modified_gmt":"2024-12-06T19:28:17","slug":"otowil-tintura-fantasia-capilar-cielo-rosa-electrico-x-6-sobres-fantasy-hair-dye-sky-color-electric-rose-x-6-sachets","status":"publish","type":"product","link":"https:\/\/www.argensend.com\/en\/product\/otowil-tintura-fantasia-capilar-cielo-rosa-electrico-x-6-sobres-fantasy-hair-dye-sky-color-electric-rose-x-6-sachets\/","title":{"rendered":"Otowil &#8211; Tintura Fantas\u00eda Capilar Cielo Rosa El\u00e9ctrico 50gr &#8211; 6 Sobres"},"content":{"rendered":"","protected":false},"excerpt":{"rendered":"<p>Tinte Fantas\u00eda Cielo Color Otowil:<\/p>\n<p>Otowil Cielo Color es una crema colorante para el cabello de uso directo.<\/p>\n<p>Informaci\u00f3n del producto:<\/p>\n<p>Aplicaci\u00f3n directa<br \/>\nTinte sin amon\u00edaco<br \/>\nLibre de Crueldad<br \/>\nKosher<br \/>\nSin gluten<br \/>\nVegano<br \/>\nSemi-permanente<br \/>\nSin parabenos<br \/>\nColores intensos y divertidos que se desvanecen en aproximadamente 7 lavados.<br \/>\nApl\u00edcalo sobre una base decolorada a una altura de 9 para obtener colores s\u00faper vibrantes y definidos.<\/p>\n<p>Rosa El\u00e9ctrico \/ Electric Rose<\/p>\n<p>Caja de 6 sobres, 50 g \/ 1.76 oz<\/p>","protected":false},"featured_media":49702,"comment_status":"closed","ping_status":"closed","template":"","meta":{"_acf_changed":false,"om_disable_all_campaigns":false,"_monsterinsights_skip_tracking":false,"_monsterinsights_sitenote_active":false,"_monsterinsights_sitenote_note":"","_monsterinsights_sitenote_category":0},"etheme_brands":[],"product_brand":[],"product_cat":[8819,8802,4453],"product_tag":[721,3974,3299,6501,8764,3177,8745,8769,3014,456,8773,8771,68,8746,3991,3863,8766,8767,278,3298,747,3931,183,473,4089,47,3672,199,8763,3205,5347,3411,722,977,8772,8748,8749,5691,8228,784,652,651,1003,3673],"class_list":{"0":"post-49703","1":"product","2":"type-product","3":"status-publish","4":"has-post-thumbnail","6":"product_cat-farmacia","7":"product_cat-salud-y-belleza-sin-tacc","8":"product_cat-salud-y-belleza-vegana","9":"product_tag-721","10":"product_tag-animal","11":"product_tag-boy","12":"product_tag-capilar","13":"product_tag-cielo","14":"product_tag-color","15":"product_tag-coloracion","16":"product_tag-coloring","17":"product_tag-cream","18":"product_tag-crema","19":"product_tag-crueldad","20":"product_tag-cruelty","21":"product_tag-de","22":"product_tag-dye","23":"product_tag-electric","24":"product_tag-electrico","25":"product_tag-fantasia","26":"product_tag-fantasy","27":"product_tag-free","28":"product_tag-girl","29":"product_tag-gluten","30":"product_tag-hair","31":"product_tag-hombre","32":"product_tag-kosher","33":"product_tag-libre","34":"product_tag-man","35":"product_tag-men","36":"product_tag-mujer","37":"product_tag-otowil","38":"product_tag-rosa","39":"product_tag-rose","40":"product_tag-sachets","41":"product_tag-six","42":"product_tag-sobres","43":"product_tag-tac","44":"product_tag-tenir","45":"product_tag-tenirse","46":"product_tag-tintura","47":"product_tag-unidad","48":"product_tag-unidades","49":"product_tag-vegan","50":"product_tag-vegano","51":"product_tag-woman","52":"product_tag-women","54":"first","55":"instock","56":"taxable","57":"shipping-taxable","58":"purchasable","59":"product-type-simple"},"acf":[],"aioseo_notices":[],"_links":{"self":[{"href":"https:\/\/www.argensend.com\/en\/wp-json\/wp\/v2\/product\/49703","targetHints":{"allow":["GET"]}}],"collection":[{"href":"https:\/\/www.argensend.com\/en\/wp-json\/wp\/v2\/product"}],"about":[{"href":"https:\/\/www.argensend.com\/en\/wp-json\/wp\/v2\/types\/product"}],"replies":[{"embeddable":true,"href":"https:\/\/www.argensend.com\/en\/wp-json\/wp\/v2\/comments?post=49703"}],"version-history":[{"count":2,"href":"https:\/\/www.argensend.com\/en\/wp-json\/wp\/v2\/product\/49703\/revisions"}],"predecessor-version":[{"id":103831,"href":"https:\/\/www.argensend.com\/en\/wp-json\/wp\/v2\/product\/49703\/revisions\/103831"}],"wp:featuredmedia":[{"embeddable":true,"href":"https:\/\/www.argensend.com\/en\/wp-json\/wp\/v2\/media\/49702"}],"wp:attachment":[{"href":"https:\/\/www.argensend.com\/en\/wp-json\/wp\/v2\/media?parent=49703"}],"wp:term":[{"taxonomy":"brand","embeddable":true,"href":"https:\/\/www.argensend.com\/en\/wp-json\/wp\/v2\/etheme_brands?post=49703"},{"taxonomy":"product_brand","embeddable":true,"href":"https:\/\/www.argensend.com\/en\/wp-json\/wp\/v2\/product_brand?post=49703"},{"taxonomy":"product_cat","embeddable":true,"href":"https:\/\/www.argensend.com\/en\/wp-json\/wp\/v2\/product_cat?post=49703"},{"taxonomy":"product_tag","embeddable":true,"href":"https:\/\/www.argensend.com\/en\/wp-json\/wp\/v2\/product_tag?post=49703"}],"curies":[{"name":"wp","href":"https:\/\/api.w.org\/{rel}","templated":true}]}}