{"id":49978,"date":"2022-05-13T10:01:22","date_gmt":"2022-05-13T13:01:22","guid":{"rendered":"https:\/\/www.argensend.com\/?post_type=product&#038;p=49978"},"modified":"2024-12-06T16:28:24","modified_gmt":"2024-12-06T19:28:24","slug":"sedal-shampoo-liso-perfecto-340-ml-perfect-smooth-shampoo-340-ml","status":"publish","type":"product","link":"https:\/\/www.argensend.com\/en\/product\/sedal-shampoo-liso-perfecto-340-ml-perfect-smooth-shampoo-340-ml\/","title":{"rendered":"Sedal &#8211; Shampoo Liso Perfecto 340ml"},"content":{"rendered":"<p><strong>Modo De Uso<\/strong>: Col\u00f3calo En La Mano, Apl\u00edcalo Sobre El Cabello, Masajea Suavemente Y Luego Enjuaga.<br \/>\n<strong>Advertencias<\/strong>: No Ingerir. Evite El Contacto Con Los Ojos. En Caso De Contacto Accidental, Enju\u00e1guelos Con Abundante Agua Fr\u00eda. Discontinuar Su Uso Si Aparecen S\u00edntomas De Irritaci\u00f3n U Otra Reacci\u00f3n Desfavorable.<\/p>\n<p>\u2026\u2026\u2026\u2026\u2026\u2026\u2026\u2026\u2026\u2026\u2026\u2026\u2026\u2026\u2026\u2026\u2026\u2026\u2026\u2026\u2026\u2026\u2026\u2026\u2026\u2026\u2026\u2026.<\/p>\n<p><strong>How to use<\/strong>: Place in hand, apply on hair, massage gently and then rinse.<br \/>\n<strong>Warnings<\/strong>: Do Not Ingest. Avoid Contact With Eyes. In case of accidental contact, rinse with plenty of cold water. Discontinue Use If Symptoms Of Irritation Or Other Unfavorable Reaction Appear.<\/p>","protected":false},"excerpt":{"rendered":"<p>La F\u00f3rmula Exclusiva Del Shampoo Sedal Liso Perfecto, Con Prote\u00ednas De Seda, Act\u00faa D\u00e1ndole Vida Al Cabello Liso, Bloqueando Y Alineando Las Fibras Sin Quitarle Movimiento Al Pelo. Cabello Brillante, Sedoso Y Lleno De Movimiento*. Es F\u00e1cil Lograr Un Lacio M\u00e1s Sedoso. Suma A Tu Rutina El Acondicionador Sedal Liso Perfecto. Los Tratamientos Acondicionadores Sedal Act\u00faan Como Un Escudo Diario, Protegiendo Tu Pelo Contra 7 Factores De Da\u00f1o Para Que Tu Pelo, Como Vos, Puedan Ir A Todos Lados.<\/p>\n<p>\u2026\u2026\u2026\u2026\u2026\u2026\u2026\u2026\u2026\u2026\u2026\u2026\u2026\u2026\u2026\u2026\u2026\u2026\u2026\u2026\u2026\u2026\u2026\u2026\u2026\u2026\u2026\u2026.<\/p>\n<p>The exclusive formula of Sedal Perfect Straight Shampoo, with Silk Proteins, works to give life to straight hair, blocking and aligning the fibers without taking away hair movement. Shiny, silky and full of movement*. It&#8217;s Easy To Achieve A Silkier Straight. Add Sedal Perfect Straight Conditioner to your routine. Sedal Conditioning Treatments act like a daily shield, protecting your hair against 7 Damage Factors so your hair, like you, can go everywhere.<\/p>","protected":false},"featured_media":49981,"comment_status":"closed","ping_status":"closed","template":"","meta":{"_acf_changed":false,"om_disable_all_campaigns":false,"_monsterinsights_skip_tracking":false,"_monsterinsights_sitenote_active":false,"_monsterinsights_sitenote_note":"","_monsterinsights_sitenote_category":0},"etheme_brands":[],"product_brand":[],"product_cat":[8820],"product_tag":[8840,203,234,224,6325,8775,8751,3925,6414],"class_list":{"0":"post-49978","1":"product","2":"type-product","3":"status-publish","4":"has-post-thumbnail","6":"product_cat-jabones-y-shampoo","7":"product_tag-340-ml","8":"product_tag-argentina","9":"product_tag-argentine","10":"product_tag-argentino","11":"product_tag-liso","12":"product_tag-perfecto","13":"product_tag-sedal","14":"product_tag-shampoo","15":"product_tag-smooth","17":"first","18":"instock","19":"taxable","20":"shipping-taxable","21":"purchasable","22":"product-type-simple"},"acf":[],"aioseo_notices":[],"_links":{"self":[{"href":"https:\/\/www.argensend.com\/en\/wp-json\/wp\/v2\/product\/49978","targetHints":{"allow":["GET"]}}],"collection":[{"href":"https:\/\/www.argensend.com\/en\/wp-json\/wp\/v2\/product"}],"about":[{"href":"https:\/\/www.argensend.com\/en\/wp-json\/wp\/v2\/types\/product"}],"replies":[{"embeddable":true,"href":"https:\/\/www.argensend.com\/en\/wp-json\/wp\/v2\/comments?post=49978"}],"version-history":[{"count":3,"href":"https:\/\/www.argensend.com\/en\/wp-json\/wp\/v2\/product\/49978\/revisions"}],"predecessor-version":[{"id":103853,"href":"https:\/\/www.argensend.com\/en\/wp-json\/wp\/v2\/product\/49978\/revisions\/103853"}],"wp:featuredmedia":[{"embeddable":true,"href":"https:\/\/www.argensend.com\/en\/wp-json\/wp\/v2\/media\/49981"}],"wp:attachment":[{"href":"https:\/\/www.argensend.com\/en\/wp-json\/wp\/v2\/media?parent=49978"}],"wp:term":[{"taxonomy":"brand","embeddable":true,"href":"https:\/\/www.argensend.com\/en\/wp-json\/wp\/v2\/etheme_brands?post=49978"},{"taxonomy":"product_brand","embeddable":true,"href":"https:\/\/www.argensend.com\/en\/wp-json\/wp\/v2\/product_brand?post=49978"},{"taxonomy":"product_cat","embeddable":true,"href":"https:\/\/www.argensend.com\/en\/wp-json\/wp\/v2\/product_cat?post=49978"},{"taxonomy":"product_tag","embeddable":true,"href":"https:\/\/www.argensend.com\/en\/wp-json\/wp\/v2\/product_tag?post=49978"}],"curies":[{"name":"wp","href":"https:\/\/api.w.org\/{rel}","templated":true}]}}