{"id":49983,"date":"2022-05-11T10:22:47","date_gmt":"2022-05-11T13:22:47","guid":{"rendered":"https:\/\/www.argensend.com\/?post_type=product&#038;p=49983"},"modified":"2024-12-06T16:28:25","modified_gmt":"2024-12-06T19:28:25","slug":"sedal-shampoo-rizos-definidos-340-ml-curl-defined-shampoo-340-ml","status":"publish","type":"product","link":"https:\/\/www.argensend.com\/en\/product\/sedal-shampoo-rizos-definidos-340-ml-curl-defined-shampoo-340-ml\/","title":{"rendered":"Sedal &#8211; Shampoo Rizos Definidos 340ml"},"content":{"rendered":"<p><strong>Modo De Uso<\/strong>: Col\u00f3calo En La Mano, Apl\u00edcalo Sobre El Cabello, Refuerza En Las Puntas, Masajea Suavemente Y Luego Enjuaga.<br \/>\n<strong>Advertencias<\/strong>: No Ingerir. Evite El Contacto Con Los Ojos. En Caso De Contacto Accidental, Enju\u00e1guelos Con Abundante Agua Fr\u00eda. Discontinuar Su Uso Si Aparecen S\u00edntomas De Irritaci\u00f3n U Otra Reacci\u00f3n Desfavorable.<\/p>\n<p>\u2026\u2026\u2026\u2026\u2026\u2026\u2026\u2026\u2026\u2026\u2026\u2026\u2026\u2026\u2026\u2026\u2026\u2026\u2026\u2026\u2026\u2026\u2026\u2026\u2026\u2026\u2026\u2026.<\/p>\n<p><strong>How To Use<\/strong>: Place in the hand, apply on the hair, strengthen the ends, massage gently and then rinse.<br \/>\n<strong>Warnings<\/strong>: Do Not Ingest. Avoid Contact With Eyes. In case of accidental contact, rinse with plenty of cold water. Discontinue Use If Symptoms Of Irritation Or Other Unfavorable Reaction Appear.<\/p>","protected":false},"excerpt":{"rendered":"<p>El Shampoo Sedal Rizos Definidos Contiene La Exclusiva F\u00f3rmula Con Tecnolog\u00eda Nutri-Fijadora De Rizos, Nutre En Profundidad, Reduciendo El Frizz Y Manteniendo El Volumen (Con El Uso De Shampoo Y Acondicionador Vs. Shampoo Sin Agente Acondicionantes) \u00a1El Pelo Con Rulos Se Ve Incre\u00edble Cuando Est\u00e1 Sano! Es Importante Que Est\u00e9n Definidos Para Darles Libertad De Movimiento. Deja Que Tu Pelo Se Vea Y Sienta Incre\u00edble Con Nuestro Shampoo De Uso Diario. Los Productos Para El Pelo Sedal Act\u00faan Como Un Escudo Diario, Protegiendo Tu Pelo Contra 7 Factores De Da\u00f1o Para Que Tu Cabello, Como Vos, Puedan Ir A Todos Lados.<\/p>\n<p>\u2026\u2026\u2026\u2026\u2026\u2026\u2026\u2026\u2026\u2026\u2026\u2026\u2026\u2026\u2026\u2026\u2026\u2026\u2026\u2026\u2026\u2026\u2026\u2026\u2026\u2026\u2026\u2026.<\/p>\n<p>Sedal Curls Defined Shampoo contains the exclusive Curl Nourishing Technology Formula that deeply nourishes, reduces frizz and maintains volume (using shampoo and conditioner vs. shampoo without conditioning agent). Curly hair looks amazing when it&#8217;s healthy! It&#8217;s important that they are defined to give them freedom of movement. Let your hair look and feel amazing with our Everyday Shampoo. Sedal Hair Products act as a daily shield, protecting your hair against 7 Damage Factors so your hair, like you, can go everywhere.<\/p>","protected":false},"featured_media":49986,"comment_status":"closed","ping_status":"closed","template":"","meta":{"_acf_changed":false,"om_disable_all_campaigns":false,"_monsterinsights_skip_tracking":false,"_monsterinsights_sitenote_active":false,"_monsterinsights_sitenote_note":"","_monsterinsights_sitenote_category":0},"etheme_brands":[],"product_brand":[],"product_cat":[8820],"product_tag":[8840,203,234,224,8778,8779,8777,8776,8751,3925],"class_list":{"0":"post-49983","1":"product","2":"type-product","3":"status-publish","4":"has-post-thumbnail","6":"product_cat-jabones-y-shampoo","7":"product_tag-340-ml","8":"product_tag-argentina","9":"product_tag-argentine","10":"product_tag-argentino","11":"product_tag-curl","12":"product_tag-defined","13":"product_tag-definidos","14":"product_tag-rizos","15":"product_tag-sedal","16":"product_tag-shampoo","18":"first","19":"instock","20":"taxable","21":"shipping-taxable","22":"purchasable","23":"product-type-simple"},"acf":[],"aioseo_notices":[],"_links":{"self":[{"href":"https:\/\/www.argensend.com\/en\/wp-json\/wp\/v2\/product\/49983","targetHints":{"allow":["GET"]}}],"collection":[{"href":"https:\/\/www.argensend.com\/en\/wp-json\/wp\/v2\/product"}],"about":[{"href":"https:\/\/www.argensend.com\/en\/wp-json\/wp\/v2\/types\/product"}],"replies":[{"embeddable":true,"href":"https:\/\/www.argensend.com\/en\/wp-json\/wp\/v2\/comments?post=49983"}],"version-history":[{"count":3,"href":"https:\/\/www.argensend.com\/en\/wp-json\/wp\/v2\/product\/49983\/revisions"}],"predecessor-version":[{"id":103854,"href":"https:\/\/www.argensend.com\/en\/wp-json\/wp\/v2\/product\/49983\/revisions\/103854"}],"wp:featuredmedia":[{"embeddable":true,"href":"https:\/\/www.argensend.com\/en\/wp-json\/wp\/v2\/media\/49986"}],"wp:attachment":[{"href":"https:\/\/www.argensend.com\/en\/wp-json\/wp\/v2\/media?parent=49983"}],"wp:term":[{"taxonomy":"brand","embeddable":true,"href":"https:\/\/www.argensend.com\/en\/wp-json\/wp\/v2\/etheme_brands?post=49983"},{"taxonomy":"product_brand","embeddable":true,"href":"https:\/\/www.argensend.com\/en\/wp-json\/wp\/v2\/product_brand?post=49983"},{"taxonomy":"product_cat","embeddable":true,"href":"https:\/\/www.argensend.com\/en\/wp-json\/wp\/v2\/product_cat?post=49983"},{"taxonomy":"product_tag","embeddable":true,"href":"https:\/\/www.argensend.com\/en\/wp-json\/wp\/v2\/product_tag?post=49983"}],"curies":[{"name":"wp","href":"https:\/\/api.w.org\/{rel}","templated":true}]}}