{"id":50251,"date":"2022-05-24T11:49:19","date_gmt":"2022-05-24T14:49:19","guid":{"rendered":"https:\/\/www.argensend.com\/?post_type=product&#038;p=50251"},"modified":"2024-12-06T16:28:41","modified_gmt":"2024-12-06T19:28:41","slug":"sedal-crema-para-peinar-ceramidas-300-ml-ceramide-styling-cream-300-ml","status":"publish","type":"product","link":"https:\/\/www.argensend.com\/en\/product\/sedal-crema-para-peinar-ceramidas-300-ml-ceramide-styling-cream-300-ml\/","title":{"rendered":"Sedal &#8211; Crema para Peinar Ceramidas 300ml"},"content":{"rendered":"<p><strong>Modo De Uso<\/strong>: Col\u00f3cala Sobre El Cabello H\u00famedo. P\u00e9inalo Y Mod\u00e9lalo Como De Costumbre. No Necesita Enjuague. No Ingerir. Evite El Contacto Con Los Ojos. En Caso De Contacto Accidental, Enju\u00e1guelos Con Abundante Agua Fr\u00eda. Discontinuar Su Uso Si Aparecen S\u00edntomas De Irritaci\u00f3n U Otra Reacci\u00f3n Desfavorable.*Mayor Resistencia Debido Al Quiebre Con El Uso De La L\u00ednea Completa Sedal Ceramidas.<\/p>\n<p>\u2026\u2026\u2026\u2026\u2026\u2026\u2026\u2026\u2026\u2026\u2026\u2026\u2026\u2026\u2026\u2026\u2026\u2026\u2026\u2026\u2026\u2026\u2026\u2026\u2026\u2026<\/p>\n<p><strong>How To Use<\/strong>: Apply to damp hair. Comb and style as usual. No Rinse Needed. Do Not Ingest. Avoid Eye Contact. In case of accidental contact, rinse with plenty of cold water. Discontinue Use If Symptoms Of Irritation Or Other Unfavorable Reaction Appear. *Increased Resistance Due To Breakage With The Use Of The Complete Line Sedal Ceramides<\/p>","protected":false},"excerpt":{"rendered":"<p>\u00bfEst\u00e1s Preparada Para Brillar? Con Sedal Ceramidas Podes Darle Un Brillo Extra A Tu Pelo \u00a1Para Que Est\u00e9s Deslumbrante! La F\u00f3rmula Exclusiva De La Crema Para Peinar Sedal Ceramidas, Con Micro Ceramida Complex, Envuelve Suavemente Las Fibras De Tu Cabello, D\u00e1ndoles Mayor Fuerza* Y Un Brillo Extra. Deja Que Tu Pelo Se Vea Y Sienta Incre\u00edble Con Nuestro Acondicionador Diario.Si Buscas Pelo Suave Y Manejable, Usa Nuestras Cremas Para Peinar.<\/p>\n<p>\u2026\u2026\u2026\u2026\u2026\u2026\u2026\u2026\u2026\u2026\u2026\u2026\u2026\u2026\u2026\u2026\u2026\u2026\u2026\u2026\u2026\u2026\u2026\u2026\u2026\u2026<\/p>\n<p>Ready to Shine? With Sedal Ceramides You Can Give Your Hair Extra Shine So You Can Dazzle! Sedal Ceramide Styling Cream&#8217;s exclusive formula, with Micro Ceramide Complex, gently wraps your hair fibers, giving them extra strength* and extra shine. Let your hair look and feel amazing with our daily conditioner. If you&#8217;re looking for soft, manageable hair, use our styling creams.<\/p>","protected":false},"featured_media":50253,"comment_status":"closed","ping_status":"closed","template":"","meta":{"_acf_changed":false,"om_disable_all_campaigns":false,"_monsterinsights_skip_tracking":false,"_monsterinsights_sitenote_active":false,"_monsterinsights_sitenote_note":"","_monsterinsights_sitenote_category":0},"etheme_brands":[],"product_brand":[],"product_cat":[8820],"product_tag":[8848,203,234,224,7709,8770,3014,456,8849,8751,8850],"class_list":{"0":"post-50251","1":"product","2":"type-product","3":"status-publish","4":"has-post-thumbnail","6":"product_cat-jabones-y-shampoo","7":"product_tag-300-ml","8":"product_tag-argentina","9":"product_tag-argentine","10":"product_tag-argentino","11":"product_tag-ceramidas","12":"product_tag-ceramides","13":"product_tag-cream","14":"product_tag-crema","15":"product_tag-peinar","16":"product_tag-sedal","17":"product_tag-styling","19":"first","20":"instock","21":"taxable","22":"shipping-taxable","23":"purchasable","24":"product-type-simple"},"acf":[],"aioseo_notices":[],"_links":{"self":[{"href":"https:\/\/www.argensend.com\/en\/wp-json\/wp\/v2\/product\/50251","targetHints":{"allow":["GET"]}}],"collection":[{"href":"https:\/\/www.argensend.com\/en\/wp-json\/wp\/v2\/product"}],"about":[{"href":"https:\/\/www.argensend.com\/en\/wp-json\/wp\/v2\/types\/product"}],"replies":[{"embeddable":true,"href":"https:\/\/www.argensend.com\/en\/wp-json\/wp\/v2\/comments?post=50251"}],"version-history":[{"count":4,"href":"https:\/\/www.argensend.com\/en\/wp-json\/wp\/v2\/product\/50251\/revisions"}],"predecessor-version":[{"id":107421,"href":"https:\/\/www.argensend.com\/en\/wp-json\/wp\/v2\/product\/50251\/revisions\/107421"}],"wp:featuredmedia":[{"embeddable":true,"href":"https:\/\/www.argensend.com\/en\/wp-json\/wp\/v2\/media\/50253"}],"wp:attachment":[{"href":"https:\/\/www.argensend.com\/en\/wp-json\/wp\/v2\/media?parent=50251"}],"wp:term":[{"taxonomy":"brand","embeddable":true,"href":"https:\/\/www.argensend.com\/en\/wp-json\/wp\/v2\/etheme_brands?post=50251"},{"taxonomy":"product_brand","embeddable":true,"href":"https:\/\/www.argensend.com\/en\/wp-json\/wp\/v2\/product_brand?post=50251"},{"taxonomy":"product_cat","embeddable":true,"href":"https:\/\/www.argensend.com\/en\/wp-json\/wp\/v2\/product_cat?post=50251"},{"taxonomy":"product_tag","embeddable":true,"href":"https:\/\/www.argensend.com\/en\/wp-json\/wp\/v2\/product_tag?post=50251"}],"curies":[{"name":"wp","href":"https:\/\/api.w.org\/{rel}","templated":true}]}}