{"id":50256,"date":"2022-05-14T11:52:40","date_gmt":"2022-05-14T14:52:40","guid":{"rendered":"https:\/\/www.argensend.com\/?post_type=product&#038;p=50256"},"modified":"2024-12-06T16:28:41","modified_gmt":"2024-12-06T19:28:41","slug":"sedal-crema-para-peinar-rizos-definidos-300-ml-defined-curls-styling-cream-300-ml","status":"publish","type":"product","link":"https:\/\/www.argensend.com\/en\/product\/sedal-crema-para-peinar-rizos-definidos-300-ml-defined-curls-styling-cream-300-ml\/","title":{"rendered":"Sedal &#8211; Crema para Peinar Rizos Definidos 300ml"},"content":{"rendered":"<p><strong>Modo De Uso<\/strong>: Col\u00f3cala Sobre El Cabello H\u00famedo. P\u00e9inalo Y Mod\u00e9lalo Como De Costumbre. No Necesita Enjuague. No Ingerir. Evite El Contacto Con Los Ojos. En Caso De Contacto Accidental Enju\u00e1guelos Con Abundante Agua Fr\u00eda. Discontinuar Su Uso Si Aparecen S\u00edntomas De Irritaci\u00f3n U Otra Reacci\u00f3n Desfavorable.<\/p>\n<p>\u2026\u2026\u2026\u2026\u2026\u2026\u2026\u2026\u2026\u2026\u2026\u2026\u2026\u2026\u2026\u2026\u2026\u2026\u2026\u2026\u2026\u2026\u2026\u2026\u2026\u2026<\/p>\n<p><strong>How To Use<\/strong>: Apply to damp hair. Comb and style as usual. No Rinse Needed. Do Not Ingest. Avoid Contact With Eyes. In case of accidental contact, rinse with plenty of cold water. Discontinue Use If Symptoms Of Irritation Or Other Unfavorable Reaction Appear.<\/p>","protected":false},"excerpt":{"rendered":"<p>La Crema Para Peinar SEDAL Rizos Definidos, Contiene Microc\u00e1psulas Que Se Activan Cada Vez Que Toc\u00e1s Tu Pelo, Liberando Su Fragancia Y Manteniendo Tus Rulos Hidratados Durante 24 Horas. Hidrat\u00e1 Tus Rulos Dej\u00e1ndolos Controlados Durante El D\u00eda! Contiene Perlas De Fragancia Que Liberan Un Incre\u00edble Aroma Cada Vez Que Tocas Tu Pelo. \u00a1Reactiva Tu Look Y El Perfume Con Solo Un Toque! Nutre En Profundidad, Reduciendo El Frizz Y Manteniendo El Volumen.<\/p>\n<p>\u2026\u2026\u2026\u2026\u2026\u2026\u2026\u2026\u2026\u2026\u2026\u2026\u2026\u2026\u2026\u2026\u2026\u2026\u2026\u2026\u2026\u2026\u2026\u2026\u2026\u2026<\/p>\n<p>SEDAL Curls Defined Styling Cream contains microcapsules that are activated every time you touch your hair, releasing its fragrance and keeping your curls hydrated for 24 hours. Moisturize your curls and keep them under control throughout the day! Contains Fragrance Pearls that release an incredible scent every time you touch your hair, reactivating your look and fragrance with just a touch! Deeply nourishes, reducing frizz and maintaining volume.<\/p>","protected":false},"featured_media":50259,"comment_status":"closed","ping_status":"closed","template":"","meta":{"_acf_changed":false,"om_disable_all_campaigns":false,"_monsterinsights_skip_tracking":false,"_monsterinsights_sitenote_active":false,"_monsterinsights_sitenote_note":"","_monsterinsights_sitenote_category":0,"jetpack_post_was_ever_published":false},"etheme_brands":[],"product_brand":[],"product_cat":[8820],"product_tag":[8848,203,234,224,3014,456,8839,8779,8777,8849,8776,8751,8850],"class_list":{"0":"post-50256","1":"product","2":"type-product","3":"status-publish","4":"has-post-thumbnail","6":"product_cat-jabones-y-shampoo","7":"product_tag-300-ml","8":"product_tag-argentina","9":"product_tag-argentine","10":"product_tag-argentino","11":"product_tag-cream","12":"product_tag-crema","13":"product_tag-curls","14":"product_tag-defined","15":"product_tag-definidos","16":"product_tag-peinar","17":"product_tag-rizos","18":"product_tag-sedal","19":"product_tag-styling","21":"first","22":"instock","23":"taxable","24":"shipping-taxable","25":"purchasable","26":"product-type-simple"},"acf":[],"aioseo_notices":[],"jetpack_sharing_enabled":true,"_links":{"self":[{"href":"https:\/\/www.argensend.com\/en\/wp-json\/wp\/v2\/product\/50256","targetHints":{"allow":["GET"]}}],"collection":[{"href":"https:\/\/www.argensend.com\/en\/wp-json\/wp\/v2\/product"}],"about":[{"href":"https:\/\/www.argensend.com\/en\/wp-json\/wp\/v2\/types\/product"}],"replies":[{"embeddable":true,"href":"https:\/\/www.argensend.com\/en\/wp-json\/wp\/v2\/comments?post=50256"}],"version-history":[{"count":3,"href":"https:\/\/www.argensend.com\/en\/wp-json\/wp\/v2\/product\/50256\/revisions"}],"predecessor-version":[{"id":107422,"href":"https:\/\/www.argensend.com\/en\/wp-json\/wp\/v2\/product\/50256\/revisions\/107422"}],"wp:featuredmedia":[{"embeddable":true,"href":"https:\/\/www.argensend.com\/en\/wp-json\/wp\/v2\/media\/50259"}],"wp:attachment":[{"href":"https:\/\/www.argensend.com\/en\/wp-json\/wp\/v2\/media?parent=50256"}],"wp:term":[{"taxonomy":"brand","embeddable":true,"href":"https:\/\/www.argensend.com\/en\/wp-json\/wp\/v2\/etheme_brands?post=50256"},{"taxonomy":"product_brand","embeddable":true,"href":"https:\/\/www.argensend.com\/en\/wp-json\/wp\/v2\/product_brand?post=50256"},{"taxonomy":"product_cat","embeddable":true,"href":"https:\/\/www.argensend.com\/en\/wp-json\/wp\/v2\/product_cat?post=50256"},{"taxonomy":"product_tag","embeddable":true,"href":"https:\/\/www.argensend.com\/en\/wp-json\/wp\/v2\/product_tag?post=50256"}],"curies":[{"name":"wp","href":"https:\/\/api.w.org\/{rel}","templated":true}]}}