{"id":50718,"date":"2022-06-09T16:26:58","date_gmt":"2022-06-09T19:26:58","guid":{"rendered":"https:\/\/www.argensend.com\/?post_type=product&#038;p=50718"},"modified":"2025-04-21T17:04:31","modified_gmt":"2025-04-21T20:04:31","slug":"puratos-premezcla-cremy-4x4-x-5kg","status":"publish","type":"product","link":"https:\/\/www.argensend.com\/en\/product\/puratos-premezcla-cremy-4x4-x-5kg\/","title":{"rendered":"Puratos &#8211; Premezcla Cremy 4&#215;4 5kg"},"content":{"rendered":"","protected":false},"excerpt":{"rendered":"<div class=\"paragraph-fixed-typography-v2 paragraph-fixed-typography\">\n<div class=\"p-editor p-editor-paragraph-small\">\n<p>Crema pastelera instant\u00e1nea con estabilidad en el horneo ideal para panader\u00eda. Otorga excelente sabor y color al aplicarlas sobre facturas y roscas. Ideal para elaborar tambi\u00e9n Lemon Pie y Postrecitos.<\/p>\n<\/div>\n<\/div>\n<div class=\"checked-list-v2 checked-list\">\n<ul class=\"checked-list list-unstyled p-list-glyphicon p-list-check\">\n<li class=\"list-item\">Dosis de uso: 100%.<\/li>\n<li class=\"list-item\">Alta resistencia al horneado.<\/li>\n<li class=\"list-item\">No forma grietas.<\/li>\n<li class=\"list-item\">R\u00e1pida preparaci\u00f3n en fr\u00edo con agua o con leche.<\/li>\n<li class=\"list-item\">Buena estabilidad.<\/li>\n<\/ul>\n<\/div>\n<div class=\"show-hide-v2 show-hide\">\n<div id=\"read-more-4a5a3bef-4dc1-4dcc-8968-215b4c063b9e\" class=\"js-readmore collapse in\">\n<div class=\"customer-consumer-advantages-v2 customer-consumer-advantages\">\n<div class=\"p-editor checked-list\">\n<h3>Ventajas para el cliente<\/h3>\n<ul class=\"list-unstyled p-list-glyphicon p-list-check\">\n<li>R\u00e1pida elaboraci\u00f3n y de muy f\u00e1cil aplicaci\u00f3n manteniendo una calidad constante.<\/li>\n<li>Es un producto estable en el horno, ideal para facturas y roscas.<\/li>\n<\/ul>\n<\/div>\n<\/div>\n<div class=\"customer-consumer-advantages-v2 customer-consumer-advantages\">\n<div class=\"p-editor checked-list\">\n<h3>Ventajas para el consumidor<\/h3>\n<ul class=\"list-unstyled p-list-glyphicon p-list-check\">\n<li>Otorga excelente sabor y color al aplicarlas sobre roscas y facturas.<\/li>\n<\/ul>\n<\/div>\n<\/div>\n<\/div>\n<\/div>\n<p>Dimensi\u00f3n del embalaje: 5 kg<\/p>\n<p>Vida \u00fatil: 8 meses<\/p>","protected":false},"featured_media":50719,"comment_status":"closed","ping_status":"closed","template":"","meta":{"_acf_changed":false,"om_disable_all_campaigns":false,"_monsterinsights_skip_tracking":false,"_monsterinsights_sitenote_active":false,"_monsterinsights_sitenote_note":"","_monsterinsights_sitenote_category":0},"etheme_brands":[],"product_brand":[],"product_cat":[8797],"product_tag":[1831,1835,1650,7931,1829,1828,1833],"class_list":{"0":"post-50718","1":"product","2":"type-product","3":"status-publish","4":"has-post-thumbnail","6":"product_cat-premezclas","7":"product_tag-1831","8":"product_tag-25de-mayo","9":"product_tag-mayo","10":"product_tag-puratos","11":"product_tag-semana-de-mayo","12":"product_tag-semana-especial","13":"product_tag-semana-festiva","15":"first","16":"instock","17":"taxable","18":"shipping-taxable","19":"purchasable","20":"product-type-simple"},"acf":[],"aioseo_notices":[],"_links":{"self":[{"href":"https:\/\/www.argensend.com\/en\/wp-json\/wp\/v2\/product\/50718","targetHints":{"allow":["GET"]}}],"collection":[{"href":"https:\/\/www.argensend.com\/en\/wp-json\/wp\/v2\/product"}],"about":[{"href":"https:\/\/www.argensend.com\/en\/wp-json\/wp\/v2\/types\/product"}],"replies":[{"embeddable":true,"href":"https:\/\/www.argensend.com\/en\/wp-json\/wp\/v2\/comments?post=50718"}],"version-history":[{"count":3,"href":"https:\/\/www.argensend.com\/en\/wp-json\/wp\/v2\/product\/50718\/revisions"}],"predecessor-version":[{"id":104607,"href":"https:\/\/www.argensend.com\/en\/wp-json\/wp\/v2\/product\/50718\/revisions\/104607"}],"wp:featuredmedia":[{"embeddable":true,"href":"https:\/\/www.argensend.com\/en\/wp-json\/wp\/v2\/media\/50719"}],"wp:attachment":[{"href":"https:\/\/www.argensend.com\/en\/wp-json\/wp\/v2\/media?parent=50718"}],"wp:term":[{"taxonomy":"brand","embeddable":true,"href":"https:\/\/www.argensend.com\/en\/wp-json\/wp\/v2\/etheme_brands?post=50718"},{"taxonomy":"product_brand","embeddable":true,"href":"https:\/\/www.argensend.com\/en\/wp-json\/wp\/v2\/product_brand?post=50718"},{"taxonomy":"product_cat","embeddable":true,"href":"https:\/\/www.argensend.com\/en\/wp-json\/wp\/v2\/product_cat?post=50718"},{"taxonomy":"product_tag","embeddable":true,"href":"https:\/\/www.argensend.com\/en\/wp-json\/wp\/v2\/product_tag?post=50718"}],"curies":[{"name":"wp","href":"https:\/\/api.w.org\/{rel}","templated":true}]}}