{"id":50829,"date":"2022-06-15T16:28:26","date_gmt":"2022-06-15T19:28:26","guid":{"rendered":"https:\/\/www.argensend.com\/?post_type=product&#038;p=50829"},"modified":"2024-12-06T16:28:56","modified_gmt":"2024-12-06T19:28:56","slug":"gustavo-adolfo-udry-la-ultima-hazana-de-fangio-los-torino-en-nurburgring-reading-book-fangios-last-feat-the-torino-at-the-nurburgring-by-gustavo-adolfo-udry","status":"publish","type":"product","link":"https:\/\/www.argensend.com\/en\/product\/gustavo-adolfo-udry-la-ultima-hazana-de-fangio-los-torino-en-nurburgring-reading-book-fangios-last-feat-the-torino-at-the-nurburgring-by-gustavo-adolfo-udry\/","title":{"rendered":"Gustavo Adolfo Udry &#8211; la Ultima Haza\u00f1a de Fangio : Los Torino en N\u00fcrburgring"},"content":{"rendered":"<p>\u201cEl relato de Gustavo Udry, apasionado de las carreras de autos desde su infancia, sigue paso a paso el desarrollo del Torino, hasta su bautismo de fuego en el circuito de N\u00fcrburgring (Alemania). All\u00ed se trataba de competir con las marcas m\u00e1s famosas y los pilotos m\u00e1s avezados del mundo, en uno de los circuitos m\u00e1s exigentes de Europa. Juan Manuel Fangio, el qu\u00edntuple campe\u00f3n, encabez\u00f3 al equipo integrado por veh\u00edculos, pilotos y mec\u00e1nicos argentinos, de brillante desempe\u00f1o en la prueba.<\/p>\n<p>Las p\u00e1ginas de La \u00faltima haza\u00f1a de Fangio: los Torino en N\u00fcrburgring transmiten con emoci\u00f3n, buen conocimiento del tema y un dejo de nostalgia, las peripecias de los t\u00e9cnicos y de los deportistas comprometidos en la aventura, que mostraron en las 84 horas de N\u00fcrburgring una faceta poco conocida del pa\u00eds, y dieron soluci\u00f3n a los varios desaf\u00edos que se les planteaban, con ingenio, tenacidad y buen humor.\u201d<\/p>\n<p>\u2026\u2026\u2026\u2026\u2026\u2026\u2026\u2026\u2026\u2026\u2026\u2026\u2026\u2026\u2026\u2026\u2026\u2026\u2026\u2026\u2026\u2026\u2026\u2026\u2026\u2026\u2026\u2026\u2026\u2026\u2026\u2026\u2026\u2026\u2026\u2026\u2026<\/p>\n<p>&#8220;The story of Gustavo Udry, passionate about car racing since his childhood, follows step by step the development of the Torino, up to its baptism of fire at the N\u00fcrburgring circuit (Germany). There he had to compete with the most famous brands and the most experienced drivers in the world, in one of the most demanding circuits in Europe. Juan Manuel Fangio, the five-time champion, led the team made up of Argentine vehicles, drivers and mechanics, who performed brilliantly in the race.<\/p>\n<p>The pages of La \u00faltima haza\u00f1a de Fangio: los Torino en N\u00fcrburgring transmit with emotion, good knowledge of the subject and a touch of nostalgia, the vicissitudes of the technicians and sportsmen committed to the adventure, who showed in the 84 hours of N\u00fcrburgring a little known facet of the country, and gave solutions to the various challenges they faced, with ingenuity, tenacity and good humor&#8221;.<\/p>","protected":false},"excerpt":{"rendered":"<p>\u201cEl relato de Gustavo Udry, apasionado de las carreras de autos desde su infancia, sigue paso a paso el desarrollo del Torino, hasta su bautismo&#8230;<\/p>","protected":false},"featured_media":50830,"comment_status":"closed","ping_status":"closed","template":"","meta":{"_acf_changed":false,"om_disable_all_campaigns":false,"_monsterinsights_skip_tracking":false,"_monsterinsights_sitenote_active":false,"_monsterinsights_sitenote_note":"","_monsterinsights_sitenote_category":0},"etheme_brands":[],"product_brand":[],"product_cat":[685],"product_tag":[203,234,224,755,8942,8943,8947,8945,3749,4725,752,8946,4726,7104,8944],"class_list":{"0":"post-50829","1":"product","2":"type-product","3":"status-publish","4":"has-post-thumbnail","6":"product_cat-libros","7":"product_tag-argentina","8":"product_tag-argentine","9":"product_tag-argentino","10":"product_tag-book","11":"product_tag-fangio","12":"product_tag-feat","13":"product_tag-gustavo-adolfo-udry","14":"product_tag-hazana","15":"product_tag-last","16":"product_tag-lectura","17":"product_tag-libro","18":"product_tag-nurburgring","19":"product_tag-reading","20":"product_tag-torino","21":"product_tag-ultima","23":"first","24":"instock","25":"taxable","26":"shipping-taxable","27":"purchasable","28":"product-type-simple"},"acf":[],"aioseo_notices":[],"_links":{"self":[{"href":"https:\/\/www.argensend.com\/en\/wp-json\/wp\/v2\/product\/50829","targetHints":{"allow":["GET"]}}],"collection":[{"href":"https:\/\/www.argensend.com\/en\/wp-json\/wp\/v2\/product"}],"about":[{"href":"https:\/\/www.argensend.com\/en\/wp-json\/wp\/v2\/types\/product"}],"replies":[{"embeddable":true,"href":"https:\/\/www.argensend.com\/en\/wp-json\/wp\/v2\/comments?post=50829"}],"version-history":[{"count":3,"href":"https:\/\/www.argensend.com\/en\/wp-json\/wp\/v2\/product\/50829\/revisions"}],"predecessor-version":[{"id":107186,"href":"https:\/\/www.argensend.com\/en\/wp-json\/wp\/v2\/product\/50829\/revisions\/107186"}],"wp:featuredmedia":[{"embeddable":true,"href":"https:\/\/www.argensend.com\/en\/wp-json\/wp\/v2\/media\/50830"}],"wp:attachment":[{"href":"https:\/\/www.argensend.com\/en\/wp-json\/wp\/v2\/media?parent=50829"}],"wp:term":[{"taxonomy":"brand","embeddable":true,"href":"https:\/\/www.argensend.com\/en\/wp-json\/wp\/v2\/etheme_brands?post=50829"},{"taxonomy":"product_brand","embeddable":true,"href":"https:\/\/www.argensend.com\/en\/wp-json\/wp\/v2\/product_brand?post=50829"},{"taxonomy":"product_cat","embeddable":true,"href":"https:\/\/www.argensend.com\/en\/wp-json\/wp\/v2\/product_cat?post=50829"},{"taxonomy":"product_tag","embeddable":true,"href":"https:\/\/www.argensend.com\/en\/wp-json\/wp\/v2\/product_tag?post=50829"}],"curies":[{"name":"wp","href":"https:\/\/api.w.org\/{rel}","templated":true}]}}