{"id":50999,"date":"2022-06-23T10:30:23","date_gmt":"2022-06-23T13:30:23","guid":{"rendered":"https:\/\/www.argensend.com\/?post_type=product&#038;p=50999"},"modified":"2024-12-06T16:28:58","modified_gmt":"2024-12-06T19:28:58","slug":"capilatis-acondicionador-anti-piojos-500-ml-lice-prevention-conditioner-16-91-oz","status":"publish","type":"product","link":"https:\/\/www.argensend.com\/en\/product\/capilatis-acondicionador-anti-piojos-500-ml-lice-prevention-conditioner-16-91-oz\/","title":{"rendered":"Capilatis &#8211; Acondicionador Anti Piojos 500ml"},"content":{"rendered":"","protected":false},"excerpt":{"rendered":"<section class=\"product-description-container\">\n<div class=\"product-description active\">\n<div class=\"productDescription\">\n<p>Nombre: Enjuague Desenredante Capilatis x 500 ml<\/p>\n<p>Descripci\u00f3n:<br \/>\nDesenredante Capilatis a base de Palo Amargo ayudan a evitar la presencia de piojos. Sus ingredientes han sido cuidadosamente seleccionados para no agredir al cabello permitiendo su uso frecuente, dej\u00e1ndolo suave, brillante y protegido. F\u00f3rmulas sin pediculicidas qu\u00edmicos.<\/p>\n<p>&#8211;<\/p>\n<p><em>EN:<br \/>\n<\/em>Name: Capilatis Detangling Rinse x 500 ml<br \/>\n<em><br \/>\n<\/em>Description:<br \/>\nCapilatis detangler based on Palo Amargo help to prevent the presence of lice. Its ingredients have been carefully selected so as not to damage the hair, allowing frequent use, leaving it soft, shiny and protected. Formulas without chemical pediculicides.<\/p>\n<\/div>\n<\/div>\n<\/section>","protected":false},"featured_media":51004,"comment_status":"closed","ping_status":"closed","template":"","meta":{"_acf_changed":false,"om_disable_all_campaigns":false,"_monsterinsights_skip_tracking":false,"_monsterinsights_sitenote_active":false,"_monsterinsights_sitenote_note":"","_monsterinsights_sitenote_category":0},"etheme_brands":[],"product_brand":[],"product_cat":[8819,8820],"product_tag":[93,5427,6148,1863,3246,1612,6504,5230,8973,8974,4247,4257,8968,273,914,8967,8969,8972,807,4879],"class_list":{"0":"post-50999","1":"product","2":"type-product","3":"status-publish","4":"has-post-thumbnail","6":"product_cat-farmacia","7":"product_cat-jabones-y-shampoo","8":"product_tag-93","9":"product_tag-acondicionador","10":"product_tag-and","11":"product_tag-anti","12":"product_tag-beauty","13":"product_tag-belleza","14":"product_tag-conditioner","15":"product_tag-desenredante","16":"product_tag-detangling","17":"product_tag-enjuague","18":"product_tag-health","19":"product_tag-healthy","20":"product_tag-lice","21":"product_tag-mililitros","22":"product_tag-ml","23":"product_tag-piojos","24":"product_tag-prevention","25":"product_tag-rinse","26":"product_tag-salud","27":"product_tag-y","29":"first","30":"instock","31":"taxable","32":"shipping-taxable","33":"purchasable","34":"product-type-simple"},"acf":[],"aioseo_notices":[],"_links":{"self":[{"href":"https:\/\/www.argensend.com\/en\/wp-json\/wp\/v2\/product\/50999","targetHints":{"allow":["GET"]}}],"collection":[{"href":"https:\/\/www.argensend.com\/en\/wp-json\/wp\/v2\/product"}],"about":[{"href":"https:\/\/www.argensend.com\/en\/wp-json\/wp\/v2\/types\/product"}],"replies":[{"embeddable":true,"href":"https:\/\/www.argensend.com\/en\/wp-json\/wp\/v2\/comments?post=50999"}],"version-history":[{"count":2,"href":"https:\/\/www.argensend.com\/en\/wp-json\/wp\/v2\/product\/50999\/revisions"}],"predecessor-version":[{"id":103980,"href":"https:\/\/www.argensend.com\/en\/wp-json\/wp\/v2\/product\/50999\/revisions\/103980"}],"wp:featuredmedia":[{"embeddable":true,"href":"https:\/\/www.argensend.com\/en\/wp-json\/wp\/v2\/media\/51004"}],"wp:attachment":[{"href":"https:\/\/www.argensend.com\/en\/wp-json\/wp\/v2\/media?parent=50999"}],"wp:term":[{"taxonomy":"brand","embeddable":true,"href":"https:\/\/www.argensend.com\/en\/wp-json\/wp\/v2\/etheme_brands?post=50999"},{"taxonomy":"product_brand","embeddable":true,"href":"https:\/\/www.argensend.com\/en\/wp-json\/wp\/v2\/product_brand?post=50999"},{"taxonomy":"product_cat","embeddable":true,"href":"https:\/\/www.argensend.com\/en\/wp-json\/wp\/v2\/product_cat?post=50999"},{"taxonomy":"product_tag","embeddable":true,"href":"https:\/\/www.argensend.com\/en\/wp-json\/wp\/v2\/product_tag?post=50999"}],"curies":[{"name":"wp","href":"https:\/\/api.w.org\/{rel}","templated":true}]}}