{"id":51020,"date":"2022-06-23T13:10:06","date_gmt":"2022-06-23T16:10:06","guid":{"rendered":"https:\/\/www.argensend.com\/?post_type=product&#038;p=51020"},"modified":"2024-12-06T16:28:58","modified_gmt":"2024-12-06T19:28:58","slug":"capilatis-mascara-capilar-acido-hialuronico-170-gr-hyaluronic-acid-hair-mask-6-oz","status":"publish","type":"product","link":"https:\/\/www.argensend.com\/en\/product\/capilatis-mascara-capilar-acido-hialuronico-170-gr-hyaluronic-acid-hair-mask-6-oz\/","title":{"rendered":"Capilatis &#8211; M\u00e1scara Capilar Acido Hialur\u00f3nico 170gr"},"content":{"rendered":"<blockquote><p>&nbsp;<\/p><\/blockquote>","protected":false},"excerpt":{"rendered":"<p>Descripci\u00f3n:<br \/>\nMascarilla de reconstrucci\u00f3n intensiva que repara el cabello desde el interior, suavizando la cut\u00edcula y densificando la fibra capilar. Efecto hidro-nutritivo intenso que asegura un control total del frizz logrando un cabello flexible y disciplinado. F\u00f3rmula enriquecida con \u00c1cido Hialur\u00f3nico, Arginina y \u00c1cido L\u00e1ctico, componentes capaces de restaurar los niveles naturales de humedad del cabello y de expandir la fibra capilar. Esto permite que el cabello se torne m\u00e1s denso, luzca con m\u00e1s cuerpo y exprese un brillo absoluto, logrando as\u00ed un verdadero rejuvenecimiento capilar.<\/p>\n<p>&#8211;<\/p>\n<p><em>EN:<\/em><br \/>\nDescription:<br \/>\nIntensive reconstruction mask that repairs hair from the inside, smoothing the cuticle and densifying the hair fiber. Intense hydro-nourishing effect that ensures total control of frizz for flexible and disciplined hair. Formula enriched with Hyaluronic Acid, Arginine and Lactic Acid, components capable of restoring the hair&#8217;s natural moisture levels and expanding the hair fiber. This allows the hair to become denser, look fuller and express absolute shine, thus achieving true hair rejuvenation.<\/p>","protected":false},"featured_media":51021,"comment_status":"closed","ping_status":"closed","template":"","meta":{"_acf_changed":false,"om_disable_all_campaigns":false,"_monsterinsights_skip_tracking":false,"_monsterinsights_sitenote_active":false,"_monsterinsights_sitenote_note":"","_monsterinsights_sitenote_category":0},"etheme_brands":[],"product_brand":[],"product_cat":[8819,8820,8818],"product_tag":[4789,4608,4487,6148,3246,1022,6501,8950,898,3931,4247,4257,4488,4491,3356,3358,3928],"class_list":{"0":"post-51020","1":"product","2":"type-product","3":"status-publish","4":"has-post-thumbnail","6":"product_cat-farmacia","7":"product_cat-jabones-y-shampoo","8":"product_cat-perfumeria","9":"product_tag-4789","10":"product_tag-acid","11":"product_tag-acido","12":"product_tag-and","13":"product_tag-beauty","14":"product_tag-cabello","15":"product_tag-capilar","16":"product_tag-capilatis","17":"product_tag-gr","18":"product_tag-hair","19":"product_tag-health","20":"product_tag-healthy","21":"product_tag-hialuronico","22":"product_tag-hyaluronic","23":"product_tag-mascara","24":"product_tag-mask","25":"product_tag-pelo","27":"first","28":"instock","29":"taxable","30":"shipping-taxable","31":"purchasable","32":"product-type-simple"},"acf":[],"aioseo_notices":[],"_links":{"self":[{"href":"https:\/\/www.argensend.com\/en\/wp-json\/wp\/v2\/product\/51020","targetHints":{"allow":["GET"]}}],"collection":[{"href":"https:\/\/www.argensend.com\/en\/wp-json\/wp\/v2\/product"}],"about":[{"href":"https:\/\/www.argensend.com\/en\/wp-json\/wp\/v2\/types\/product"}],"replies":[{"embeddable":true,"href":"https:\/\/www.argensend.com\/en\/wp-json\/wp\/v2\/comments?post=51020"}],"version-history":[{"count":2,"href":"https:\/\/www.argensend.com\/en\/wp-json\/wp\/v2\/product\/51020\/revisions"}],"predecessor-version":[{"id":103983,"href":"https:\/\/www.argensend.com\/en\/wp-json\/wp\/v2\/product\/51020\/revisions\/103983"}],"wp:featuredmedia":[{"embeddable":true,"href":"https:\/\/www.argensend.com\/en\/wp-json\/wp\/v2\/media\/51021"}],"wp:attachment":[{"href":"https:\/\/www.argensend.com\/en\/wp-json\/wp\/v2\/media?parent=51020"}],"wp:term":[{"taxonomy":"brand","embeddable":true,"href":"https:\/\/www.argensend.com\/en\/wp-json\/wp\/v2\/etheme_brands?post=51020"},{"taxonomy":"product_brand","embeddable":true,"href":"https:\/\/www.argensend.com\/en\/wp-json\/wp\/v2\/product_brand?post=51020"},{"taxonomy":"product_cat","embeddable":true,"href":"https:\/\/www.argensend.com\/en\/wp-json\/wp\/v2\/product_cat?post=51020"},{"taxonomy":"product_tag","embeddable":true,"href":"https:\/\/www.argensend.com\/en\/wp-json\/wp\/v2\/product_tag?post=51020"}],"curies":[{"name":"wp","href":"https:\/\/api.w.org\/{rel}","templated":true}]}}