{"id":51498,"date":"2022-07-07T14:06:40","date_gmt":"2022-07-07T17:06:40","guid":{"rendered":"https:\/\/www.argensend.com\/?post_type=product&#038;p=51498"},"modified":"2025-05-26T16:37:56","modified_gmt":"2025-05-26T19:37:56","slug":"argentina-combo-delantal-de-3-unidades","status":"publish","type":"product","link":"https:\/\/www.argensend.com\/en\/product\/argentina-combo-delantal-de-3-unidades\/","title":{"rendered":"Argentina &#8211; Combo Delantal de 3 Unidades"},"content":{"rendered":"<ul class=\"ui-pdp-list__wrapper\">\n<li class=\"ui-pdp-list__item\">\n<p class=\"ui-pdp-family--REGULAR ui-pdp-list__text\"><span class=\"ui-pdp-color--BLACK ui-pdp-size--XSMALL ui-pdp-family--BOLD\">G\u00e9nero<\/span>: Sin g\u00e9nero<\/p>\n<\/li>\n<li class=\"ui-pdp-list__item\">\n<p class=\"ui-pdp-family--REGULAR ui-pdp-list__text\"><span class=\"ui-pdp-color--BLACK ui-pdp-size--XSMALL ui-pdp-family--BOLD\">Material<\/span>: Algod\u00f3n<\/p>\n<\/li>\n<\/ul>\n<ul class=\"ui-pdp-list__wrapper\">\n<li class=\"ui-pdp-list__item\">\n<p class=\"ui-pdp-family--REGULAR ui-pdp-list__text\"><span class=\"ui-pdp-color--BLACK ui-pdp-size--XSMALL ui-pdp-family--BOLD\">Tipo de delantal de cocina<\/span>: Delantal entero<\/p>\n<\/li>\n<\/ul>\n<p>Gender: No gender<\/p>\n<p>Material: Cotton<\/p>\n<p>Type of kitchen apron: Full apron<\/p>\n<p>&nbsp;<\/p>","protected":false},"excerpt":{"rendered":"<p>G\u00e9nero: Sin g\u00e9nero Material: Algod\u00f3n Tipo de delantal de cocina: Delantal entero Gender: No gender Material: Cotton Type of kitchen apron: Full apron &nbsp;<\/p>","protected":false},"featured_media":52950,"comment_status":"closed","ping_status":"closed","template":"","meta":{"_acf_changed":false,"om_disable_all_campaigns":false,"_monsterinsights_skip_tracking":false,"_monsterinsights_sitenote_active":false,"_monsterinsights_sitenote_note":"","_monsterinsights_sitenote_category":0},"etheme_brands":[],"product_brand":[],"product_cat":[9012,8794],"product_tag":[3304,203,312,1967,997,3279,2102,1050,3370,3816,3666,3281,1213,3352,3252,5453],"class_list":{"0":"post-51498","1":"product","2":"type-product","3":"status-publish","4":"has-post-thumbnail","6":"product_cat-argentina-campeon-del-mundo","7":"product_cat-bazar","8":"product_tag-apron","9":"product_tag-argentina","10":"product_tag-asado","11":"product_tag-copa","12":"product_tag-cup","13":"product_tag-delantal","14":"product_tag-equipo","15":"product_tag-futbol","16":"product_tag-mundial","17":"product_tag-nacional","18":"product_tag-national","19":"product_tag-roast","20":"product_tag-seleccion","21":"product_tag-soccer","22":"product_tag-team","23":"product_tag-world","25":"first","26":"instock","27":"taxable","28":"shipping-taxable","29":"purchasable","30":"product-type-simple"},"acf":[],"aioseo_notices":[],"_links":{"self":[{"href":"https:\/\/www.argensend.com\/en\/wp-json\/wp\/v2\/product\/51498","targetHints":{"allow":["GET"]}}],"collection":[{"href":"https:\/\/www.argensend.com\/en\/wp-json\/wp\/v2\/product"}],"about":[{"href":"https:\/\/www.argensend.com\/en\/wp-json\/wp\/v2\/types\/product"}],"replies":[{"embeddable":true,"href":"https:\/\/www.argensend.com\/en\/wp-json\/wp\/v2\/comments?post=51498"}],"version-history":[{"count":2,"href":"https:\/\/www.argensend.com\/en\/wp-json\/wp\/v2\/product\/51498\/revisions"}],"predecessor-version":[{"id":98518,"href":"https:\/\/www.argensend.com\/en\/wp-json\/wp\/v2\/product\/51498\/revisions\/98518"}],"wp:featuredmedia":[{"embeddable":true,"href":"https:\/\/www.argensend.com\/en\/wp-json\/wp\/v2\/media\/52950"}],"wp:attachment":[{"href":"https:\/\/www.argensend.com\/en\/wp-json\/wp\/v2\/media?parent=51498"}],"wp:term":[{"taxonomy":"brand","embeddable":true,"href":"https:\/\/www.argensend.com\/en\/wp-json\/wp\/v2\/etheme_brands?post=51498"},{"taxonomy":"product_brand","embeddable":true,"href":"https:\/\/www.argensend.com\/en\/wp-json\/wp\/v2\/product_brand?post=51498"},{"taxonomy":"product_cat","embeddable":true,"href":"https:\/\/www.argensend.com\/en\/wp-json\/wp\/v2\/product_cat?post=51498"},{"taxonomy":"product_tag","embeddable":true,"href":"https:\/\/www.argensend.com\/en\/wp-json\/wp\/v2\/product_tag?post=51498"}],"curies":[{"name":"wp","href":"https:\/\/api.w.org\/{rel}","templated":true}]}}