{"id":52827,"date":"2022-08-23T12:31:28","date_gmt":"2022-08-23T15:31:28","guid":{"rendered":"https:\/\/www.argensend.com\/?post_type=product&#038;p=52827"},"modified":"2025-04-21T20:56:33","modified_gmt":"2025-04-21T23:56:33","slug":"mamuschka-confitura-de-frutos-del-bosque-organica-sin-gluten-290-gr-berries-organic-spread-gluten-free-10-22-oz","status":"publish","type":"product","link":"https:\/\/www.argensend.com\/en\/product\/mamuschka-confitura-de-frutos-del-bosque-organica-sin-gluten-290-gr-berries-organic-spread-gluten-free-10-22-oz\/","title":{"rendered":"Mamuschka &#8211; confitura de Frutos Del Bosque Org\u00e1nica Sin Gluten 290gr"},"content":{"rendered":"","protected":false},"excerpt":{"rendered":"<p>Confitura Mamuschka de Frutos del Bosque.<\/p>\n<p>Elaborada con frutos del bosque y az\u00facar de ca\u00f1a org\u00e1nica. <\/p>\n<p>\u00a1M\u00e1s fruta y menos az\u00facar!<\/p>\n<p>Sin TACC, apto para cel\u00edacos. <\/p>\n<p>&#8211;<\/p>\n<p>EN:<br \/>\nMamuschka Berries marmalade.<\/p>\n<p>Made with berries and organic cane sugar. <\/p>\n<p>More fruit and less sugar!<\/p>\n<p>TACC free, suitable for celiacs. <\/p>","protected":false},"featured_media":52828,"comment_status":"closed","ping_status":"closed","template":"","meta":{"_acf_changed":false,"om_disable_all_campaigns":false,"_monsterinsights_skip_tracking":false,"_monsterinsights_sitenote_active":false,"_monsterinsights_sitenote_note":"","_monsterinsights_sitenote_category":0},"etheme_brands":[],"product_brand":[],"product_cat":[8803,2930,8790],"product_tag":[224,6410,3287,5005,2980,67,278,4155,9182,764,4638,9183,432,4130,172,9184,160,1914,746,9181,6951,748],"class_list":{"0":"post-52827","1":"product","2":"type-product","3":"status-publish","4":"has-post-thumbnail","6":"product_cat-dulce-sin-tacc","7":"product_cat-jaleas-mermeladas","8":"product_cat-pasteleria-y-reposteria","9":"product_tag-argentino","10":"product_tag-bariloche","11":"product_tag-berries","12":"product_tag-bosque","13":"product_tag-del","14":"product_tag-dulce","15":"product_tag-free","16":"product_tag-frutos","17":"product_tag-gluteen","18":"product_tag-jalea","19":"product_tag-jam","20":"product_tag-mamuschka","21":"product_tag-mermelada","22":"product_tag-organic","23":"product_tag-organico","24":"product_tag-pastleria","25":"product_tag-patagonia","26":"product_tag-regional","27":"product_tag-sin","28":"product_tag-sintacc","29":"product_tag-sur","30":"product_tag-tacc","32":"first","33":"instock","34":"taxable","35":"shipping-taxable","36":"purchasable","37":"product-type-simple"},"acf":[],"aioseo_notices":[],"_links":{"self":[{"href":"https:\/\/www.argensend.com\/en\/wp-json\/wp\/v2\/product\/52827","targetHints":{"allow":["GET"]}}],"collection":[{"href":"https:\/\/www.argensend.com\/en\/wp-json\/wp\/v2\/product"}],"about":[{"href":"https:\/\/www.argensend.com\/en\/wp-json\/wp\/v2\/types\/product"}],"replies":[{"embeddable":true,"href":"https:\/\/www.argensend.com\/en\/wp-json\/wp\/v2\/comments?post=52827"}],"version-history":[{"count":2,"href":"https:\/\/www.argensend.com\/en\/wp-json\/wp\/v2\/product\/52827\/revisions"}],"predecessor-version":[{"id":103221,"href":"https:\/\/www.argensend.com\/en\/wp-json\/wp\/v2\/product\/52827\/revisions\/103221"}],"wp:featuredmedia":[{"embeddable":true,"href":"https:\/\/www.argensend.com\/en\/wp-json\/wp\/v2\/media\/52828"}],"wp:attachment":[{"href":"https:\/\/www.argensend.com\/en\/wp-json\/wp\/v2\/media?parent=52827"}],"wp:term":[{"taxonomy":"brand","embeddable":true,"href":"https:\/\/www.argensend.com\/en\/wp-json\/wp\/v2\/etheme_brands?post=52827"},{"taxonomy":"product_brand","embeddable":true,"href":"https:\/\/www.argensend.com\/en\/wp-json\/wp\/v2\/product_brand?post=52827"},{"taxonomy":"product_cat","embeddable":true,"href":"https:\/\/www.argensend.com\/en\/wp-json\/wp\/v2\/product_cat?post=52827"},{"taxonomy":"product_tag","embeddable":true,"href":"https:\/\/www.argensend.com\/en\/wp-json\/wp\/v2\/product_tag?post=52827"}],"curies":[{"name":"wp","href":"https:\/\/api.w.org\/{rel}","templated":true}]}}