{"id":52829,"date":"2022-08-23T12:37:00","date_gmt":"2022-08-23T15:37:00","guid":{"rendered":"https:\/\/www.argensend.com\/?post_type=product&#038;p=52829"},"modified":"2025-04-21T20:56:36","modified_gmt":"2025-04-21T23:56:36","slug":"mamuschka-confitura-de-ruibarbo-organica-sin-gluten-290-gr-rhubarb-organic-spread-gluten-free-10-22-oz","status":"publish","type":"product","link":"https:\/\/www.argensend.com\/en\/product\/mamuschka-confitura-de-ruibarbo-organica-sin-gluten-290-gr-rhubarb-organic-spread-gluten-free-10-22-oz\/","title":{"rendered":"Mamuschka &#8211; confitura de Ruibarbo Org\u00e1nica Sin Gluten 290gr"},"content":{"rendered":"","protected":false},"excerpt":{"rendered":"<p>Confitura Mamuschka de Ruibarbo.<\/p>\n<p>Elaborada con Ruibarbo y az\u00facar de ca\u00f1a org\u00e1nica. <\/p>\n<p>\u00a1M\u00e1s fruta y menos az\u00facar!<\/p>\n<p>Sin TACC, apto para cel\u00edacos. <\/p>\n<p>&#8211;<\/p>\n<p>EN:<br \/>\nMamuschka Rhubarb marmalade.<\/p>\n<p>Made with Rhubarb and organic cane sugar. <\/p>\n<p>More fruit and less sugar!<\/p>\n<p>TACC free, suitable for celiacs. <\/p>","protected":false},"featured_media":52830,"comment_status":"closed","ping_status":"closed","template":"","meta":{"_acf_changed":false,"om_disable_all_campaigns":false,"_monsterinsights_skip_tracking":false,"_monsterinsights_sitenote_active":false,"_monsterinsights_sitenote_note":"","_monsterinsights_sitenote_category":0},"etheme_brands":[],"product_brand":[],"product_cat":[8803,2930,8790],"product_tag":[224,6410,67,278,9182,764,4638,9183,432,4130,172,9184,160,1914,9189,9190,746,9181,6951,748],"class_list":{"0":"post-52829","1":"product","2":"type-product","3":"status-publish","4":"has-post-thumbnail","6":"product_cat-dulce-sin-tacc","7":"product_cat-jaleas-mermeladas","8":"product_cat-pasteleria-y-reposteria","9":"product_tag-argentino","10":"product_tag-bariloche","11":"product_tag-dulce","12":"product_tag-free","13":"product_tag-gluteen","14":"product_tag-jalea","15":"product_tag-jam","16":"product_tag-mamuschka","17":"product_tag-mermelada","18":"product_tag-organic","19":"product_tag-organico","20":"product_tag-pastleria","21":"product_tag-patagonia","22":"product_tag-regional","23":"product_tag-rhubarb","24":"product_tag-ruibarbo","25":"product_tag-sin","26":"product_tag-sintacc","27":"product_tag-sur","28":"product_tag-tacc","30":"first","31":"instock","32":"taxable","33":"shipping-taxable","34":"purchasable","35":"product-type-simple"},"acf":[],"aioseo_notices":[],"_links":{"self":[{"href":"https:\/\/www.argensend.com\/en\/wp-json\/wp\/v2\/product\/52829","targetHints":{"allow":["GET"]}}],"collection":[{"href":"https:\/\/www.argensend.com\/en\/wp-json\/wp\/v2\/product"}],"about":[{"href":"https:\/\/www.argensend.com\/en\/wp-json\/wp\/v2\/types\/product"}],"replies":[{"embeddable":true,"href":"https:\/\/www.argensend.com\/en\/wp-json\/wp\/v2\/comments?post=52829"}],"version-history":[{"count":2,"href":"https:\/\/www.argensend.com\/en\/wp-json\/wp\/v2\/product\/52829\/revisions"}],"predecessor-version":[{"id":103227,"href":"https:\/\/www.argensend.com\/en\/wp-json\/wp\/v2\/product\/52829\/revisions\/103227"}],"wp:featuredmedia":[{"embeddable":true,"href":"https:\/\/www.argensend.com\/en\/wp-json\/wp\/v2\/media\/52830"}],"wp:attachment":[{"href":"https:\/\/www.argensend.com\/en\/wp-json\/wp\/v2\/media?parent=52829"}],"wp:term":[{"taxonomy":"brand","embeddable":true,"href":"https:\/\/www.argensend.com\/en\/wp-json\/wp\/v2\/etheme_brands?post=52829"},{"taxonomy":"product_brand","embeddable":true,"href":"https:\/\/www.argensend.com\/en\/wp-json\/wp\/v2\/product_brand?post=52829"},{"taxonomy":"product_cat","embeddable":true,"href":"https:\/\/www.argensend.com\/en\/wp-json\/wp\/v2\/product_cat?post=52829"},{"taxonomy":"product_tag","embeddable":true,"href":"https:\/\/www.argensend.com\/en\/wp-json\/wp\/v2\/product_tag?post=52829"}],"curies":[{"name":"wp","href":"https:\/\/api.w.org\/{rel}","templated":true}]}}