{"id":52849,"date":"2022-08-23T13:29:30","date_gmt":"2022-08-23T16:29:30","guid":{"rendered":"https:\/\/www.argensend.com\/?post_type=product&#038;p=52849"},"modified":"2025-04-21T20:56:31","modified_gmt":"2025-04-21T23:56:31","slug":"mamuschka-chocolate-para-fondue-leche-sin-gluten-200-gr-chocolate-with-milk-to-prepare-fondue-gluteen-free7-05-oz","status":"publish","type":"product","link":"https:\/\/www.argensend.com\/en\/product\/mamuschka-chocolate-para-fondue-leche-sin-gluten-200-gr-chocolate-with-milk-to-prepare-fondue-gluteen-free7-05-oz\/","title":{"rendered":"Mamuschka &#8211; Chocolate para Fondue Leche Sin Gluten 200gr"},"content":{"rendered":"","protected":false},"excerpt":{"rendered":"<p>Chocolate para fondue Mamuschka.<\/p>\n<p>L\u00e1minas finas de chocolate leche para derretir a ba\u00f1o mar\u00eda. Para ba\u00f1ar frutillas, bananas y otras frutas.<\/p>\n<p>Sin TACC, libre de gluten, apto para cel\u00edacos.<\/p>\n<p>&nbsp;<\/p>","protected":false},"featured_media":52850,"comment_status":"closed","ping_status":"closed","template":"","meta":{"_acf_changed":false,"om_disable_all_campaigns":false,"_monsterinsights_skip_tracking":false,"_monsterinsights_sitenote_active":false,"_monsterinsights_sitenote_note":"","_monsterinsights_sitenote_category":0},"etheme_brands":[],"product_brand":[],"product_cat":[628,8803,8790],"product_tag":[224,6410,159,67,3193,278,9182,4130,172,9184,160,1914,746,9181,6951,748],"class_list":{"0":"post-52849","1":"product","2":"type-product","3":"status-publish","4":"has-post-thumbnail","6":"product_cat-chocolates","7":"product_cat-dulce-sin-tacc","8":"product_cat-pasteleria-y-reposteria","9":"product_tag-argentino","10":"product_tag-bariloche","11":"product_tag-chocolate","12":"product_tag-dulce","13":"product_tag-fondue","14":"product_tag-free","15":"product_tag-gluteen","16":"product_tag-organic","17":"product_tag-organico","18":"product_tag-pastleria","19":"product_tag-patagonia","20":"product_tag-regional","21":"product_tag-sin","22":"product_tag-sintacc","23":"product_tag-sur","24":"product_tag-tacc","26":"first","27":"instock","28":"taxable","29":"shipping-taxable","30":"purchasable","31":"product-type-simple"},"acf":[],"aioseo_notices":[],"_links":{"self":[{"href":"https:\/\/www.argensend.com\/en\/wp-json\/wp\/v2\/product\/52849","targetHints":{"allow":["GET"]}}],"collection":[{"href":"https:\/\/www.argensend.com\/en\/wp-json\/wp\/v2\/product"}],"about":[{"href":"https:\/\/www.argensend.com\/en\/wp-json\/wp\/v2\/types\/product"}],"replies":[{"embeddable":true,"href":"https:\/\/www.argensend.com\/en\/wp-json\/wp\/v2\/comments?post=52849"}],"version-history":[{"count":3,"href":"https:\/\/www.argensend.com\/en\/wp-json\/wp\/v2\/product\/52849\/revisions"}],"predecessor-version":[{"id":103214,"href":"https:\/\/www.argensend.com\/en\/wp-json\/wp\/v2\/product\/52849\/revisions\/103214"}],"wp:featuredmedia":[{"embeddable":true,"href":"https:\/\/www.argensend.com\/en\/wp-json\/wp\/v2\/media\/52850"}],"wp:attachment":[{"href":"https:\/\/www.argensend.com\/en\/wp-json\/wp\/v2\/media?parent=52849"}],"wp:term":[{"taxonomy":"brand","embeddable":true,"href":"https:\/\/www.argensend.com\/en\/wp-json\/wp\/v2\/etheme_brands?post=52849"},{"taxonomy":"product_brand","embeddable":true,"href":"https:\/\/www.argensend.com\/en\/wp-json\/wp\/v2\/product_brand?post=52849"},{"taxonomy":"product_cat","embeddable":true,"href":"https:\/\/www.argensend.com\/en\/wp-json\/wp\/v2\/product_cat?post=52849"},{"taxonomy":"product_tag","embeddable":true,"href":"https:\/\/www.argensend.com\/en\/wp-json\/wp\/v2\/product_tag?post=52849"}],"curies":[{"name":"wp","href":"https:\/\/api.w.org\/{rel}","templated":true}]}}