{"id":52879,"date":"2022-08-24T15:20:14","date_gmt":"2022-08-24T18:20:14","guid":{"rendered":"https:\/\/www.argensend.com\/?post_type=product&#038;p=52879"},"modified":"2024-12-06T16:29:29","modified_gmt":"2024-12-06T19:29:29","slug":"skala-manteca-de-karite-mascara-vegana-nutritiva-crema-peinar-x-1kg","status":"publish","type":"product","link":"https:\/\/www.argensend.com\/en\/product\/skala-manteca-de-karite-mascara-vegana-nutritiva-crema-peinar-x-1kg\/","title":{"rendered":"Skala &#8211; Manteca de Karit\u00e9 M\u00e1scara Vegana Nutritiva Crema Peinar 1kg"},"content":{"rendered":"","protected":false},"excerpt":{"rendered":"<p>Skala M\u00e1scara Manteca de Karit\u00e9 hidrata el cabello reseco, d\u00e9bil y da\u00f1ado por tratamientos qu\u00edmicos. Enriquecida con Vitamina E y D-Pantenol, hace una nutrici\u00f3n poderosa que trata el cabello a trav\u00e9s de sus propiedades emolientes, nutri\u00e9ndolas, restaur\u00e1ndolas. Otorga brillo y suavidad al cabello.<\/p>\n<p>\u203a100% Vegano<br \/>\n\u203aSin Sulfatos<br \/>\n\u203aSin Parabenos<br \/>\n\u203aSin Petrolatos<br \/>\n\u203aSin Siliconas<br \/>\n\u203aApto Co-Wash<br \/>\n\u203aNo Testeado En Animales<\/p>","protected":false},"featured_media":52880,"comment_status":"closed","ping_status":"closed","template":"","meta":{"_acf_changed":false,"om_disable_all_campaigns":false,"_monsterinsights_skip_tracking":false,"_monsterinsights_sitenote_active":false,"_monsterinsights_sitenote_note":"","_monsterinsights_sitenote_category":0},"etheme_brands":[],"product_brand":[],"product_cat":[4453],"product_tag":[1022,456,467,9199,3931,4466,3356,9201,8849,8847,9198,652,9200],"class_list":{"0":"post-52879","1":"product","2":"type-product","3":"status-publish","4":"has-post-thumbnail","6":"product_cat-salud-y-belleza-vegana","7":"product_tag-cabello","8":"product_tag-crema","9":"product_tag-crema-en-pote","10":"product_tag-curlers","11":"product_tag-hair","12":"product_tag-karite","13":"product_tag-mascara","14":"product_tag-ondas","15":"product_tag-peinar","16":"product_tag-rulos","17":"product_tag-skala","18":"product_tag-vegan","19":"product_tag-waves","21":"first","22":"instock","23":"taxable","24":"shipping-taxable","25":"purchasable","26":"product-type-simple"},"acf":[],"aioseo_notices":[],"_links":{"self":[{"href":"https:\/\/www.argensend.com\/en\/wp-json\/wp\/v2\/product\/52879","targetHints":{"allow":["GET"]}}],"collection":[{"href":"https:\/\/www.argensend.com\/en\/wp-json\/wp\/v2\/product"}],"about":[{"href":"https:\/\/www.argensend.com\/en\/wp-json\/wp\/v2\/types\/product"}],"replies":[{"embeddable":true,"href":"https:\/\/www.argensend.com\/en\/wp-json\/wp\/v2\/comments?post=52879"}],"version-history":[{"count":2,"href":"https:\/\/www.argensend.com\/en\/wp-json\/wp\/v2\/product\/52879\/revisions"}],"predecessor-version":[{"id":104061,"href":"https:\/\/www.argensend.com\/en\/wp-json\/wp\/v2\/product\/52879\/revisions\/104061"}],"wp:featuredmedia":[{"embeddable":true,"href":"https:\/\/www.argensend.com\/en\/wp-json\/wp\/v2\/media\/52880"}],"wp:attachment":[{"href":"https:\/\/www.argensend.com\/en\/wp-json\/wp\/v2\/media?parent=52879"}],"wp:term":[{"taxonomy":"brand","embeddable":true,"href":"https:\/\/www.argensend.com\/en\/wp-json\/wp\/v2\/etheme_brands?post=52879"},{"taxonomy":"product_brand","embeddable":true,"href":"https:\/\/www.argensend.com\/en\/wp-json\/wp\/v2\/product_brand?post=52879"},{"taxonomy":"product_cat","embeddable":true,"href":"https:\/\/www.argensend.com\/en\/wp-json\/wp\/v2\/product_cat?post=52879"},{"taxonomy":"product_tag","embeddable":true,"href":"https:\/\/www.argensend.com\/en\/wp-json\/wp\/v2\/product_tag?post=52879"}],"curies":[{"name":"wp","href":"https:\/\/api.w.org\/{rel}","templated":true}]}}