{"id":52894,"date":"2022-08-24T15:55:07","date_gmt":"2022-08-24T18:55:07","guid":{"rendered":"https:\/\/www.argensend.com\/?post_type=product&#038;p=52894"},"modified":"2024-12-06T16:29:30","modified_gmt":"2024-12-06T19:29:30","slug":"skala-ceramidas-g3-mascara-vegana-cabello-danado-x-1-kg","status":"publish","type":"product","link":"https:\/\/www.argensend.com\/en\/product\/skala-ceramidas-g3-mascara-vegana-cabello-danado-x-1-kg\/","title":{"rendered":"Skala &#8211; Expert \u00d3leo de Argan M\u00e1scara Vegana 1kg"},"content":{"rendered":"<div class=\"ui-pdp-header__subtitle\">\n<div class=\"ui-pdp-container__col col-2 ui-pdp--relative\">\n<div class=\"ui-pdp--sticky-wrapper ui-pdp--sticky-wrapper-gallery\">\n<div class=\"ui-pdp-gallery\" role=\"group\" aria-label=\"Galer\u00eda de fotos, Imagen 1 de 4 de Skala Ba\u00f1o De Cristal M\u00e1scara Vegana Cabello Brillo X 1kg\">\n<div class=\"ui-pdp-gallery__column\"><\/div>\n<\/div>\n<\/div>\n<\/div>\n<div class=\"ui-pdp-container__col col-2 mr-32\">\n<div class=\"ui-pdp-container__top-wrapper mt-40\">\n<div class=\"ui-pdp-header\">\n<div class=\"ui-pdp-header__subtitle\">\n<div class=\"ui-pdp-container__col col-2 ui-pdp--relative\">\n<div class=\"ui-pdp--sticky-wrapper ui-pdp--sticky-wrapper-gallery\">\n<div class=\"ui-pdp-gallery\" role=\"group\" aria-label=\"Galer\u00eda de fotos, Imagen 1 de 6 de Skala Ceramidas G3 M\u00e1scara Vegana Cabello Da\u00f1ado Brillo 1kg\">\n<div class=\"ui-pdp-gallery__column\"><\/div>\n<\/div>\n<\/div>\n<\/div>\n<\/div>\n<\/div>\n<\/div>\n<\/div>\n<\/div>","protected":false},"excerpt":{"rendered":"<p>*TRATAMIENTO CAPILAR SKALA &#8211; 100% VEGANOS &#8211; 0% ORIGEN ANIMAL.<\/p>\n<p>*F\u00f3rmula libre de sulfatos, parabenos, siliconas, petrolato y \u00f3leo mineral.<br \/>\n*La l\u00ednea de aceite de Argan de Marruecos, ayuda a promover una reparaci\u00f3n profunda. *Nutre y revitaliza la fibra capilar, aportando brillo natural y suavidad al cabello seco y sin brillo.<br \/>\n*El resultado es sorprendente, el cabello suave y saludable! 100% Vegano.<br \/>\n*Ultra reparaci\u00f3n y brillo.<br \/>\n*Cabello seco y opaco.<br \/>\n*Sin sal.<\/p>","protected":false},"featured_media":52896,"comment_status":"closed","ping_status":"closed","template":"","meta":{"_acf_changed":false,"om_disable_all_campaigns":false,"_monsterinsights_skip_tracking":false,"_monsterinsights_sitenote_active":false,"_monsterinsights_sitenote_note":"","_monsterinsights_sitenote_category":0},"etheme_brands":[],"product_brand":[],"product_cat":[4453],"product_tag":[1022,456,467,9199,3931,6494,3356,1868,9201,8849,8847,9198,652,9200],"class_list":{"0":"post-52894","1":"product","2":"type-product","3":"status-publish","4":"has-post-thumbnail","6":"product_cat-salud-y-belleza-vegana","7":"product_tag-cabello","8":"product_tag-crema","9":"product_tag-crema-en-pote","10":"product_tag-curlers","11":"product_tag-hair","12":"product_tag-hidratacion","13":"product_tag-mascara","14":"product_tag-oleo","15":"product_tag-ondas","16":"product_tag-peinar","17":"product_tag-rulos","18":"product_tag-skala","19":"product_tag-vegan","20":"product_tag-waves","22":"first","23":"instock","24":"taxable","25":"shipping-taxable","26":"purchasable","27":"product-type-simple"},"acf":[],"aioseo_notices":[],"_links":{"self":[{"href":"https:\/\/www.argensend.com\/en\/wp-json\/wp\/v2\/product\/52894","targetHints":{"allow":["GET"]}}],"collection":[{"href":"https:\/\/www.argensend.com\/en\/wp-json\/wp\/v2\/product"}],"about":[{"href":"https:\/\/www.argensend.com\/en\/wp-json\/wp\/v2\/types\/product"}],"replies":[{"embeddable":true,"href":"https:\/\/www.argensend.com\/en\/wp-json\/wp\/v2\/comments?post=52894"}],"version-history":[{"count":3,"href":"https:\/\/www.argensend.com\/en\/wp-json\/wp\/v2\/product\/52894\/revisions"}],"predecessor-version":[{"id":104066,"href":"https:\/\/www.argensend.com\/en\/wp-json\/wp\/v2\/product\/52894\/revisions\/104066"}],"wp:featuredmedia":[{"embeddable":true,"href":"https:\/\/www.argensend.com\/en\/wp-json\/wp\/v2\/media\/52896"}],"wp:attachment":[{"href":"https:\/\/www.argensend.com\/en\/wp-json\/wp\/v2\/media?parent=52894"}],"wp:term":[{"taxonomy":"brand","embeddable":true,"href":"https:\/\/www.argensend.com\/en\/wp-json\/wp\/v2\/etheme_brands?post=52894"},{"taxonomy":"product_brand","embeddable":true,"href":"https:\/\/www.argensend.com\/en\/wp-json\/wp\/v2\/product_brand?post=52894"},{"taxonomy":"product_cat","embeddable":true,"href":"https:\/\/www.argensend.com\/en\/wp-json\/wp\/v2\/product_cat?post=52894"},{"taxonomy":"product_tag","embeddable":true,"href":"https:\/\/www.argensend.com\/en\/wp-json\/wp\/v2\/product_tag?post=52894"}],"curies":[{"name":"wp","href":"https:\/\/api.w.org\/{rel}","templated":true}]}}