{"id":52919,"date":"2022-08-24T16:32:23","date_gmt":"2022-08-24T19:32:23","guid":{"rendered":"https:\/\/www.argensend.com\/?post_type=product&#038;p=52919"},"modified":"2024-12-06T16:29:33","modified_gmt":"2024-12-06T19:29:33","slug":"skala-banana-mascara-vegana-crema-peinar-cabello-brillo-1kg","status":"publish","type":"product","link":"https:\/\/www.argensend.com\/en\/product\/skala-banana-mascara-vegana-crema-peinar-cabello-brillo-1kg\/","title":{"rendered":"Skala &#8211; Banana M\u00e1scara Vegana Crema Peinar Cabello Brillo 1kg"},"content":{"rendered":"<div class=\"ui-pdp-header__subtitle\">\n<div class=\"ui-pdp-container__col col-2 ui-pdp--relative\">\n<div class=\"ui-pdp--sticky-wrapper ui-pdp--sticky-wrapper-gallery\">\n<div class=\"ui-pdp-gallery\" role=\"group\" aria-label=\"Galer\u00eda de fotos, Imagen 1 de 4 de Skala Ba\u00f1o De Cristal M\u00e1scara Vegana Cabello Brillo X 1kg\">\n<div class=\"ui-pdp-gallery__column\"><\/div>\n<\/div>\n<\/div>\n<\/div>\n<div class=\"ui-pdp-container__col col-2 mr-32\">\n<div class=\"ui-pdp-container__top-wrapper mt-40\">\n<div class=\"ui-pdp-header\">\n<div class=\"ui-pdp-header__subtitle\">\n<div class=\"ui-pdp-container__col col-2 ui-pdp--relative\">\n<div class=\"ui-pdp--sticky-wrapper ui-pdp--sticky-wrapper-gallery\">\n<div class=\"ui-pdp-gallery\" role=\"group\" aria-label=\"Galer\u00eda de fotos, Imagen 1 de 6 de Skala Ceramidas G3 M\u00e1scara Vegana Cabello Da\u00f1ado Brillo 1kg\">\n<div class=\"ui-pdp-gallery__column\"><\/div>\n<\/div>\n<\/div>\n<\/div>\n<\/div>\n<\/div>\n<\/div>\n<\/div>\n<\/div>","protected":false},"excerpt":{"rendered":"<p>El camino hacia un cabello perfecto requiere de un cuidado especial, y hoy pod\u00e9s lograr ese cambio de la mano de Skala.<\/p>\n<p>Libre de crueldad<br \/>\nEste producto es elaborado sin lastimar a ning\u00fan animal.<\/p>\n<p>Es vegano<br \/>\nEste producto es realizado en base a elementos naturales de origen vegetal.<\/p>","protected":false},"featured_media":52920,"comment_status":"closed","ping_status":"closed","template":"","meta":{"_acf_changed":false,"om_disable_all_campaigns":false,"_monsterinsights_skip_tracking":false,"_monsterinsights_sitenote_active":false,"_monsterinsights_sitenote_note":"","_monsterinsights_sitenote_category":0},"etheme_brands":[],"product_brand":[],"product_cat":[4453],"product_tag":[1022,456,467,9199,3931,6494,3356,1868,9201,8849,8847,9198,652,9200],"class_list":{"0":"post-52919","1":"product","2":"type-product","3":"status-publish","4":"has-post-thumbnail","6":"product_cat-salud-y-belleza-vegana","7":"product_tag-cabello","8":"product_tag-crema","9":"product_tag-crema-en-pote","10":"product_tag-curlers","11":"product_tag-hair","12":"product_tag-hidratacion","13":"product_tag-mascara","14":"product_tag-oleo","15":"product_tag-ondas","16":"product_tag-peinar","17":"product_tag-rulos","18":"product_tag-skala","19":"product_tag-vegan","20":"product_tag-waves","22":"first","23":"instock","24":"taxable","25":"shipping-taxable","26":"purchasable","27":"product-type-simple"},"acf":[],"aioseo_notices":[],"_links":{"self":[{"href":"https:\/\/www.argensend.com\/en\/wp-json\/wp\/v2\/product\/52919","targetHints":{"allow":["GET"]}}],"collection":[{"href":"https:\/\/www.argensend.com\/en\/wp-json\/wp\/v2\/product"}],"about":[{"href":"https:\/\/www.argensend.com\/en\/wp-json\/wp\/v2\/types\/product"}],"replies":[{"embeddable":true,"href":"https:\/\/www.argensend.com\/en\/wp-json\/wp\/v2\/comments?post=52919"}],"version-history":[{"count":1,"href":"https:\/\/www.argensend.com\/en\/wp-json\/wp\/v2\/product\/52919\/revisions"}],"predecessor-version":[{"id":73210,"href":"https:\/\/www.argensend.com\/en\/wp-json\/wp\/v2\/product\/52919\/revisions\/73210"}],"wp:featuredmedia":[{"embeddable":true,"href":"https:\/\/www.argensend.com\/en\/wp-json\/wp\/v2\/media\/52920"}],"wp:attachment":[{"href":"https:\/\/www.argensend.com\/en\/wp-json\/wp\/v2\/media?parent=52919"}],"wp:term":[{"taxonomy":"brand","embeddable":true,"href":"https:\/\/www.argensend.com\/en\/wp-json\/wp\/v2\/etheme_brands?post=52919"},{"taxonomy":"product_brand","embeddable":true,"href":"https:\/\/www.argensend.com\/en\/wp-json\/wp\/v2\/product_brand?post=52919"},{"taxonomy":"product_cat","embeddable":true,"href":"https:\/\/www.argensend.com\/en\/wp-json\/wp\/v2\/product_cat?post=52919"},{"taxonomy":"product_tag","embeddable":true,"href":"https:\/\/www.argensend.com\/en\/wp-json\/wp\/v2\/product_tag?post=52919"}],"curies":[{"name":"wp","href":"https:\/\/api.w.org\/{rel}","templated":true}]}}