{"id":52924,"date":"2022-08-24T16:38:16","date_gmt":"2022-08-24T19:38:16","guid":{"rendered":"https:\/\/www.argensend.com\/?post_type=product&#038;p=52924"},"modified":"2024-12-06T16:29:33","modified_gmt":"2024-12-06T19:29:33","slug":"skala-caju-mascara-vegana-cabello-reconstruccion-brillo-1kg","status":"publish","type":"product","link":"https:\/\/www.argensend.com\/en\/product\/skala-caju-mascara-vegana-cabello-reconstruccion-brillo-1kg\/","title":{"rendered":"Skala &#8211; Caju M\u00e1scara Vegana Cabello Reconstrucci\u00f3n Brillo 1kg"},"content":{"rendered":"","protected":false},"excerpt":{"rendered":"<p>SKALA BRASIL M\u00c1SCARA RECONSTRUCCION CAJU Y MURUMURU X1000GR<br \/>\nM\u00e1scara De Reconstrucci\u00f3n Y Brillo<\/p>\n<p>Skala Brasil M\u00e1scara Reconstrucci\u00f3n Caju Y Murumuru acelera la reparaci\u00f3n, dando un alto poder de penetraci\u00f3n en la fibra capilar reduciendo la porosidad de los cabellos.<\/p>\n<p>\u203a100% Vegano<br \/>\n\u203aSin Sulfatos<br \/>\n\u203aSin Parabenos<br \/>\n\u203aSin Petrolatos<br \/>\n\u203aSin Siliconas<br \/>\n\u203aApto Co-Wash<br \/>\n\u203aNo Testeado En Animales<\/p>\n<p>\u203a100% Vegano<br \/>\n\u203aSin Sulfatos<br \/>\n\u203aSin Parabenos<br \/>\n\u203aSin Petrolatos<br \/>\n\u203aSin Siliconas<br \/>\n\u203aApto Co-Wash<br \/>\n\u203aNo Testeado En Animales<\/p>","protected":false},"featured_media":52925,"comment_status":"closed","ping_status":"closed","template":"","meta":{"_acf_changed":false,"om_disable_all_campaigns":false,"_monsterinsights_skip_tracking":false,"_monsterinsights_sitenote_active":false,"_monsterinsights_sitenote_note":"","_monsterinsights_sitenote_category":0},"etheme_brands":[],"product_brand":[],"product_cat":[4453],"product_tag":[1022,456,467,9199,3931,6494,3356,1868,9201,8849,8847,9198,652,9200],"class_list":{"0":"post-52924","1":"product","2":"type-product","3":"status-publish","4":"has-post-thumbnail","6":"product_cat-salud-y-belleza-vegana","7":"product_tag-cabello","8":"product_tag-crema","9":"product_tag-crema-en-pote","10":"product_tag-curlers","11":"product_tag-hair","12":"product_tag-hidratacion","13":"product_tag-mascara","14":"product_tag-oleo","15":"product_tag-ondas","16":"product_tag-peinar","17":"product_tag-rulos","18":"product_tag-skala","19":"product_tag-vegan","20":"product_tag-waves","22":"first","23":"instock","24":"taxable","25":"shipping-taxable","26":"purchasable","27":"product-type-simple"},"acf":[],"aioseo_notices":[],"_links":{"self":[{"href":"https:\/\/www.argensend.com\/en\/wp-json\/wp\/v2\/product\/52924","targetHints":{"allow":["GET"]}}],"collection":[{"href":"https:\/\/www.argensend.com\/en\/wp-json\/wp\/v2\/product"}],"about":[{"href":"https:\/\/www.argensend.com\/en\/wp-json\/wp\/v2\/types\/product"}],"replies":[{"embeddable":true,"href":"https:\/\/www.argensend.com\/en\/wp-json\/wp\/v2\/comments?post=52924"}],"version-history":[{"count":2,"href":"https:\/\/www.argensend.com\/en\/wp-json\/wp\/v2\/product\/52924\/revisions"}],"predecessor-version":[{"id":73207,"href":"https:\/\/www.argensend.com\/en\/wp-json\/wp\/v2\/product\/52924\/revisions\/73207"}],"wp:featuredmedia":[{"embeddable":true,"href":"https:\/\/www.argensend.com\/en\/wp-json\/wp\/v2\/media\/52925"}],"wp:attachment":[{"href":"https:\/\/www.argensend.com\/en\/wp-json\/wp\/v2\/media?parent=52924"}],"wp:term":[{"taxonomy":"brand","embeddable":true,"href":"https:\/\/www.argensend.com\/en\/wp-json\/wp\/v2\/etheme_brands?post=52924"},{"taxonomy":"product_brand","embeddable":true,"href":"https:\/\/www.argensend.com\/en\/wp-json\/wp\/v2\/product_brand?post=52924"},{"taxonomy":"product_cat","embeddable":true,"href":"https:\/\/www.argensend.com\/en\/wp-json\/wp\/v2\/product_cat?post=52924"},{"taxonomy":"product_tag","embeddable":true,"href":"https:\/\/www.argensend.com\/en\/wp-json\/wp\/v2\/product_tag?post=52924"}],"curies":[{"name":"wp","href":"https:\/\/api.w.org\/{rel}","templated":true}]}}