{"id":52926,"date":"2022-08-24T16:39:54","date_gmt":"2022-08-24T19:39:54","guid":{"rendered":"https:\/\/www.argensend.com\/?post_type=product&#038;p=52926"},"modified":"2024-12-06T16:29:33","modified_gmt":"2024-12-06T19:29:33","slug":"skala-maracuya-mascara-vegana-crema-peinar-pelo-debil-x-1kg","status":"publish","type":"product","link":"https:\/\/www.argensend.com\/en\/product\/skala-maracuya-mascara-vegana-crema-peinar-pelo-debil-x-1kg\/","title":{"rendered":"Skala &#8211; Maracuya M\u00e1scara Vegana Crema Peinar Pelo D\u00e9bil 1kg"},"content":{"rendered":"","protected":false},"excerpt":{"rendered":"<p>SKALA BRASIL MARACUYA M\u00c1SCARA 2 EN 1 DE CRECIMENTO X1000GR<br \/>\nM\u00e1scara Y Crema De Peinar Para El Crecimiento Del Cabello<\/p>\n<p>SkalaBrasil Maracuy\u00e1 M\u00e1scara acelera el crecimiento de los cabellos, dando fuerza y resistencia. El oleo de pataua, conocido como el aceite amaz\u00f3nico, es un fruto que contribuye para el crecimiento de los cabellos. Reconstruye y nutre el cabello.<\/p>\n<p>\u203a100% Vegano<br \/>\n\u203aSin Sulfatos<br \/>\n\u203aSin Parabenos<br \/>\n\u203aSin Petrolatos<br \/>\n\u203aSin Siliconas<br \/>\n\u203aApto Co-Wash<br \/>\n\u203aNo Testeado En Animales<\/p>\n<p>EN:<\/p>\n<p>SKALA BRASIL MARACUYA 2 IN 1 HAIR GROWTH MASK X1000GR<br \/>\nMask And Styling Cream For Hair Growth<\/p>\n<p>SkalaBrasil Passion Fruit Mask accelerates hair growth, giving strength and resistance. The oil of passion fruit, known as Amazonian oil, is a fruit that contributes to hair growth. It reconstructs and nourishes the hair.<\/p>\n<p>100% Vegan<br \/>\nSulfate Free<br \/>\nParaben Free<br \/>\nPetrolatum Free<br \/>\n&#8216;Silicone Free<br \/>\n&#8216;Co-Wash Suitable<br \/>\n&#8216;Not Tested On Animals<\/p>\n<p>&nbsp;<\/p>","protected":false},"featured_media":52927,"comment_status":"closed","ping_status":"closed","template":"","meta":{"_acf_changed":false,"om_disable_all_campaigns":false,"_monsterinsights_skip_tracking":false,"_monsterinsights_sitenote_active":false,"_monsterinsights_sitenote_note":"","_monsterinsights_sitenote_category":0},"etheme_brands":[],"product_brand":[],"product_cat":[4453],"product_tag":[1022,456,467,9199,3931,6494,3356,1868,9201,8849,8847,9198,652,9200],"class_list":{"0":"post-52926","1":"product","2":"type-product","3":"status-publish","4":"has-post-thumbnail","6":"product_cat-salud-y-belleza-vegana","7":"product_tag-cabello","8":"product_tag-crema","9":"product_tag-crema-en-pote","10":"product_tag-curlers","11":"product_tag-hair","12":"product_tag-hidratacion","13":"product_tag-mascara","14":"product_tag-oleo","15":"product_tag-ondas","16":"product_tag-peinar","17":"product_tag-rulos","18":"product_tag-skala","19":"product_tag-vegan","20":"product_tag-waves","22":"first","23":"instock","24":"taxable","25":"shipping-taxable","26":"purchasable","27":"product-type-simple"},"acf":[],"aioseo_notices":[],"_links":{"self":[{"href":"https:\/\/www.argensend.com\/en\/wp-json\/wp\/v2\/product\/52926","targetHints":{"allow":["GET"]}}],"collection":[{"href":"https:\/\/www.argensend.com\/en\/wp-json\/wp\/v2\/product"}],"about":[{"href":"https:\/\/www.argensend.com\/en\/wp-json\/wp\/v2\/types\/product"}],"replies":[{"embeddable":true,"href":"https:\/\/www.argensend.com\/en\/wp-json\/wp\/v2\/comments?post=52926"}],"version-history":[{"count":3,"href":"https:\/\/www.argensend.com\/en\/wp-json\/wp\/v2\/product\/52926\/revisions"}],"predecessor-version":[{"id":104074,"href":"https:\/\/www.argensend.com\/en\/wp-json\/wp\/v2\/product\/52926\/revisions\/104074"}],"wp:featuredmedia":[{"embeddable":true,"href":"https:\/\/www.argensend.com\/en\/wp-json\/wp\/v2\/media\/52927"}],"wp:attachment":[{"href":"https:\/\/www.argensend.com\/en\/wp-json\/wp\/v2\/media?parent=52926"}],"wp:term":[{"taxonomy":"brand","embeddable":true,"href":"https:\/\/www.argensend.com\/en\/wp-json\/wp\/v2\/etheme_brands?post=52926"},{"taxonomy":"product_brand","embeddable":true,"href":"https:\/\/www.argensend.com\/en\/wp-json\/wp\/v2\/product_brand?post=52926"},{"taxonomy":"product_cat","embeddable":true,"href":"https:\/\/www.argensend.com\/en\/wp-json\/wp\/v2\/product_cat?post=52926"},{"taxonomy":"product_tag","embeddable":true,"href":"https:\/\/www.argensend.com\/en\/wp-json\/wp\/v2\/product_tag?post=52926"}],"curies":[{"name":"wp","href":"https:\/\/api.w.org\/{rel}","templated":true}]}}