{"id":52941,"date":"2022-08-25T08:29:42","date_gmt":"2022-08-25T11:29:42","guid":{"rendered":"https:\/\/www.argensend.com\/?post_type=product&#038;p=52941"},"modified":"2024-12-06T16:29:34","modified_gmt":"2024-12-06T19:29:34","slug":"acf-serum-humectante-balance-vol-1-dadatina-x-30-ml-acf-dadatina-moisturizing-serum-x-1-01ml","status":"publish","type":"product","link":"https:\/\/www.argensend.com\/en\/product\/acf-serum-humectante-balance-vol-1-dadatina-x-30-ml-acf-dadatina-moisturizing-serum-x-1-01ml\/","title":{"rendered":"ACF &#8211; Serum Humectante Balance Vol 1 Dadatina 30ml"},"content":{"rendered":"","protected":false},"excerpt":{"rendered":"<p>Su f\u00f3rmula combina \u00e1cido hialur\u00f3nico de diversos pesos moleculares con un pol\u00edmero cruzado para hidratar m\u00faltiples niveles de la piel. La vitamina B5 potencia la hidrataci\u00f3n y restaura la barrera cut\u00e1nea dejando una apariencia suave y el\u00e1stica.<\/p>\n<p>SUS PRINCIPIOS ACTIVOS<br \/>\nHYLASOME\u2122 EG-10 1,2%<br \/>\nACIDO HIALUR\u00d3NICO BPM 1%<br \/>\nVITAMINA B5 0,7%: Humecta, rellena y restaura la barrera de la piel.<\/p>\n<p>Modo de uso: colocar 3 a 4 gotas en rostro y cuello despu\u00e9s de la limpieza y presionar suavemente con las manos para que se absorba. Continuar la rutina aplicando una crema de d\u00eda\/noche.<\/p>\n<p>EN:<br \/>\nIts formula combines hyaluronic acid of various molecular weights with a cross-linked polymer to hydrate multiple levels of the skin. Vitamin B5 boosts hydration and restores the skin barrier for a smooth, supple appearance.<\/p>\n<p>ITS ACTIVE INGREDIENTS<br \/>\nHYLASOME\u2122 EG-10 1.2% HYLASOME\u2122 EG-10 1.2% HYALURONIC ACID BPM<br \/>\nHYALURONIC ACID BPM 1%.<br \/>\nVITAMIN B5 0.7%: moisturizes, replenishes and restores the skin barrier.<\/p>\n<p>How to use: place 3 to 4 drops on face and neck after cleansing and gently press with hands to absorb. Continue the routine by applying a day\/night cream.<\/p>","protected":false},"featured_media":52942,"comment_status":"closed","ping_status":"closed","template":"","meta":{"_acf_changed":false,"om_disable_all_campaigns":false,"_monsterinsights_skip_tracking":false,"_monsterinsights_sitenote_active":false,"_monsterinsights_sitenote_note":"","_monsterinsights_sitenote_category":0},"etheme_brands":[],"product_brand":[],"product_cat":[8935,8818,8802,4453],"product_tag":[9204,1612,1618,5465,9205,4488,9209,211,9207,9208,4266,9206],"class_list":{"0":"post-52941","1":"product","2":"type-product","3":"status-publish","4":"has-post-thumbnail","6":"product_cat-belleza-y-salud","7":"product_cat-perfumeria","8":"product_cat-salud-y-belleza-sin-tacc","9":"product_cat-salud-y-belleza-vegana","10":"product_tag-acf","11":"product_tag-belleza","12":"product_tag-cuidado","13":"product_tag-dada","14":"product_tag-dadatina","15":"product_tag-hialuronico","16":"product_tag-hidratar","17":"product_tag-piel","18":"product_tag-rutina","19":"product_tag-serum","20":"product_tag-skin","21":"product_tag-skincare","23":"first","24":"instock","25":"taxable","26":"shipping-taxable","27":"purchasable","28":"product-type-simple"},"acf":[],"aioseo_notices":[],"_links":{"self":[{"href":"https:\/\/www.argensend.com\/en\/wp-json\/wp\/v2\/product\/52941","targetHints":{"allow":["GET"]}}],"collection":[{"href":"https:\/\/www.argensend.com\/en\/wp-json\/wp\/v2\/product"}],"about":[{"href":"https:\/\/www.argensend.com\/en\/wp-json\/wp\/v2\/types\/product"}],"replies":[{"embeddable":true,"href":"https:\/\/www.argensend.com\/en\/wp-json\/wp\/v2\/comments?post=52941"}],"version-history":[{"count":2,"href":"https:\/\/www.argensend.com\/en\/wp-json\/wp\/v2\/product\/52941\/revisions"}],"predecessor-version":[{"id":104076,"href":"https:\/\/www.argensend.com\/en\/wp-json\/wp\/v2\/product\/52941\/revisions\/104076"}],"wp:featuredmedia":[{"embeddable":true,"href":"https:\/\/www.argensend.com\/en\/wp-json\/wp\/v2\/media\/52942"}],"wp:attachment":[{"href":"https:\/\/www.argensend.com\/en\/wp-json\/wp\/v2\/media?parent=52941"}],"wp:term":[{"taxonomy":"brand","embeddable":true,"href":"https:\/\/www.argensend.com\/en\/wp-json\/wp\/v2\/etheme_brands?post=52941"},{"taxonomy":"product_brand","embeddable":true,"href":"https:\/\/www.argensend.com\/en\/wp-json\/wp\/v2\/product_brand?post=52941"},{"taxonomy":"product_cat","embeddable":true,"href":"https:\/\/www.argensend.com\/en\/wp-json\/wp\/v2\/product_cat?post=52941"},{"taxonomy":"product_tag","embeddable":true,"href":"https:\/\/www.argensend.com\/en\/wp-json\/wp\/v2\/product_tag?post=52941"}],"curies":[{"name":"wp","href":"https:\/\/api.w.org\/{rel}","templated":true}]}}