{"id":52954,"date":"2022-08-25T08:38:01","date_gmt":"2022-08-25T11:38:01","guid":{"rendered":"https:\/\/www.argensend.com\/?post_type=product&#038;p=52954"},"modified":"2024-12-06T16:29:34","modified_gmt":"2024-12-06T19:29:34","slug":"acf-barra-corporal-anti-roce-x-30-ml-acf-anti-roce-body-bar-x-1-01-ml","status":"publish","type":"product","link":"https:\/\/www.argensend.com\/en\/product\/acf-barra-corporal-anti-roce-x-30-ml-acf-anti-roce-body-bar-x-1-01-ml\/","title":{"rendered":"ACF &#8211; Barra Corporal Anti-Roce 30ml"},"content":{"rendered":"","protected":false},"excerpt":{"rendered":"<p>Una soluci\u00f3n real para un problema real! Todos los cuerpos, todos los talles.<br \/>\nEsta barra anti roce protege de las rozaduras provocadas por fricci\u00f3n.<br \/>\nSu f\u00f3rmula con aceite de coco, manteca de karit\u00e9 y aceite de palta, act\u00faa como un b\u00e1lsamo hidratante, creando una barrera sobre la piel que permite que los puntos del cuerpo que se rozan, se deslicen suavemente entre s\u00ed.<br \/>\nMODO DE USO:<br \/>\nAplicar directamente sobre la piel seg\u00fan sea necesario a lo largo del d\u00eda.<br \/>\nPara usar en muslos, dedos de los pies, hombros, pechos, axilas, pezones, codos, o cualquier zona que reciba fricci\u00f3n.<br \/>\nCl\u00ednica y Dermatol\u00f3gicamente testeado.<br \/>\nNo testado en animales &#8211; Cruelty free &#8211; Sin fragancia &#8211; Sin TACC &#8211; Vegano &#8211; Sin sulfatos.<\/p>\n<p>No se recomienda su uso con prendas de seda y\/u otras telas igualmente delicadas.<br \/>\nMantener a temperatura ambiente.<\/p>\n<p>EN:<br \/>\nA real solution to a real problem! All bodies, all sizes.<br \/>\nThis anti-chafing bar protects against chafing caused by friction.<br \/>\nIts formula with coconut oil, shea butter and avocado oil, acts as a moisturizing balm, creating a barrier on the skin that allows the body points that rub, to slide smoothly against each other.<br \/>\nDIRECTIONS FOR USE:<br \/>\nApply directly to the skin as needed throughout the day.<br \/>\nFor use on thighs, toes, shoulders, breasts, armpits, nipples, elbows, or any area that receives friction.<br \/>\nClinically and dermatologically tested.<br \/>\nNot tested on animals &#8211; Cruelty free &#8211; Fragrance free &#8211; TACC free &#8211; Vegan &#8211; Sulfate free.<\/p>\n<p>Not recommended for use with silk and\/or other equally delicate fabrics.<br \/>\nKeep at room temperature.<\/p>","protected":false},"featured_media":52957,"comment_status":"closed","ping_status":"closed","template":"","meta":{"_acf_changed":false,"om_disable_all_campaigns":false,"_monsterinsights_skip_tracking":false,"_monsterinsights_sitenote_active":false,"_monsterinsights_sitenote_note":"","_monsterinsights_sitenote_category":0},"etheme_brands":[],"product_brand":[],"product_cat":[8935,8818,8802,4453],"product_tag":[9204,9210,1612,1618,5465,9205,4488,9209,211,6503,9215,9207,9208,4266,9206],"class_list":{"0":"post-52954","1":"product","2":"type-product","3":"status-publish","4":"has-post-thumbnail","6":"product_cat-belleza-y-salud","7":"product_cat-perfumeria","8":"product_cat-salud-y-belleza-sin-tacc","9":"product_cat-salud-y-belleza-vegana","10":"product_tag-acf","11":"product_tag-barrera","12":"product_tag-belleza","13":"product_tag-cuidado","14":"product_tag-dada","15":"product_tag-dadatina","16":"product_tag-hialuronico","17":"product_tag-hidratar","18":"product_tag-piel","19":"product_tag-reparador","20":"product_tag-roce","21":"product_tag-rutina","22":"product_tag-serum","23":"product_tag-skin","24":"product_tag-skincare","26":"first","27":"instock","28":"taxable","29":"shipping-taxable","30":"purchasable","31":"product-type-simple"},"acf":[],"aioseo_notices":[],"_links":{"self":[{"href":"https:\/\/www.argensend.com\/en\/wp-json\/wp\/v2\/product\/52954","targetHints":{"allow":["GET"]}}],"collection":[{"href":"https:\/\/www.argensend.com\/en\/wp-json\/wp\/v2\/product"}],"about":[{"href":"https:\/\/www.argensend.com\/en\/wp-json\/wp\/v2\/types\/product"}],"replies":[{"embeddable":true,"href":"https:\/\/www.argensend.com\/en\/wp-json\/wp\/v2\/comments?post=52954"}],"version-history":[{"count":3,"href":"https:\/\/www.argensend.com\/en\/wp-json\/wp\/v2\/product\/52954\/revisions"}],"predecessor-version":[{"id":104079,"href":"https:\/\/www.argensend.com\/en\/wp-json\/wp\/v2\/product\/52954\/revisions\/104079"}],"wp:featuredmedia":[{"embeddable":true,"href":"https:\/\/www.argensend.com\/en\/wp-json\/wp\/v2\/media\/52957"}],"wp:attachment":[{"href":"https:\/\/www.argensend.com\/en\/wp-json\/wp\/v2\/media?parent=52954"}],"wp:term":[{"taxonomy":"brand","embeddable":true,"href":"https:\/\/www.argensend.com\/en\/wp-json\/wp\/v2\/etheme_brands?post=52954"},{"taxonomy":"product_brand","embeddable":true,"href":"https:\/\/www.argensend.com\/en\/wp-json\/wp\/v2\/product_brand?post=52954"},{"taxonomy":"product_cat","embeddable":true,"href":"https:\/\/www.argensend.com\/en\/wp-json\/wp\/v2\/product_cat?post=52954"},{"taxonomy":"product_tag","embeddable":true,"href":"https:\/\/www.argensend.com\/en\/wp-json\/wp\/v2\/product_tag?post=52954"}],"curies":[{"name":"wp","href":"https:\/\/api.w.org\/{rel}","templated":true}]}}