{"id":53076,"date":"2022-08-26T08:17:23","date_gmt":"2022-08-26T11:17:23","guid":{"rendered":"https:\/\/www.argensend.com\/?post_type=product&#038;p=53076"},"modified":"2025-04-21T13:55:44","modified_gmt":"2025-04-21T16:55:44","slug":"la-virginia-cafe-en-capsulas-cappuccino-dulce-de-leche-x-8-coffee-in-capsules","status":"publish","type":"product","link":"https:\/\/www.argensend.com\/en\/product\/la-virginia-cafe-en-capsulas-cappuccino-dulce-de-leche-x-8-coffee-in-capsules\/","title":{"rendered":"La Virginia &#8211; Caf\u00e9 en C\u00e1psulas Cappuccino Dulce de Leche &#8211; 8 C\u00e1psulas"},"content":{"rendered":"","protected":false},"excerpt":{"rendered":"","protected":false},"featured_media":53077,"comment_status":"closed","ping_status":"closed","template":"","meta":{"_acf_changed":false,"om_disable_all_campaigns":false,"_monsterinsights_skip_tracking":false,"_monsterinsights_sitenote_active":false,"_monsterinsights_sitenote_note":"","_monsterinsights_sitenote_category":0},"etheme_brands":[],"product_brand":[],"product_cat":[2126],"product_tag":[203,234,224,1275,4802,158,744,2921,8703,5581,2206,7686,301,6336,6339],"class_list":{"0":"post-53076","1":"product","2":"type-product","3":"status-publish","4":"has-post-thumbnail","6":"product_cat-cafe","7":"product_tag-argentina","8":"product_tag-argentine","9":"product_tag-argentino","10":"product_tag-cafe","11":"product_tag-capsules","12":"product_tag-clasico","13":"product_tag-classic","14":"product_tag-coffe","15":"product_tag-gorund","16":"product_tag-la-virginia","17":"product_tag-molido","18":"product_tag-packet","19":"product_tag-paquete","20":"product_tag-roasted","21":"product_tag-torrado","23":"first","24":"instock","25":"sale","26":"taxable","27":"shipping-taxable","28":"purchasable","29":"product-type-simple"},"acf":[],"aioseo_notices":[],"_links":{"self":[{"href":"https:\/\/www.argensend.com\/en\/wp-json\/wp\/v2\/product\/53076","targetHints":{"allow":["GET"]}}],"collection":[{"href":"https:\/\/www.argensend.com\/en\/wp-json\/wp\/v2\/product"}],"about":[{"href":"https:\/\/www.argensend.com\/en\/wp-json\/wp\/v2\/types\/product"}],"replies":[{"embeddable":true,"href":"https:\/\/www.argensend.com\/en\/wp-json\/wp\/v2\/comments?post=53076"}],"version-history":[{"count":3,"href":"https:\/\/www.argensend.com\/en\/wp-json\/wp\/v2\/product\/53076\/revisions"}],"predecessor-version":[{"id":112491,"href":"https:\/\/www.argensend.com\/en\/wp-json\/wp\/v2\/product\/53076\/revisions\/112491"}],"wp:featuredmedia":[{"embeddable":true,"href":"https:\/\/www.argensend.com\/en\/wp-json\/wp\/v2\/media\/53077"}],"wp:attachment":[{"href":"https:\/\/www.argensend.com\/en\/wp-json\/wp\/v2\/media?parent=53076"}],"wp:term":[{"taxonomy":"brand","embeddable":true,"href":"https:\/\/www.argensend.com\/en\/wp-json\/wp\/v2\/etheme_brands?post=53076"},{"taxonomy":"product_brand","embeddable":true,"href":"https:\/\/www.argensend.com\/en\/wp-json\/wp\/v2\/product_brand?post=53076"},{"taxonomy":"product_cat","embeddable":true,"href":"https:\/\/www.argensend.com\/en\/wp-json\/wp\/v2\/product_cat?post=53076"},{"taxonomy":"product_tag","embeddable":true,"href":"https:\/\/www.argensend.com\/en\/wp-json\/wp\/v2\/product_tag?post=53076"}],"curies":[{"name":"wp","href":"https:\/\/api.w.org\/{rel}","templated":true}]}}