{"id":53133,"date":"2022-08-26T12:10:46","date_gmt":"2022-08-26T15:10:46","guid":{"rendered":"https:\/\/www.argensend.com\/?post_type=product&#038;p=53133"},"modified":"2024-12-06T16:29:42","modified_gmt":"2024-12-06T19:29:42","slug":"lidherma-hyaluronic-4d-face-cream-x-50-gr-1-76-oz","status":"publish","type":"product","link":"https:\/\/www.argensend.com\/en\/product\/lidherma-hyaluronic-4d-face-cream-x-50-gr-1-76-oz\/","title":{"rendered":"Lidherma &#8211; Hyaluronic 4D Face Cream 50gr"},"content":{"rendered":"","protected":false},"excerpt":{"rendered":"<p>Crema facial hidratante con efecto relleno. Su textura fresca y liviana la hace ideal para todos los tipos de piel.<br \/>\nF\u00f3rmulado con un activo que combina cuatro mol\u00e9culas diferentes de \u00e1cido hialur\u00f3nico que act\u00faan en distintos niveles. Protege el estrato c\u00f3rneo, brinda hidrataci\u00f3n y tiene efecto relleno. Forma un film sobre la superficie de la piel que retiene la humedad y la protege de la p\u00e9rdida de agua.<\/p>\n<p>EN:<br \/>\nMoisturizing facial cream with plumping effect. Its fresh and light texture makes it ideal for all skin types.<br \/>\nFormulated with an active ingredient that combines four different hyaluronic acid molecules that act at different levels. Protects the stratum corneum, provides hydration and has a plumping effect. Forms a film on the surface of the skin that retains moisture and protects it from water loss.<\/p>","protected":false},"featured_media":53135,"comment_status":"closed","ping_status":"closed","template":"","meta":{"_acf_changed":false,"om_disable_all_campaigns":false,"_monsterinsights_skip_tracking":false,"_monsterinsights_sitenote_active":false,"_monsterinsights_sitenote_note":"","_monsterinsights_sitenote_category":0},"etheme_brands":[],"product_brand":[],"product_cat":[8935,8818],"product_tag":[9260,1863,9271,1612,9270,3014,456,1618,6494,9259,807,4266],"class_list":{"0":"post-53133","1":"product","2":"type-product","3":"status-publish","4":"has-post-thumbnail","6":"product_cat-belleza-y-salud","7":"product_cat-perfumeria","8":"product_tag-age","9":"product_tag-anti","10":"product_tag-arrugas","11":"product_tag-belleza","12":"product_tag-contorno","13":"product_tag-cream","14":"product_tag-crema","15":"product_tag-cuidado","16":"product_tag-hidratacion","17":"product_tag-lidherma","18":"product_tag-salud","19":"product_tag-skin","21":"first","22":"instock","23":"taxable","24":"shipping-taxable","25":"purchasable","26":"product-type-simple"},"acf":[],"aioseo_notices":[],"_links":{"self":[{"href":"https:\/\/www.argensend.com\/en\/wp-json\/wp\/v2\/product\/53133","targetHints":{"allow":["GET"]}}],"collection":[{"href":"https:\/\/www.argensend.com\/en\/wp-json\/wp\/v2\/product"}],"about":[{"href":"https:\/\/www.argensend.com\/en\/wp-json\/wp\/v2\/types\/product"}],"replies":[{"embeddable":true,"href":"https:\/\/www.argensend.com\/en\/wp-json\/wp\/v2\/comments?post=53133"}],"version-history":[{"count":2,"href":"https:\/\/www.argensend.com\/en\/wp-json\/wp\/v2\/product\/53133\/revisions"}],"predecessor-version":[{"id":104091,"href":"https:\/\/www.argensend.com\/en\/wp-json\/wp\/v2\/product\/53133\/revisions\/104091"}],"wp:featuredmedia":[{"embeddable":true,"href":"https:\/\/www.argensend.com\/en\/wp-json\/wp\/v2\/media\/53135"}],"wp:attachment":[{"href":"https:\/\/www.argensend.com\/en\/wp-json\/wp\/v2\/media?parent=53133"}],"wp:term":[{"taxonomy":"brand","embeddable":true,"href":"https:\/\/www.argensend.com\/en\/wp-json\/wp\/v2\/etheme_brands?post=53133"},{"taxonomy":"product_brand","embeddable":true,"href":"https:\/\/www.argensend.com\/en\/wp-json\/wp\/v2\/product_brand?post=53133"},{"taxonomy":"product_cat","embeddable":true,"href":"https:\/\/www.argensend.com\/en\/wp-json\/wp\/v2\/product_cat?post=53133"},{"taxonomy":"product_tag","embeddable":true,"href":"https:\/\/www.argensend.com\/en\/wp-json\/wp\/v2\/product_tag?post=53133"}],"curies":[{"name":"wp","href":"https:\/\/api.w.org\/{rel}","templated":true}]}}