{"id":53158,"date":"2022-08-26T13:02:36","date_gmt":"2022-08-26T16:02:36","guid":{"rendered":"https:\/\/www.argensend.com\/?post_type=product&#038;p=53158"},"modified":"2024-12-06T16:29:43","modified_gmt":"2024-12-06T19:29:43","slug":"lidherma-radin-c-firming-body-cream-x-180-gr-6-34-oz","status":"publish","type":"product","link":"https:\/\/www.argensend.com\/en\/product\/lidherma-radin-c-firming-body-cream-x-180-gr-6-34-oz\/","title":{"rendered":"Lidherma &#8211; Radin C Firming Body Cream 180gr"},"content":{"rendered":"","protected":false},"excerpt":{"rendered":"<p>Emulsi\u00f3n corporal con una innovadora mol\u00e9cula de vitamina C, alfa arbutina, resveratrol, melanina y p\u00e9ptidos espec\u00edficos.<br \/>\nSus activos ayudan a mejorar la formaci\u00f3n de col\u00e1geno, otorgar mayor firmeza, atenuar las manchas, disminuir la producci\u00f3n de melanina y evitar la formaci\u00f3n de radicales libres. Mejora el aspecto global de la piel del cuerpo.<br \/>\n Crema corporal.<br \/>\n Antioxidante.<br \/>\n Afirmante.<br \/>\n Vitamina C.<br \/>\nEN:<br \/>\nBody emulsion with an innovative vitamin C molecule, alpha arbutin, resveratrol, melanin and specific peptides.<br \/>\nIts active ingredients help to improve collagen formation, give greater firmness, attenuate blemishes, reduce melanin production and prevent the formation of free radicals. Improves the overall appearance of the body&#8217;s skin.<br \/>\n Body cream.<br \/>\n Antioxidant.<br \/>\n Firming.<br \/>\n Vitamin C.<\/p>","protected":false},"featured_media":53159,"comment_status":"closed","ping_status":"closed","template":"","meta":{"_acf_changed":false,"om_disable_all_campaigns":false,"_monsterinsights_skip_tracking":false,"_monsterinsights_sitenote_active":false,"_monsterinsights_sitenote_note":"","_monsterinsights_sitenote_category":0},"etheme_brands":[],"product_brand":[],"product_cat":[8935,8818],"product_tag":[9260,1863,9271,3246,1612,5030,9270,3014,456,1618,4265,4685,6494,9259,9274,807,4266,4673],"class_list":{"0":"post-53158","1":"product","2":"type-product","3":"status-publish","4":"has-post-thumbnail","6":"product_cat-belleza-y-salud","7":"product_cat-perfumeria","8":"product_tag-age","9":"product_tag-anti","10":"product_tag-arrugas","11":"product_tag-beauty","12":"product_tag-belleza","13":"product_tag-c","14":"product_tag-contorno","15":"product_tag-cream","16":"product_tag-crema","17":"product_tag-cuidado","18":"product_tag-face","19":"product_tag-facial","20":"product_tag-hidratacion","21":"product_tag-lidherma","22":"product_tag-limpiador","23":"product_tag-salud","24":"product_tag-skin","25":"product_tag-vitamina","27":"first","28":"instock","29":"taxable","30":"shipping-taxable","31":"purchasable","32":"product-type-simple"},"acf":[],"aioseo_notices":[],"_links":{"self":[{"href":"https:\/\/www.argensend.com\/en\/wp-json\/wp\/v2\/product\/53158","targetHints":{"allow":["GET"]}}],"collection":[{"href":"https:\/\/www.argensend.com\/en\/wp-json\/wp\/v2\/product"}],"about":[{"href":"https:\/\/www.argensend.com\/en\/wp-json\/wp\/v2\/types\/product"}],"replies":[{"embeddable":true,"href":"https:\/\/www.argensend.com\/en\/wp-json\/wp\/v2\/comments?post=53158"}],"version-history":[{"count":2,"href":"https:\/\/www.argensend.com\/en\/wp-json\/wp\/v2\/product\/53158\/revisions"}],"predecessor-version":[{"id":104098,"href":"https:\/\/www.argensend.com\/en\/wp-json\/wp\/v2\/product\/53158\/revisions\/104098"}],"wp:featuredmedia":[{"embeddable":true,"href":"https:\/\/www.argensend.com\/en\/wp-json\/wp\/v2\/media\/53159"}],"wp:attachment":[{"href":"https:\/\/www.argensend.com\/en\/wp-json\/wp\/v2\/media?parent=53158"}],"wp:term":[{"taxonomy":"brand","embeddable":true,"href":"https:\/\/www.argensend.com\/en\/wp-json\/wp\/v2\/etheme_brands?post=53158"},{"taxonomy":"product_brand","embeddable":true,"href":"https:\/\/www.argensend.com\/en\/wp-json\/wp\/v2\/product_brand?post=53158"},{"taxonomy":"product_cat","embeddable":true,"href":"https:\/\/www.argensend.com\/en\/wp-json\/wp\/v2\/product_cat?post=53158"},{"taxonomy":"product_tag","embeddable":true,"href":"https:\/\/www.argensend.com\/en\/wp-json\/wp\/v2\/product_tag?post=53158"}],"curies":[{"name":"wp","href":"https:\/\/api.w.org\/{rel}","templated":true}]}}