{"id":53162,"date":"2022-08-26T13:10:47","date_gmt":"2022-08-26T16:10:47","guid":{"rendered":"https:\/\/www.argensend.com\/?post_type=product&#038;p=53162"},"modified":"2024-12-06T16:29:43","modified_gmt":"2024-12-06T19:29:43","slug":"lidherma-retinol-a-emulsion-x-30-ml-1-01-fl-oz","status":"publish","type":"product","link":"https:\/\/www.argensend.com\/en\/product\/lidherma-retinol-a-emulsion-x-30-ml-1-01-fl-oz\/","title":{"rendered":"Lidherma &#8211; Retinol A+ Emulsi\u00f3n &#8211; 30ml (101 Fl Oz)"},"content":{"rendered":"","protected":false},"excerpt":{"rendered":"<p>Emulsion con retinol y nicotinamida que previene los signos del envejecimiento. El retinol produce una gran renovacion celular y la nicotinamida mantiene la integridad de la piel.<\/p>\n<p>Modo de uso: Aplicar sobre la piel limpia y seca del rostro hasta cuatro veces por semana, alternando los d\u00edas. Aumentar gradualmente la frecuencia de acuerdo a la tolerancia de la piel. Para tratar el cuello, proceder de igual manera, comenzando con tres d\u00edas por semana. Durante el d\u00eda, utilizar siempre protector solar de la l\u00ednea Lidherma.<br \/>\nEN:<br \/>\nEmulsion with retinol and nicotinamide that prevents the signs of aging. Retinol produces a great cell renewal and nicotinamide maintains the integrity of the skin.<\/p>\n<p>Directions for use: Apply to clean, dry facial skin up to four times a week, alternating days. Gradually increase the frequency according to skin tolerance. To treat the neck, proceed in the same way, starting with three days per week. During the day, always use sunscreen from the Lidherma line.<\/p>","protected":false},"featured_media":53163,"comment_status":"closed","ping_status":"closed","template":"","meta":{"_acf_changed":false,"om_disable_all_campaigns":false,"_monsterinsights_skip_tracking":false,"_monsterinsights_sitenote_active":false,"_monsterinsights_sitenote_note":"","_monsterinsights_sitenote_category":0},"etheme_brands":[],"product_brand":[],"product_cat":[8935],"product_tag":[9260,1863,9271,3246,1612,5030,9270,3014,456,1618,4265,4685,6494,9259,9274,807,4266,4673],"class_list":{"0":"post-53162","1":"product","2":"type-product","3":"status-publish","4":"has-post-thumbnail","6":"product_cat-belleza-y-salud","7":"product_tag-age","8":"product_tag-anti","9":"product_tag-arrugas","10":"product_tag-beauty","11":"product_tag-belleza","12":"product_tag-c","13":"product_tag-contorno","14":"product_tag-cream","15":"product_tag-crema","16":"product_tag-cuidado","17":"product_tag-face","18":"product_tag-facial","19":"product_tag-hidratacion","20":"product_tag-lidherma","21":"product_tag-limpiador","22":"product_tag-salud","23":"product_tag-skin","24":"product_tag-vitamina","26":"first","27":"instock","28":"taxable","29":"shipping-taxable","30":"purchasable","31":"product-type-simple"},"acf":[],"aioseo_notices":[],"_links":{"self":[{"href":"https:\/\/www.argensend.com\/en\/wp-json\/wp\/v2\/product\/53162","targetHints":{"allow":["GET"]}}],"collection":[{"href":"https:\/\/www.argensend.com\/en\/wp-json\/wp\/v2\/product"}],"about":[{"href":"https:\/\/www.argensend.com\/en\/wp-json\/wp\/v2\/types\/product"}],"replies":[{"embeddable":true,"href":"https:\/\/www.argensend.com\/en\/wp-json\/wp\/v2\/comments?post=53162"}],"version-history":[{"count":2,"href":"https:\/\/www.argensend.com\/en\/wp-json\/wp\/v2\/product\/53162\/revisions"}],"predecessor-version":[{"id":104100,"href":"https:\/\/www.argensend.com\/en\/wp-json\/wp\/v2\/product\/53162\/revisions\/104100"}],"wp:featuredmedia":[{"embeddable":true,"href":"https:\/\/www.argensend.com\/en\/wp-json\/wp\/v2\/media\/53163"}],"wp:attachment":[{"href":"https:\/\/www.argensend.com\/en\/wp-json\/wp\/v2\/media?parent=53162"}],"wp:term":[{"taxonomy":"brand","embeddable":true,"href":"https:\/\/www.argensend.com\/en\/wp-json\/wp\/v2\/etheme_brands?post=53162"},{"taxonomy":"product_brand","embeddable":true,"href":"https:\/\/www.argensend.com\/en\/wp-json\/wp\/v2\/product_brand?post=53162"},{"taxonomy":"product_cat","embeddable":true,"href":"https:\/\/www.argensend.com\/en\/wp-json\/wp\/v2\/product_cat?post=53162"},{"taxonomy":"product_tag","embeddable":true,"href":"https:\/\/www.argensend.com\/en\/wp-json\/wp\/v2\/product_tag?post=53162"}],"curies":[{"name":"wp","href":"https:\/\/api.w.org\/{rel}","templated":true}]}}