{"id":53167,"date":"2022-08-26T13:31:41","date_gmt":"2022-08-26T16:31:41","guid":{"rendered":"https:\/\/www.argensend.com\/?post_type=product&#038;p=53167"},"modified":"2024-12-06T16:29:44","modified_gmt":"2024-12-06T19:29:44","slug":"lidherma-dherma-science-night-reset-cream-x-50-gr-1-76-oz","status":"publish","type":"product","link":"https:\/\/www.argensend.com\/en\/product\/lidherma-dherma-science-night-reset-cream-x-50-gr-1-76-oz\/","title":{"rendered":"Lidherma &#8211; Dherma Science Night Reset Cream 50gr"},"content":{"rendered":"","protected":false},"excerpt":{"rendered":"<p>Crema evanescente de uso nocturno que ayuda a equilibrar el exceso de cortisol, causante del estr\u00e9s cr\u00f3nico.<br \/>\nAdem\u00e1s, contiene un activo que combina todos los beneficios del \u00c1cido Hialur\u00f3nico en sinergia con un silanol que le permite actuar sobre los mecanismos de hidrataci\u00f3n, redensificaci\u00f3n y elasticidad de la piel.<br \/>\nContiene un exquisito emoliente de Manteca de Karit\u00e9 y Fosfol\u00edpidos de Girasol. Con el uso continuado, la piel del rostro vuelve a tener un aspecto saludable y juvenil.<br \/>\nEN:<br \/>\nEvanescent cream for night use that helps balance excess cortisol, the cause of chronic stress.<br \/>\nIn addition, it contains an active ingredient that combines all the benefits of Hyaluronic Acid in synergy with a silanol that allows it to act on the mechanisms of hydration, redensification and elasticity of the skin.<br \/>\nIt contains an exquisite emollient of Shea Butter and Sunflower Phospholipids. With continued use, facial skin regains a healthy and youthful appearance.  <\/p>","protected":false},"featured_media":53168,"comment_status":"closed","ping_status":"closed","template":"","meta":{"_acf_changed":false,"om_disable_all_campaigns":false,"_monsterinsights_skip_tracking":false,"_monsterinsights_sitenote_active":false,"_monsterinsights_sitenote_note":"","_monsterinsights_sitenote_category":0},"etheme_brands":[],"product_brand":[],"product_cat":[8935,8818],"product_tag":[9260,1863,9271,3246,1612,5030,9270,3014,456,1618,4265,4685,6494,9259,9274,807,4266,4673],"class_list":{"0":"post-53167","1":"product","2":"type-product","3":"status-publish","4":"has-post-thumbnail","6":"product_cat-belleza-y-salud","7":"product_cat-perfumeria","8":"product_tag-age","9":"product_tag-anti","10":"product_tag-arrugas","11":"product_tag-beauty","12":"product_tag-belleza","13":"product_tag-c","14":"product_tag-contorno","15":"product_tag-cream","16":"product_tag-crema","17":"product_tag-cuidado","18":"product_tag-face","19":"product_tag-facial","20":"product_tag-hidratacion","21":"product_tag-lidherma","22":"product_tag-limpiador","23":"product_tag-salud","24":"product_tag-skin","25":"product_tag-vitamina","27":"first","28":"instock","29":"taxable","30":"shipping-taxable","31":"purchasable","32":"product-type-simple"},"acf":[],"aioseo_notices":[],"_links":{"self":[{"href":"https:\/\/www.argensend.com\/en\/wp-json\/wp\/v2\/product\/53167","targetHints":{"allow":["GET"]}}],"collection":[{"href":"https:\/\/www.argensend.com\/en\/wp-json\/wp\/v2\/product"}],"about":[{"href":"https:\/\/www.argensend.com\/en\/wp-json\/wp\/v2\/types\/product"}],"replies":[{"embeddable":true,"href":"https:\/\/www.argensend.com\/en\/wp-json\/wp\/v2\/comments?post=53167"}],"version-history":[{"count":2,"href":"https:\/\/www.argensend.com\/en\/wp-json\/wp\/v2\/product\/53167\/revisions"}],"predecessor-version":[{"id":104102,"href":"https:\/\/www.argensend.com\/en\/wp-json\/wp\/v2\/product\/53167\/revisions\/104102"}],"wp:featuredmedia":[{"embeddable":true,"href":"https:\/\/www.argensend.com\/en\/wp-json\/wp\/v2\/media\/53168"}],"wp:attachment":[{"href":"https:\/\/www.argensend.com\/en\/wp-json\/wp\/v2\/media?parent=53167"}],"wp:term":[{"taxonomy":"brand","embeddable":true,"href":"https:\/\/www.argensend.com\/en\/wp-json\/wp\/v2\/etheme_brands?post=53167"},{"taxonomy":"product_brand","embeddable":true,"href":"https:\/\/www.argensend.com\/en\/wp-json\/wp\/v2\/product_brand?post=53167"},{"taxonomy":"product_cat","embeddable":true,"href":"https:\/\/www.argensend.com\/en\/wp-json\/wp\/v2\/product_cat?post=53167"},{"taxonomy":"product_tag","embeddable":true,"href":"https:\/\/www.argensend.com\/en\/wp-json\/wp\/v2\/product_tag?post=53167"}],"curies":[{"name":"wp","href":"https:\/\/api.w.org\/{rel}","templated":true}]}}