{"id":53171,"date":"2022-08-26T13:44:14","date_gmt":"2022-08-26T16:44:14","guid":{"rendered":"https:\/\/www.argensend.com\/?post_type=product&#038;p=53171"},"modified":"2024-12-06T16:29:46","modified_gmt":"2024-12-06T19:29:46","slug":"lidherma-dherma-science-firming-neck-cream-x-50-gr-1-76-oz","status":"publish","type":"product","link":"https:\/\/www.argensend.com\/en\/product\/lidherma-dherma-science-firming-neck-cream-x-50-gr-1-76-oz\/","title":{"rendered":"Lidherma &#8211; Dherma Science Firming Neck Cream 50gr"},"content":{"rendered":"","protected":false},"excerpt":{"rendered":"<p>Crema muy exquisita con alto poder tensor y afirmante, especialmente formulada para el cuello y el escote.<br \/>\nMejora la estructura del col\u00e1geno y ayuda a retrasar el envejecimiento cut\u00e1neo.<br \/>\nSus activos ayudan a proteger las prote\u00ednas, por lo que proporcionan firmeza a la piel. Mantiene un \u00f3ptimo nivel de hidrataci\u00f3n.<br \/>\nEN:<br \/>\nVery exquisite cream with high tightening and firming power, specially formulated for the neck and d\u00e9collet\u00e9.<br \/>\nImproves collagen structure and helps delay skin aging.<br \/>\nIts active ingredients help protect proteins, thus providing firmness to the skin. Maintains an optimal level of hydration. <\/p>","protected":false},"featured_media":53172,"comment_status":"closed","ping_status":"closed","template":"","meta":{"_acf_changed":false,"om_disable_all_campaigns":false,"_monsterinsights_skip_tracking":false,"_monsterinsights_sitenote_active":false,"_monsterinsights_sitenote_note":"","_monsterinsights_sitenote_category":0},"etheme_brands":[],"product_brand":[],"product_cat":[8935,8818],"product_tag":[9260,1863,9271,3246,1612,5030,9270,3014,456,1618,4265,4685,6494,9259,9274,807,4266,4673],"class_list":{"0":"post-53171","1":"product","2":"type-product","3":"status-publish","4":"has-post-thumbnail","6":"product_cat-belleza-y-salud","7":"product_cat-perfumeria","8":"product_tag-age","9":"product_tag-anti","10":"product_tag-arrugas","11":"product_tag-beauty","12":"product_tag-belleza","13":"product_tag-c","14":"product_tag-contorno","15":"product_tag-cream","16":"product_tag-crema","17":"product_tag-cuidado","18":"product_tag-face","19":"product_tag-facial","20":"product_tag-hidratacion","21":"product_tag-lidherma","22":"product_tag-limpiador","23":"product_tag-salud","24":"product_tag-skin","25":"product_tag-vitamina","27":"first","28":"instock","29":"taxable","30":"shipping-taxable","31":"purchasable","32":"product-type-simple"},"acf":[],"aioseo_notices":[],"_links":{"self":[{"href":"https:\/\/www.argensend.com\/en\/wp-json\/wp\/v2\/product\/53171","targetHints":{"allow":["GET"]}}],"collection":[{"href":"https:\/\/www.argensend.com\/en\/wp-json\/wp\/v2\/product"}],"about":[{"href":"https:\/\/www.argensend.com\/en\/wp-json\/wp\/v2\/types\/product"}],"replies":[{"embeddable":true,"href":"https:\/\/www.argensend.com\/en\/wp-json\/wp\/v2\/comments?post=53171"}],"version-history":[{"count":2,"href":"https:\/\/www.argensend.com\/en\/wp-json\/wp\/v2\/product\/53171\/revisions"}],"predecessor-version":[{"id":104104,"href":"https:\/\/www.argensend.com\/en\/wp-json\/wp\/v2\/product\/53171\/revisions\/104104"}],"wp:featuredmedia":[{"embeddable":true,"href":"https:\/\/www.argensend.com\/en\/wp-json\/wp\/v2\/media\/53172"}],"wp:attachment":[{"href":"https:\/\/www.argensend.com\/en\/wp-json\/wp\/v2\/media?parent=53171"}],"wp:term":[{"taxonomy":"brand","embeddable":true,"href":"https:\/\/www.argensend.com\/en\/wp-json\/wp\/v2\/etheme_brands?post=53171"},{"taxonomy":"product_brand","embeddable":true,"href":"https:\/\/www.argensend.com\/en\/wp-json\/wp\/v2\/product_brand?post=53171"},{"taxonomy":"product_cat","embeddable":true,"href":"https:\/\/www.argensend.com\/en\/wp-json\/wp\/v2\/product_cat?post=53171"},{"taxonomy":"product_tag","embeddable":true,"href":"https:\/\/www.argensend.com\/en\/wp-json\/wp\/v2\/product_tag?post=53171"}],"curies":[{"name":"wp","href":"https:\/\/api.w.org\/{rel}","templated":true}]}}