{"id":53238,"date":"2022-08-29T14:47:16","date_gmt":"2022-08-29T17:47:16","guid":{"rendered":"https:\/\/www.argensend.com\/?post_type=product&#038;p=53238"},"modified":"2025-04-22T17:59:42","modified_gmt":"2025-04-22T20:59:42","slug":"beepure-dulce-de-leche-sin-azucar-agregada-x-400-gr-dulce-de-leche-no-sugar-added-x-14-10-oz","status":"publish","type":"product","link":"https:\/\/www.argensend.com\/en\/product\/beepure-dulce-de-leche-sin-azucar-agregada-x-400-gr-dulce-de-leche-no-sugar-added-x-14-10-oz\/","title":{"rendered":"BeePure &#8211; Dulce de Leche Sin Az\u00facar Agregada 400gr"},"content":{"rendered":"","protected":false},"excerpt":{"rendered":"<p>El dulce de leche sin az\u00facar agregada BEEPURE se prepara con leche de tambos de Magdalena, Buenos Aires. Est\u00e1 endulzado con sucralosa, por lo cual es apto para diab\u00e9ticos (los hidratos de carbono -az\u00facares- que se utilizan para espesar el producto son de bajo \u00edndice gluc\u00e9mico y de bajo aporte cal\u00f3rico). Elaboramos el dulce de leche mediante un proceso artesanal que le otorgan un sabor real y textura suave, para combinar con todo.<\/p>\n<p>EN:<\/p>\n<p>BEEPURE sugar-free dulce de leche is made with milk from dairy farms in Magdalena, Buenos Aires. It is sweetened with sucralose, which makes it suitable for diabetics (the carbohydrates -sugars- used to thicken the product have a low glycemic index and low caloric content). We elaborate the dulce de leche through an artisan process that gives it a real flavor and smooth texture, to combine with everything.<\/p>","protected":false},"featured_media":53239,"comment_status":"closed","ping_status":"closed","template":"","meta":{"_acf_changed":false,"om_disable_all_campaigns":false,"_monsterinsights_skip_tracking":false,"_monsterinsights_sitenote_active":false,"_monsterinsights_sitenote_note":"","_monsterinsights_sitenote_category":0,"jetpack_post_was_ever_published":false},"etheme_brands":[],"product_brand":[],"product_cat":[81,8808,8790],"product_tag":[9279,4681,9280,1500,67,278,9182,3838,1549,3917,8480,4130,172,746,9281,1777,748],"class_list":{"0":"post-53238","1":"product","2":"type-product","3":"status-publish","4":"has-post-thumbnail","6":"product_cat-dulce-de-leche","7":"product_cat-dulce-kosher","8":"product_cat-pasteleria-y-reposteria","9":"product_tag-beepure","10":"product_tag-breakfast","11":"product_tag-de-leche","12":"product_tag-desayuno","13":"product_tag-dulce","14":"product_tag-free","15":"product_tag-gluteen","16":"product_tag-merienda","17":"product_tag-miel","18":"product_tag-no","19":"product_tag-no-sugar-added","20":"product_tag-organic","21":"product_tag-organico","22":"product_tag-sin","23":"product_tag-suggar","24":"product_tag-sweet","25":"product_tag-tacc","27":"first","28":"outofstock","29":"taxable","30":"shipping-taxable","31":"purchasable","32":"product-type-simple"},"acf":[],"aioseo_notices":[],"jetpack_sharing_enabled":true,"_links":{"self":[{"href":"https:\/\/www.argensend.com\/en\/wp-json\/wp\/v2\/product\/53238","targetHints":{"allow":["GET"]}}],"collection":[{"href":"https:\/\/www.argensend.com\/en\/wp-json\/wp\/v2\/product"}],"about":[{"href":"https:\/\/www.argensend.com\/en\/wp-json\/wp\/v2\/types\/product"}],"replies":[{"embeddable":true,"href":"https:\/\/www.argensend.com\/en\/wp-json\/wp\/v2\/comments?post=53238"}],"version-history":[{"count":2,"href":"https:\/\/www.argensend.com\/en\/wp-json\/wp\/v2\/product\/53238\/revisions"}],"predecessor-version":[{"id":98687,"href":"https:\/\/www.argensend.com\/en\/wp-json\/wp\/v2\/product\/53238\/revisions\/98687"}],"wp:featuredmedia":[{"embeddable":true,"href":"https:\/\/www.argensend.com\/en\/wp-json\/wp\/v2\/media\/53239"}],"wp:attachment":[{"href":"https:\/\/www.argensend.com\/en\/wp-json\/wp\/v2\/media?parent=53238"}],"wp:term":[{"taxonomy":"brand","embeddable":true,"href":"https:\/\/www.argensend.com\/en\/wp-json\/wp\/v2\/etheme_brands?post=53238"},{"taxonomy":"product_brand","embeddable":true,"href":"https:\/\/www.argensend.com\/en\/wp-json\/wp\/v2\/product_brand?post=53238"},{"taxonomy":"product_cat","embeddable":true,"href":"https:\/\/www.argensend.com\/en\/wp-json\/wp\/v2\/product_cat?post=53238"},{"taxonomy":"product_tag","embeddable":true,"href":"https:\/\/www.argensend.com\/en\/wp-json\/wp\/v2\/product_tag?post=53238"}],"curies":[{"name":"wp","href":"https:\/\/api.w.org\/{rel}","templated":true}]}}