{"id":53279,"date":"2022-08-30T09:03:41","date_gmt":"2022-08-30T12:03:41","guid":{"rendered":"https:\/\/www.argensend.com\/?post_type=product&#038;p=53279"},"modified":"2025-04-22T17:59:42","modified_gmt":"2025-04-22T20:59:42","slug":"beepure-edulcorante-organico-a-base-de-stevia-en-sobres-organic-stevia-sweetener-in-sachets","status":"publish","type":"product","link":"https:\/\/www.argensend.com\/en\/product\/beepure-edulcorante-organico-a-base-de-stevia-en-sobres-organic-stevia-sweetener-in-sachets\/","title":{"rendered":"Beepure &#8211; Edulcorante Org\u00e1nico a Base de Stevia en Sobres"},"content":{"rendered":"","protected":false},"excerpt":{"rendered":"<p dir=\"ltr\"><strong>EDULCORANTE ORG\u00c1NICO BEEPURE A BASE DE STEVIA<\/strong><\/p>\n<p dir=\"ltr\">El edulcorante org\u00e1nico de BEEPURE se prepara con Stevia org\u00e1nica de la provincia de Entre R\u00edos. De los 10 endulzantes presentes en la hoja de Stevia, elegimos el Rebaudi\u00f3sido-A, que es el de menor sabor amargo y el que m\u00e1s se parece al az\u00facar de ca\u00f1a. En la composici\u00f3n, se utiliza una m\u00ednima cantidad de az\u00facar org\u00e1nica a modo de transporte del Stevia necesario para endulzar una infusi\u00f3n, ya que son cantidades \u00ednfimas. Cada sobre tiene solo tres calor\u00edas, lo cual es considerado por el C\u00f3digo Alimentario Argentino como 0% calor\u00edas.<\/p>\n<p dir=\"ltr\">Un sobre equivale a dos cucharaditas de az\u00facar y es ideal para endulzar infusiones, bebidas y preparaciones dulces. Est\u00e1 certificado por Food Safety SA.<\/p>\n<p dir=\"ltr\">EN:<\/p>\n<p>BEEPURE ORGANIC SWEETENER BASED ON STEVIA<\/p>\n<p>BEEPURE&#8217;s organic sweetener is prepared with organic Stevia from the province of Entre Rios. Of the 10 sweeteners present in the Stevia leaf, we chose Rebaudioside-A, which has the least bitter taste and the closest resemblance to cane sugar. In the composition, a minimal amount of organic sugar is used to transport the Stevia needed to sweeten an infusion, as these are tiny amounts. Each sachet has only three calories, which is considered by the Argentine Food Code as 0% calories.<\/p>\n<p>One sachet is equivalent to two teaspoons of sugar and is ideal for sweetening infusions, drinks and sweet preparations. It is certified by Food Safety SA.<\/p>","protected":false},"featured_media":53280,"comment_status":"closed","ping_status":"closed","template":"","meta":{"_acf_changed":false,"om_disable_all_campaigns":false,"_monsterinsights_skip_tracking":false,"_monsterinsights_sitenote_active":false,"_monsterinsights_sitenote_note":"","_monsterinsights_sitenote_category":0},"etheme_brands":[],"product_brand":[],"product_cat":[8790,2144],"product_tag":[5391,8895,165,9282,4130,172,2233],"class_list":{"0":"post-53279","1":"product","2":"type-product","3":"status-publish","4":"has-post-thumbnail","6":"product_cat-pasteleria-y-reposteria","7":"product_cat-yerberas-azucareras","8":"product_tag-edulcorante","9":"product_tag-endulzante","10":"product_tag-mate","11":"product_tag-not-sugar","12":"product_tag-organic","13":"product_tag-organico","14":"product_tag-sin-azucar","16":"first","17":"instock","18":"taxable","19":"shipping-taxable","20":"purchasable","21":"product-type-simple"},"acf":[],"aioseo_notices":[],"_links":{"self":[{"href":"https:\/\/www.argensend.com\/en\/wp-json\/wp\/v2\/product\/53279","targetHints":{"allow":["GET"]}}],"collection":[{"href":"https:\/\/www.argensend.com\/en\/wp-json\/wp\/v2\/product"}],"about":[{"href":"https:\/\/www.argensend.com\/en\/wp-json\/wp\/v2\/types\/product"}],"replies":[{"embeddable":true,"href":"https:\/\/www.argensend.com\/en\/wp-json\/wp\/v2\/comments?post=53279"}],"version-history":[{"count":3,"href":"https:\/\/www.argensend.com\/en\/wp-json\/wp\/v2\/product\/53279\/revisions"}],"predecessor-version":[{"id":106877,"href":"https:\/\/www.argensend.com\/en\/wp-json\/wp\/v2\/product\/53279\/revisions\/106877"}],"wp:featuredmedia":[{"embeddable":true,"href":"https:\/\/www.argensend.com\/en\/wp-json\/wp\/v2\/media\/53280"}],"wp:attachment":[{"href":"https:\/\/www.argensend.com\/en\/wp-json\/wp\/v2\/media?parent=53279"}],"wp:term":[{"taxonomy":"brand","embeddable":true,"href":"https:\/\/www.argensend.com\/en\/wp-json\/wp\/v2\/etheme_brands?post=53279"},{"taxonomy":"product_brand","embeddable":true,"href":"https:\/\/www.argensend.com\/en\/wp-json\/wp\/v2\/product_brand?post=53279"},{"taxonomy":"product_cat","embeddable":true,"href":"https:\/\/www.argensend.com\/en\/wp-json\/wp\/v2\/product_cat?post=53279"},{"taxonomy":"product_tag","embeddable":true,"href":"https:\/\/www.argensend.com\/en\/wp-json\/wp\/v2\/product_tag?post=53279"}],"curies":[{"name":"wp","href":"https:\/\/api.w.org\/{rel}","templated":true}]}}