{"id":53353,"date":"2022-08-30T13:20:27","date_gmt":"2022-08-30T16:20:27","guid":{"rendered":"https:\/\/www.argensend.com\/?post_type=product&#038;p=53353"},"modified":"2024-12-06T16:29:54","modified_gmt":"2024-12-06T19:29:54","slug":"a-t-r-ahora-todos-reimos-juego-de-cartas-humor-board-games-with-cards-by-buro-special-for-teens-children","status":"publish","type":"product","link":"https:\/\/www.argensend.com\/en\/product\/a-t-r-ahora-todos-reimos-juego-de-cartas-humor-board-games-with-cards-by-buro-special-for-teens-children\/","title":{"rendered":"ATR &#8211; Ahora Todos Re\u00edmos &#8211; Bur\u00f3"},"content":{"rendered":"","protected":false},"excerpt":{"rendered":"<p>\u00bfQu\u00e9 mejor plan para una tarde de lluvia que un juego de mesa? Con el A.T.R. Ahora todos re\u00edmos vas a crear divertidos recuerdos y pasar momentos inolvidables junto a tus amigos y amigas. Con este pasatiempo entretenido las risas est\u00e1n aseguradas. Si sos pibe, lee esto: ATR es la versi\u00f3n m\u00e1s joven del H.D.P, es el juego que siempre ves en TikTok pero que tus viejos no te dejan jugar porque es para adultos. Como queremos que vos tambi\u00e9n lo juegues y te cagues de risa, te traemos esta versi\u00f3n con las cosas que te divierten a vos y a tus amigos y amigas. Si hace rato dejaste de ser pibe, lee esto: ATR es un juego de humor no competitivo en el que lo importante no es ganar sino pasarla bien, adem\u00e1s los aleja de las pantallas por un rato. Dale, deja de regalarle ropa y por una vez regalale algo que le va a gustar.<\/p>","protected":false},"featured_media":53354,"comment_status":"closed","ping_status":"closed","template":"","meta":{"_acf_changed":false,"om_disable_all_campaigns":false,"_monsterinsights_skip_tracking":false,"_monsterinsights_sitenote_active":false,"_monsterinsights_sitenote_note":"","_monsterinsights_sitenote_category":0},"etheme_brands":[],"product_brand":[],"product_cat":[2237,2202],"product_tag":[],"class_list":{"0":"post-53353","1":"product","2":"type-product","3":"status-publish","4":"has-post-thumbnail","6":"product_cat-juegos-cartas","7":"product_cat-juegos-ninos","9":"first","10":"instock","11":"taxable","12":"shipping-taxable","13":"purchasable","14":"product-type-simple"},"acf":[],"aioseo_notices":[],"_links":{"self":[{"href":"https:\/\/www.argensend.com\/en\/wp-json\/wp\/v2\/product\/53353","targetHints":{"allow":["GET"]}}],"collection":[{"href":"https:\/\/www.argensend.com\/en\/wp-json\/wp\/v2\/product"}],"about":[{"href":"https:\/\/www.argensend.com\/en\/wp-json\/wp\/v2\/types\/product"}],"replies":[{"embeddable":true,"href":"https:\/\/www.argensend.com\/en\/wp-json\/wp\/v2\/comments?post=53353"}],"version-history":[{"count":3,"href":"https:\/\/www.argensend.com\/en\/wp-json\/wp\/v2\/product\/53353\/revisions"}],"predecessor-version":[{"id":115641,"href":"https:\/\/www.argensend.com\/en\/wp-json\/wp\/v2\/product\/53353\/revisions\/115641"}],"wp:featuredmedia":[{"embeddable":true,"href":"https:\/\/www.argensend.com\/en\/wp-json\/wp\/v2\/media\/53354"}],"wp:attachment":[{"href":"https:\/\/www.argensend.com\/en\/wp-json\/wp\/v2\/media?parent=53353"}],"wp:term":[{"taxonomy":"brand","embeddable":true,"href":"https:\/\/www.argensend.com\/en\/wp-json\/wp\/v2\/etheme_brands?post=53353"},{"taxonomy":"product_brand","embeddable":true,"href":"https:\/\/www.argensend.com\/en\/wp-json\/wp\/v2\/product_brand?post=53353"},{"taxonomy":"product_cat","embeddable":true,"href":"https:\/\/www.argensend.com\/en\/wp-json\/wp\/v2\/product_cat?post=53353"},{"taxonomy":"product_tag","embeddable":true,"href":"https:\/\/www.argensend.com\/en\/wp-json\/wp\/v2\/product_tag?post=53353"}],"curies":[{"name":"wp","href":"https:\/\/api.w.org\/{rel}","templated":true}]}}