{"id":53383,"date":"2022-08-30T14:55:06","date_gmt":"2022-08-30T17:55:06","guid":{"rendered":"https:\/\/www.argensend.com\/?post_type=product&#038;p=53383"},"modified":"2024-12-06T16:29:55","modified_gmt":"2024-12-06T19:29:55","slug":"buro-juego-tomalo-vos-game-take-it-yourself","status":"publish","type":"product","link":"https:\/\/www.argensend.com\/en\/product\/buro-juego-tomalo-vos-game-take-it-yourself\/","title":{"rendered":"Bur\u00f3 &#8211; Tomalo Vos"},"content":{"rendered":"","protected":false},"excerpt":{"rendered":"<p>Un juego en el que tu objetivo es NO tomar. Si ten\u00e9s el vaso adelante tuyo jug\u00e1 una de tus cartas para pas\u00e1rselo a otro jugador. Si te quedaste sin cartas (o si todas las cartas que ten\u00e9s son in\u00fatiles): \u00a1Tomalo vos! Cuando tom\u00e1s 3 veces sos eliminado. El \u00faltimo en ser eliminado es el ganador. R\u00e1pido y divertido pero lleno de traici\u00f3n y bardeo: igual que tus previas (? Tomalo Vos es un juego para adultos responsables (Mayores de 18 a\u00f1os) que no deber\u00eda ser jugado por nadie. Incluye reglas para ser jugado en pandemia e incluye reglas para jugarlo sin tomar nada.<\/p>","protected":false},"featured_media":53392,"comment_status":"closed","ping_status":"closed","template":"","meta":{"_acf_changed":false,"om_disable_all_campaigns":false,"_monsterinsights_skip_tracking":false,"_monsterinsights_sitenote_active":false,"_monsterinsights_sitenote_note":"","_monsterinsights_sitenote_category":0},"etheme_brands":[],"product_brand":[],"product_cat":[2237],"product_tag":[],"class_list":{"0":"post-53383","1":"product","2":"type-product","3":"status-publish","4":"has-post-thumbnail","6":"product_cat-juegos-cartas","8":"first","9":"instock","10":"taxable","11":"shipping-taxable","12":"purchasable","13":"product-type-simple"},"acf":[],"aioseo_notices":[],"_links":{"self":[{"href":"https:\/\/www.argensend.com\/en\/wp-json\/wp\/v2\/product\/53383","targetHints":{"allow":["GET"]}}],"collection":[{"href":"https:\/\/www.argensend.com\/en\/wp-json\/wp\/v2\/product"}],"about":[{"href":"https:\/\/www.argensend.com\/en\/wp-json\/wp\/v2\/types\/product"}],"replies":[{"embeddable":true,"href":"https:\/\/www.argensend.com\/en\/wp-json\/wp\/v2\/comments?post=53383"}],"version-history":[{"count":3,"href":"https:\/\/www.argensend.com\/en\/wp-json\/wp\/v2\/product\/53383\/revisions"}],"predecessor-version":[{"id":115665,"href":"https:\/\/www.argensend.com\/en\/wp-json\/wp\/v2\/product\/53383\/revisions\/115665"}],"wp:featuredmedia":[{"embeddable":true,"href":"https:\/\/www.argensend.com\/en\/wp-json\/wp\/v2\/media\/53392"}],"wp:attachment":[{"href":"https:\/\/www.argensend.com\/en\/wp-json\/wp\/v2\/media?parent=53383"}],"wp:term":[{"taxonomy":"brand","embeddable":true,"href":"https:\/\/www.argensend.com\/en\/wp-json\/wp\/v2\/etheme_brands?post=53383"},{"taxonomy":"product_brand","embeddable":true,"href":"https:\/\/www.argensend.com\/en\/wp-json\/wp\/v2\/product_brand?post=53383"},{"taxonomy":"product_cat","embeddable":true,"href":"https:\/\/www.argensend.com\/en\/wp-json\/wp\/v2\/product_cat?post=53383"},{"taxonomy":"product_tag","embeddable":true,"href":"https:\/\/www.argensend.com\/en\/wp-json\/wp\/v2\/product_tag?post=53383"}],"curies":[{"name":"wp","href":"https:\/\/api.w.org\/{rel}","templated":true}]}}