{"id":53400,"date":"2022-08-30T15:16:18","date_gmt":"2022-08-30T18:16:18","guid":{"rendered":"https:\/\/www.argensend.com\/?post_type=product&#038;p=53400"},"modified":"2024-12-06T16:29:56","modified_gmt":"2024-12-06T19:29:56","slug":"buro-juego-tucano-game-tucano","status":"publish","type":"product","link":"https:\/\/www.argensend.com\/en\/product\/buro-juego-tucano-game-tucano\/","title":{"rendered":"Bur\u00f3 &#8211; Tucano"},"content":{"rendered":"","protected":false},"excerpt":{"rendered":"<p>Los tucanes son muy minuciosos con su comida. Pero tambi\u00e9n son un poco traicioneros: si uno se descuida, otro se lleva algo para su nido. Bananas, papayas, anan\u00e1s&#8230; La selva tropical est\u00e1 llena de ricas y jugosas frutas. Pero cuidado, porque al final del juego, algunas frutas pueden echarse a perder&#8230; \u00a1Recolect\u00e1 las mejores frutas para ser el ave mejor alimentada! <\/p>","protected":false},"featured_media":53396,"comment_status":"closed","ping_status":"closed","template":"","meta":{"_acf_changed":false,"om_disable_all_campaigns":false,"_monsterinsights_skip_tracking":false,"_monsterinsights_sitenote_active":false,"_monsterinsights_sitenote_note":"","_monsterinsights_sitenote_category":0},"etheme_brands":[],"product_brand":[],"product_cat":[2237,2202],"product_tag":[],"class_list":{"0":"post-53400","1":"product","2":"type-product","3":"status-publish","4":"has-post-thumbnail","6":"product_cat-juegos-cartas","7":"product_cat-juegos-ninos","9":"first","10":"instock","11":"taxable","12":"shipping-taxable","13":"purchasable","14":"product-type-simple"},"acf":[],"aioseo_notices":[],"_links":{"self":[{"href":"https:\/\/www.argensend.com\/en\/wp-json\/wp\/v2\/product\/53400","targetHints":{"allow":["GET"]}}],"collection":[{"href":"https:\/\/www.argensend.com\/en\/wp-json\/wp\/v2\/product"}],"about":[{"href":"https:\/\/www.argensend.com\/en\/wp-json\/wp\/v2\/types\/product"}],"replies":[{"embeddable":true,"href":"https:\/\/www.argensend.com\/en\/wp-json\/wp\/v2\/comments?post=53400"}],"version-history":[{"count":2,"href":"https:\/\/www.argensend.com\/en\/wp-json\/wp\/v2\/product\/53400\/revisions"}],"predecessor-version":[{"id":115666,"href":"https:\/\/www.argensend.com\/en\/wp-json\/wp\/v2\/product\/53400\/revisions\/115666"}],"wp:featuredmedia":[{"embeddable":true,"href":"https:\/\/www.argensend.com\/en\/wp-json\/wp\/v2\/media\/53396"}],"wp:attachment":[{"href":"https:\/\/www.argensend.com\/en\/wp-json\/wp\/v2\/media?parent=53400"}],"wp:term":[{"taxonomy":"brand","embeddable":true,"href":"https:\/\/www.argensend.com\/en\/wp-json\/wp\/v2\/etheme_brands?post=53400"},{"taxonomy":"product_brand","embeddable":true,"href":"https:\/\/www.argensend.com\/en\/wp-json\/wp\/v2\/product_brand?post=53400"},{"taxonomy":"product_cat","embeddable":true,"href":"https:\/\/www.argensend.com\/en\/wp-json\/wp\/v2\/product_cat?post=53400"},{"taxonomy":"product_tag","embeddable":true,"href":"https:\/\/www.argensend.com\/en\/wp-json\/wp\/v2\/product_tag?post=53400"}],"curies":[{"name":"wp","href":"https:\/\/api.w.org\/{rel}","templated":true}]}}