{"id":53462,"date":"2022-08-31T11:05:39","date_gmt":"2022-08-31T14:05:39","guid":{"rendered":"https:\/\/www.argensend.com\/?post_type=product&#038;p=53462"},"modified":"2024-12-06T16:30:04","modified_gmt":"2024-12-06T19:30:04","slug":"tramontina-juego-asador-3-piezas-3-piece-grill-set","status":"publish","type":"product","link":"https:\/\/www.argensend.com\/en\/product\/tramontina-juego-asador-3-piezas-3-piece-grill-set\/","title":{"rendered":"Tramontina &#8211; Juego Asador 3 Piezas"},"content":{"rendered":"","protected":false},"excerpt":{"rendered":"<p>El juego para asado Tramontina con mango marr\u00f3n de madera y polipropileno, 3 piezas, de la l\u00ednea Churrasco viene con cuchillo para carne y trinchante con l\u00e1minas de acero inoxidable, adem\u00e1s de mangos de madera natural y remaches de aluminio. Para completar, una chaira con alma de acero al carbono cromado y mango de polipropileno.<\/p>\n<p>\u2026\u2026\u2026\u2026\u2026\u2026\u2026\u2026\u2026\u2026\u2026\u2026\u2026\u2026\u2026\u2026\u2026\u2026\u2026\u2026\u2026\u2026\u2026\u2026\u2026\u2026\u2026\u2026\u2026\u2026\u2026\u2026\u2026\u2026\u2026\u2026\u2026\u2026\u2026\u2026\u2026\u2026\u2026\u2026\u2026\u2026\u2026\u2026\u2026\u2026\u2026\u2026\u2026\u2026\u2026\u2026\u2026\u2026\u2026\u2026\u2026\u2026\u2026\u2026\u2026\u2026\u2026\u2026\u2026\u2026\u2026\u2026\u2026\u2026\u2026\u2026\u2026\u2026\u2026\u2026\u2026\u2026\u2026\u2026\u2026\u2026<br \/>\nThe Tramontina 3-piece brown wood and polypropylene handle barbecue set, from the Churrasco line, comes with a steak knife and carving knife with stainless steel blades, as well as natural wood handles and aluminum rivets. To complete the set, a sharpening steel with chrome-plated carbon steel core and polypropylene handle.<\/p>","protected":false},"featured_media":53463,"comment_status":"closed","ping_status":"closed","template":"","meta":{"_acf_changed":false,"om_disable_all_campaigns":false,"_monsterinsights_skip_tracking":false,"_monsterinsights_sitenote_active":false,"_monsterinsights_sitenote_note":"","_monsterinsights_sitenote_category":0},"etheme_brands":[],"product_brand":[],"product_cat":[3320],"product_tag":[783,311,314,1738,589,310],"class_list":{"0":"post-53462","1":"product","2":"type-product","3":"status-publish","4":"has-post-thumbnail","6":"product_cat-cocina","7":"product_tag-783","8":"product_tag-cuchillo","9":"product_tag-knife","10":"product_tag-profesional","11":"product_tag-set","12":"product_tag-tramontina","14":"first","15":"instock","16":"taxable","17":"shipping-taxable","18":"purchasable","19":"product-type-simple"},"acf":[],"aioseo_notices":[],"_links":{"self":[{"href":"https:\/\/www.argensend.com\/en\/wp-json\/wp\/v2\/product\/53462","targetHints":{"allow":["GET"]}}],"collection":[{"href":"https:\/\/www.argensend.com\/en\/wp-json\/wp\/v2\/product"}],"about":[{"href":"https:\/\/www.argensend.com\/en\/wp-json\/wp\/v2\/types\/product"}],"replies":[{"embeddable":true,"href":"https:\/\/www.argensend.com\/en\/wp-json\/wp\/v2\/comments?post=53462"}],"version-history":[{"count":2,"href":"https:\/\/www.argensend.com\/en\/wp-json\/wp\/v2\/product\/53462\/revisions"}],"predecessor-version":[{"id":73121,"href":"https:\/\/www.argensend.com\/en\/wp-json\/wp\/v2\/product\/53462\/revisions\/73121"}],"wp:featuredmedia":[{"embeddable":true,"href":"https:\/\/www.argensend.com\/en\/wp-json\/wp\/v2\/media\/53463"}],"wp:attachment":[{"href":"https:\/\/www.argensend.com\/en\/wp-json\/wp\/v2\/media?parent=53462"}],"wp:term":[{"taxonomy":"brand","embeddable":true,"href":"https:\/\/www.argensend.com\/en\/wp-json\/wp\/v2\/etheme_brands?post=53462"},{"taxonomy":"product_brand","embeddable":true,"href":"https:\/\/www.argensend.com\/en\/wp-json\/wp\/v2\/product_brand?post=53462"},{"taxonomy":"product_cat","embeddable":true,"href":"https:\/\/www.argensend.com\/en\/wp-json\/wp\/v2\/product_cat?post=53462"},{"taxonomy":"product_tag","embeddable":true,"href":"https:\/\/www.argensend.com\/en\/wp-json\/wp\/v2\/product_tag?post=53462"}],"curies":[{"name":"wp","href":"https:\/\/api.w.org\/{rel}","templated":true}]}}