{"id":53475,"date":"2022-08-31T15:41:17","date_gmt":"2022-08-31T18:41:17","guid":{"rendered":"https:\/\/www.argensend.com\/?post_type=product&#038;p=53475"},"modified":"2024-12-06T16:30:04","modified_gmt":"2024-12-06T19:30:04","slug":"comic-desventuras-de-larguirucho-manuel-garcia-ferre-comic-book","status":"publish","type":"product","link":"https:\/\/www.argensend.com\/en\/product\/comic-desventuras-de-larguirucho-manuel-garcia-ferre-comic-book\/","title":{"rendered":"Comic Desventuras de Larguirucho Manuel Garc\u00eda Ferre"},"content":{"rendered":"","protected":false},"excerpt":{"rendered":"<p><strong>Caracter\u00edsticas Principales:<\/strong><br \/>\nAutor: Manuel Garc\u00eda Ferr\u00e9.<br \/>\nIdioma: Espa\u00f1ol.<br \/>\nEditorial: Ediciones Assisi.<br \/>\nFormato: F\u00edsico.<\/p>\n<p><strong>Otras Caracter\u00edsticas:<\/strong><br \/>\nLas primeras 5 desventuras del querido Larguirucho. En un formato \u00fanico y especial. Una recolecci\u00f3n y restauraci\u00f3n de sus primeras historias, en blanco y negro.<br \/>\nCon una secci\u00f3n de extras, con datos interesantes sobre el personaje y sus compa\u00f1eros, los cuales hablan sobre su creaci\u00f3n y sus apariciones en diferentes formatos.<\/p>","protected":false},"featured_media":53477,"comment_status":"closed","ping_status":"closed","template":"","meta":{"_acf_changed":false,"om_disable_all_campaigns":false,"_monsterinsights_skip_tracking":false,"_monsterinsights_sitenote_active":false,"_monsterinsights_sitenote_note":"","_monsterinsights_sitenote_category":0},"etheme_brands":[],"product_brand":[],"product_cat":[685],"product_tag":[],"class_list":{"0":"post-53475","1":"product","2":"type-product","3":"status-publish","4":"has-post-thumbnail","6":"product_cat-libros","8":"first","9":"instock","10":"taxable","11":"shipping-taxable","12":"purchasable","13":"product-type-simple"},"acf":[],"aioseo_notices":[],"_links":{"self":[{"href":"https:\/\/www.argensend.com\/en\/wp-json\/wp\/v2\/product\/53475","targetHints":{"allow":["GET"]}}],"collection":[{"href":"https:\/\/www.argensend.com\/en\/wp-json\/wp\/v2\/product"}],"about":[{"href":"https:\/\/www.argensend.com\/en\/wp-json\/wp\/v2\/types\/product"}],"replies":[{"embeddable":true,"href":"https:\/\/www.argensend.com\/en\/wp-json\/wp\/v2\/comments?post=53475"}],"version-history":[{"count":2,"href":"https:\/\/www.argensend.com\/en\/wp-json\/wp\/v2\/product\/53475\/revisions"}],"predecessor-version":[{"id":100606,"href":"https:\/\/www.argensend.com\/en\/wp-json\/wp\/v2\/product\/53475\/revisions\/100606"}],"wp:featuredmedia":[{"embeddable":true,"href":"https:\/\/www.argensend.com\/en\/wp-json\/wp\/v2\/media\/53477"}],"wp:attachment":[{"href":"https:\/\/www.argensend.com\/en\/wp-json\/wp\/v2\/media?parent=53475"}],"wp:term":[{"taxonomy":"brand","embeddable":true,"href":"https:\/\/www.argensend.com\/en\/wp-json\/wp\/v2\/etheme_brands?post=53475"},{"taxonomy":"product_brand","embeddable":true,"href":"https:\/\/www.argensend.com\/en\/wp-json\/wp\/v2\/product_brand?post=53475"},{"taxonomy":"product_cat","embeddable":true,"href":"https:\/\/www.argensend.com\/en\/wp-json\/wp\/v2\/product_cat?post=53475"},{"taxonomy":"product_tag","embeddable":true,"href":"https:\/\/www.argensend.com\/en\/wp-json\/wp\/v2\/product_tag?post=53475"}],"curies":[{"name":"wp","href":"https:\/\/api.w.org\/{rel}","templated":true}]}}