{"id":53483,"date":"2022-08-31T16:22:17","date_gmt":"2022-08-31T19:22:17","guid":{"rendered":"https:\/\/www.argensend.com\/?post_type=product&#038;p=53483"},"modified":"2024-12-06T16:30:04","modified_gmt":"2024-12-06T19:30:04","slug":"comic-aventuras-de-hijitus-manuel-garcia-ferre-comic-book","status":"publish","type":"product","link":"https:\/\/www.argensend.com\/en\/product\/comic-aventuras-de-hijitus-manuel-garcia-ferre-comic-book\/","title":{"rendered":"Comic Aventuras de Hijitus &#8211; Manuel Garc\u00eda Ferre"},"content":{"rendered":"","protected":false},"excerpt":{"rendered":"<p><strong>Caracter\u00edsticas Principales:<\/strong><br \/>\nAutor: Manuel Garc\u00eda Ferr\u00e9.<br \/>\nIdioma: Espa\u00f1ol.<br \/>\nEditorial: Ediciones Assisi.<br \/>\nFormato: F\u00edsico.<\/p>\n<p><strong>Otras Caracter\u00edsticas:<\/strong><br \/>\nEdiciones Assisi te presenta un libro con cl\u00e1sicas aventuras del peque\u00f1o de Trulal\u00e1.<br \/>\nEste libro contiene 5 de las primeras historietas en blanco y negro, y una secci\u00f3n de extras, con informaci\u00f3n sobre el personaje y sobre su autor, Garc\u00eda Ferr\u00e9.<\/p>","protected":false},"featured_media":53484,"comment_status":"closed","ping_status":"closed","template":"","meta":{"_acf_changed":false,"om_disable_all_campaigns":false,"_monsterinsights_skip_tracking":false,"_monsterinsights_sitenote_active":false,"_monsterinsights_sitenote_note":"","_monsterinsights_sitenote_category":0},"etheme_brands":[],"product_brand":[],"product_cat":[685],"product_tag":[],"class_list":{"0":"post-53483","1":"product","2":"type-product","3":"status-publish","4":"has-post-thumbnail","6":"product_cat-libros","8":"first","9":"instock","10":"taxable","11":"shipping-taxable","12":"purchasable","13":"product-type-simple"},"acf":[],"aioseo_notices":[],"_links":{"self":[{"href":"https:\/\/www.argensend.com\/en\/wp-json\/wp\/v2\/product\/53483","targetHints":{"allow":["GET"]}}],"collection":[{"href":"https:\/\/www.argensend.com\/en\/wp-json\/wp\/v2\/product"}],"about":[{"href":"https:\/\/www.argensend.com\/en\/wp-json\/wp\/v2\/types\/product"}],"replies":[{"embeddable":true,"href":"https:\/\/www.argensend.com\/en\/wp-json\/wp\/v2\/comments?post=53483"}],"version-history":[{"count":2,"href":"https:\/\/www.argensend.com\/en\/wp-json\/wp\/v2\/product\/53483\/revisions"}],"predecessor-version":[{"id":100605,"href":"https:\/\/www.argensend.com\/en\/wp-json\/wp\/v2\/product\/53483\/revisions\/100605"}],"wp:featuredmedia":[{"embeddable":true,"href":"https:\/\/www.argensend.com\/en\/wp-json\/wp\/v2\/media\/53484"}],"wp:attachment":[{"href":"https:\/\/www.argensend.com\/en\/wp-json\/wp\/v2\/media?parent=53483"}],"wp:term":[{"taxonomy":"brand","embeddable":true,"href":"https:\/\/www.argensend.com\/en\/wp-json\/wp\/v2\/etheme_brands?post=53483"},{"taxonomy":"product_brand","embeddable":true,"href":"https:\/\/www.argensend.com\/en\/wp-json\/wp\/v2\/product_brand?post=53483"},{"taxonomy":"product_cat","embeddable":true,"href":"https:\/\/www.argensend.com\/en\/wp-json\/wp\/v2\/product_cat?post=53483"},{"taxonomy":"product_tag","embeddable":true,"href":"https:\/\/www.argensend.com\/en\/wp-json\/wp\/v2\/product_tag?post=53483"}],"curies":[{"name":"wp","href":"https:\/\/api.w.org\/{rel}","templated":true}]}}