{"id":54218,"date":"2022-09-13T15:49:24","date_gmt":"2022-09-13T18:49:24","guid":{"rendered":"https:\/\/www.argensend.com\/?post_type=product&#038;p=54218"},"modified":"2025-09-24T12:29:28","modified_gmt":"2025-09-24T15:29:28","slug":"nutriraw-alfajor-de-chocolate-con-mousse-de-moca-x-8-unidades-chocolate-alfajores-with-mocha-mousse-x-8-units","status":"publish","type":"product","link":"https:\/\/www.argensend.com\/en\/product\/nutriraw-alfajor-de-chocolate-con-mousse-de-moca-x-8-unidades-chocolate-alfajores-with-mocha-mousse-x-8-units\/","title":{"rendered":"Nutriraw- Alfajor de Chocolate con Mousse de Moca &#8211; 8 Unidades"},"content":{"rendered":"","protected":false},"excerpt":{"rendered":"<p>Caja de Alfajor, 8 unidades.<\/p>\n<p>Ingredientes: Chocolate, Mousse de caf\u00e9, mani, pasas de uva, almidon de ma\u00edz, harina de algarroba, az\u00facar de mascabo, sal marina.<\/p>\n<p>EN:<\/p>\n<p>Alfajor box, 8 units.<\/p>\n<p>Ingredients: Chocolate, coffee Mousse, peanuts, raisins, corn starch, carob flour, mascaraba sugar, sea salt.<\/p>","protected":false},"featured_media":54220,"comment_status":"closed","ping_status":"closed","template":"","meta":{"_acf_changed":false,"om_disable_all_campaigns":false,"_monsterinsights_skip_tracking":false,"_monsterinsights_sitenote_active":false,"_monsterinsights_sitenote_note":"","_monsterinsights_sitenote_category":0},"etheme_brands":[],"product_brand":[],"product_cat":[83,8800,8814],"product_tag":[156,159,747,335,746,9339,652,651,8859],"class_list":{"0":"post-54218","1":"product","2":"type-product","3":"status-publish","4":"has-post-thumbnail","6":"product_cat-alfajores-conitos","7":"product_cat-alimentos-gluten-free-sin-tacc","8":"product_cat-alimentos-veganos","9":"product_tag-alfajor","10":"product_tag-chocolate","11":"product_tag-gluten","12":"product_tag-mousse","13":"product_tag-sin","14":"product_tag-taac","15":"product_tag-vegan","16":"product_tag-vegano","17":"product_tag-veggie","19":"first","20":"instock","21":"taxable","22":"shipping-taxable","23":"purchasable","24":"product-type-simple"},"acf":[],"aioseo_notices":[],"_links":{"self":[{"href":"https:\/\/www.argensend.com\/en\/wp-json\/wp\/v2\/product\/54218","targetHints":{"allow":["GET"]}}],"collection":[{"href":"https:\/\/www.argensend.com\/en\/wp-json\/wp\/v2\/product"}],"about":[{"href":"https:\/\/www.argensend.com\/en\/wp-json\/wp\/v2\/types\/product"}],"replies":[{"embeddable":true,"href":"https:\/\/www.argensend.com\/en\/wp-json\/wp\/v2\/comments?post=54218"}],"version-history":[{"count":3,"href":"https:\/\/www.argensend.com\/en\/wp-json\/wp\/v2\/product\/54218\/revisions"}],"predecessor-version":[{"id":114164,"href":"https:\/\/www.argensend.com\/en\/wp-json\/wp\/v2\/product\/54218\/revisions\/114164"}],"wp:featuredmedia":[{"embeddable":true,"href":"https:\/\/www.argensend.com\/en\/wp-json\/wp\/v2\/media\/54220"}],"wp:attachment":[{"href":"https:\/\/www.argensend.com\/en\/wp-json\/wp\/v2\/media?parent=54218"}],"wp:term":[{"taxonomy":"brand","embeddable":true,"href":"https:\/\/www.argensend.com\/en\/wp-json\/wp\/v2\/etheme_brands?post=54218"},{"taxonomy":"product_brand","embeddable":true,"href":"https:\/\/www.argensend.com\/en\/wp-json\/wp\/v2\/product_brand?post=54218"},{"taxonomy":"product_cat","embeddable":true,"href":"https:\/\/www.argensend.com\/en\/wp-json\/wp\/v2\/product_cat?post=54218"},{"taxonomy":"product_tag","embeddable":true,"href":"https:\/\/www.argensend.com\/en\/wp-json\/wp\/v2\/product_tag?post=54218"}],"curies":[{"name":"wp","href":"https:\/\/api.w.org\/{rel}","templated":true}]}}