{"id":54241,"date":"2022-09-13T16:24:37","date_gmt":"2022-09-13T19:24:37","guid":{"rendered":"https:\/\/www.argensend.com\/?post_type=product&#038;p=54241"},"modified":"2024-12-06T16:30:26","modified_gmt":"2024-12-06T19:30:26","slug":"grun-pepas-integrales-grun-con-dulce-masseube-whole-grain-pepas-with-sweet-masseube","status":"publish","type":"product","link":"https:\/\/www.argensend.com\/en\/product\/grun-pepas-integrales-grun-con-dulce-masseube-whole-grain-pepas-with-sweet-masseube\/","title":{"rendered":"gr\u00fcn &#8211; Pepas Integrales grun con Dulce Masseube"},"content":{"rendered":"","protected":false},"excerpt":{"rendered":"<p>Pepas veganas org\u00e1nicas<\/p>\n<p>Ingredientes: Mermelada de frambuesa org\u00e1nica, az\u00facar org\u00e1nica, aceite de girasol org\u00e1nico alto oleico, harina integral org\u00e1nica de trigo, harina org\u00e1nica de trigo 000, agua, bicarbonato de sodio, esencia de vainilla.<\/p>\n<p>EN:<\/p>\n<p>Organic vegan seeds<\/p>\n<p>Ingredients: Organic raspberry jam, organic sugar, organic high oleic sunflower oil, organic whole wheat flour, organic wheat flour 000, water, baking soda, vanilla essence.<\/p>","protected":false},"featured_media":54240,"comment_status":"closed","ping_status":"closed","template":"","meta":{"_acf_changed":false,"om_disable_all_campaigns":false,"_monsterinsights_skip_tracking":false,"_monsterinsights_sitenote_active":false,"_monsterinsights_sitenote_note":"","_monsterinsights_sitenote_category":0},"etheme_brands":[],"product_brand":[],"product_cat":[8814],"product_tag":[4286,2162,9349,4130,7381,652,651,8859],"class_list":{"0":"post-54241","1":"product","2":"type-product","3":"status-publish","4":"has-post-thumbnail","6":"product_cat-alimentos-veganos","7":"product_tag-integral","8":"product_tag-membrillo","9":"product_tag-orcanico","10":"product_tag-organic","11":"product_tag-pepas","12":"product_tag-vegan","13":"product_tag-vegano","14":"product_tag-veggie","16":"first","17":"instock","18":"taxable","19":"shipping-taxable","20":"purchasable","21":"product-type-simple"},"acf":[],"aioseo_notices":[],"_links":{"self":[{"href":"https:\/\/www.argensend.com\/en\/wp-json\/wp\/v2\/product\/54241","targetHints":{"allow":["GET"]}}],"collection":[{"href":"https:\/\/www.argensend.com\/en\/wp-json\/wp\/v2\/product"}],"about":[{"href":"https:\/\/www.argensend.com\/en\/wp-json\/wp\/v2\/types\/product"}],"replies":[{"embeddable":true,"href":"https:\/\/www.argensend.com\/en\/wp-json\/wp\/v2\/comments?post=54241"}],"version-history":[{"count":2,"href":"https:\/\/www.argensend.com\/en\/wp-json\/wp\/v2\/product\/54241\/revisions"}],"predecessor-version":[{"id":102162,"href":"https:\/\/www.argensend.com\/en\/wp-json\/wp\/v2\/product\/54241\/revisions\/102162"}],"wp:featuredmedia":[{"embeddable":true,"href":"https:\/\/www.argensend.com\/en\/wp-json\/wp\/v2\/media\/54240"}],"wp:attachment":[{"href":"https:\/\/www.argensend.com\/en\/wp-json\/wp\/v2\/media?parent=54241"}],"wp:term":[{"taxonomy":"brand","embeddable":true,"href":"https:\/\/www.argensend.com\/en\/wp-json\/wp\/v2\/etheme_brands?post=54241"},{"taxonomy":"product_brand","embeddable":true,"href":"https:\/\/www.argensend.com\/en\/wp-json\/wp\/v2\/product_brand?post=54241"},{"taxonomy":"product_cat","embeddable":true,"href":"https:\/\/www.argensend.com\/en\/wp-json\/wp\/v2\/product_cat?post=54241"},{"taxonomy":"product_tag","embeddable":true,"href":"https:\/\/www.argensend.com\/en\/wp-json\/wp\/v2\/product_tag?post=54241"}],"curies":[{"name":"wp","href":"https:\/\/api.w.org\/{rel}","templated":true}]}}