{"id":54244,"date":"2022-09-13T16:29:37","date_gmt":"2022-09-13T19:29:37","guid":{"rendered":"https:\/\/www.argensend.com\/?post_type=product&#038;p=54244"},"modified":"2024-12-06T16:30:26","modified_gmt":"2024-12-06T19:30:26","slug":"grun-crackers-organica-integrales-de-chia-y-lino-organic-whole-grain-chia-flax-crackers","status":"publish","type":"product","link":"https:\/\/www.argensend.com\/en\/product\/grun-crackers-organica-integrales-de-chia-y-lino-organic-whole-grain-chia-flax-crackers\/","title":{"rendered":"gr\u00fcn &#8211; Crackers Org\u00e1nica Integrales de Chia y Lino"},"content":{"rendered":"","protected":false},"excerpt":{"rendered":"<p>Crackers integrales con chia y lino org\u00e1nicos \/ veganos<\/p>\n<p>Ingredientes: Harina integral org\u00e1nica de trigo, harina org\u00e1nica de trigo 000, agua, aceite de girasol org\u00e1nico alto oleico, chia, lino, levadura, sal.<\/p>\n<p>EN:<\/p>\n<p>Organic \/ vegan whole wheat crackers with chia and flax<\/p>\n<p>Ingredients: Organic whole wheat flour, organic wheat 000 flour, water, organic high oleic sunflower oil, chia, flax, yeast, salt.<\/p>\n<p>&nbsp;<\/p>","protected":false},"featured_media":54249,"comment_status":"closed","ping_status":"closed","template":"","meta":{"_acf_changed":false,"om_disable_all_campaigns":false,"_monsterinsights_skip_tracking":false,"_monsterinsights_sitenote_active":false,"_monsterinsights_sitenote_note":"","_monsterinsights_sitenote_category":0},"etheme_brands":[],"product_brand":[],"product_cat":[8814],"product_tag":[1506,4359,4286,7478,9349,4130,652,651,8859],"class_list":{"0":"post-54244","1":"product","2":"type-product","3":"status-publish","4":"has-post-thumbnail","6":"product_cat-alimentos-veganos","7":"product_tag-chia","8":"product_tag-crackers","9":"product_tag-integral","10":"product_tag-lino","11":"product_tag-orcanico","12":"product_tag-organic","13":"product_tag-vegan","14":"product_tag-vegano","15":"product_tag-veggie","17":"first","18":"instock","19":"taxable","20":"shipping-taxable","21":"purchasable","22":"product-type-simple"},"acf":[],"aioseo_notices":[],"_links":{"self":[{"href":"https:\/\/www.argensend.com\/en\/wp-json\/wp\/v2\/product\/54244","targetHints":{"allow":["GET"]}}],"collection":[{"href":"https:\/\/www.argensend.com\/en\/wp-json\/wp\/v2\/product"}],"about":[{"href":"https:\/\/www.argensend.com\/en\/wp-json\/wp\/v2\/types\/product"}],"replies":[{"embeddable":true,"href":"https:\/\/www.argensend.com\/en\/wp-json\/wp\/v2\/comments?post=54244"}],"version-history":[{"count":2,"href":"https:\/\/www.argensend.com\/en\/wp-json\/wp\/v2\/product\/54244\/revisions"}],"predecessor-version":[{"id":102160,"href":"https:\/\/www.argensend.com\/en\/wp-json\/wp\/v2\/product\/54244\/revisions\/102160"}],"wp:featuredmedia":[{"embeddable":true,"href":"https:\/\/www.argensend.com\/en\/wp-json\/wp\/v2\/media\/54249"}],"wp:attachment":[{"href":"https:\/\/www.argensend.com\/en\/wp-json\/wp\/v2\/media?parent=54244"}],"wp:term":[{"taxonomy":"brand","embeddable":true,"href":"https:\/\/www.argensend.com\/en\/wp-json\/wp\/v2\/etheme_brands?post=54244"},{"taxonomy":"product_brand","embeddable":true,"href":"https:\/\/www.argensend.com\/en\/wp-json\/wp\/v2\/product_brand?post=54244"},{"taxonomy":"product_cat","embeddable":true,"href":"https:\/\/www.argensend.com\/en\/wp-json\/wp\/v2\/product_cat?post=54244"},{"taxonomy":"product_tag","embeddable":true,"href":"https:\/\/www.argensend.com\/en\/wp-json\/wp\/v2\/product_tag?post=54244"}],"curies":[{"name":"wp","href":"https:\/\/api.w.org\/{rel}","templated":true}]}}