{"id":54421,"date":"2022-09-19T13:56:38","date_gmt":"2022-09-19T16:56:38","guid":{"rendered":"https:\/\/www.argensend.com\/?post_type=product&#038;p=54421"},"modified":"2025-08-19T13:32:14","modified_gmt":"2025-08-19T16:32:14","slug":"sentida-botanica-shampoo-solido-fortalecedor-x-100-gr-fortifying-solid-shampoo-x-3-52-oz","status":"publish","type":"product","link":"https:\/\/www.argensend.com\/en\/product\/sentida-botanica-shampoo-solido-fortalecedor-x-100-gr-fortifying-solid-shampoo-x-3-52-oz\/","title":{"rendered":"Sentida Botanica &#8211; Shampoo S\u00f3lido Fortalecedor 100gr"},"content":{"rendered":"","protected":false},"excerpt":{"rendered":"<p dir=\"ltr\">Biodegradable.<\/p>\n<p dir=\"ltr\">Vegano. Cruelty Free<\/p>\n<p dir=\"ltr\">Libre de qu\u00edmicos, sulfatos y parabenos. SIN ACEITE DE PALMA.<\/p>\n<p dir=\"ltr\">MODO DE USO:<br \/>\nHacer espuma con las manos o pasar la pastilla por\u00a0el cabello previamente humedecido. Al sentir el cabello humectado, dejar la pastilla y masajear. No es necesario usar mucha cantidad, produce\u00a0mucha espuma. Luego enguajar con abundante agua.<br \/>\nSHAMPOO S\u00d3LIDO <b>no requiere PER\u00cdODO DE ADAPTACI\u00d3N<\/b>, ya que est\u00e1 formulado especialmente para el ph del cuero cabelludo. Es por eso que tu pelo quedar\u00e1 limpio y sedoso desde\u00a0<b>los primeros lavados!<\/b><br \/>\nEl shampoo s\u00f3lido apuesta a <b>un cambio, sano, ecol\u00f3gico y sustentable<\/b>, sin usar envases pl\u00e1sticos\u00a0ni exceso de packaging. Por eso te recomendamos que luego de usarlo, lo dejes en un lugar seco, para que pueda mantenerse mejor y por m\u00e1s tiempo. Dependiendo de la duraci\u00f3n de los lavados y del largo del cabello, la pastilla puede durar entre 80 y 90 lavados.\u00a0<b>\u00a1Gracias por animarte al cambio!<\/b><\/p>\n<p dir=\"ltr\">Ingredientes\/Ingredients: Sodium cocoyl isethionate, Water, Cocos Nucifera (Coconut) Oil, Argania Spinosa Kernel Oil, Rosmarinus Officinalis Essential Oil, Benzyl Alcohol, Benzoic Acid, Tocoferol Acetate.<\/p>\n<p dir=\"ltr\">\n<p dir=\"ltr\">EN:<\/p>\n<p>Biodegradable.<\/p>\n<p>Vegan. Cruelty Free<\/p>\n<p>Free of chemicals, sulfates and parabens. PALM OIL FREE.<\/p>\n<p>INSTRUCTIONS FOR USE:<br \/>\nLather with your hands or pass the tablet through previously moisturized hair. When you feel the hair moisturized, leave the tablet and massage. It is not necessary to use a lot of quantity, it produces a lot of foam. Then rinse with plenty of water.<br \/>\nYou can use our SOLID CONDITIONER to detangle and soften hair.<br \/>\nOur SOLID SHAMPOO does not require an ADAPTATION PERIOD, as it is specially formulated for the ph of the scalp. That&#8217;s why your hair will be clean and silky from the first washes!<br \/>\nOur solid shampoo bets on a healthy, ecological and sustainable change, without using plastic containers or excess packaging. That&#8217;s why we recommend that after using it, you leave it in a dry place, so that it can be kept better and for longer. Depending on the duration of the washes and the length of the hair, the tablet can last between 80 and 90 washes. Thank you for encouraging you to make the change!<\/p>\n<p>&nbsp;<\/p>","protected":false},"featured_media":54422,"comment_status":"closed","ping_status":"closed","template":"","meta":{"_acf_changed":false,"om_disable_all_campaigns":false,"_monsterinsights_skip_tracking":false,"_monsterinsights_sitenote_active":false,"_monsterinsights_sitenote_note":"","_monsterinsights_sitenote_category":0},"etheme_brands":[],"product_brand":[],"product_cat":[8820,4453],"product_tag":[1612,1022,3925,5531,652,651],"class_list":{"0":"post-54421","1":"product","2":"type-product","3":"status-publish","4":"has-post-thumbnail","6":"product_cat-jabones-y-shampoo","7":"product_cat-salud-y-belleza-vegana","8":"product_tag-belleza","9":"product_tag-cabello","10":"product_tag-shampoo","11":"product_tag-solido","12":"product_tag-vegan","13":"product_tag-vegano","15":"first","16":"instock","17":"taxable","18":"shipping-taxable","19":"purchasable","20":"product-type-simple"},"acf":[],"aioseo_notices":[],"_links":{"self":[{"href":"https:\/\/www.argensend.com\/en\/wp-json\/wp\/v2\/product\/54421","targetHints":{"allow":["GET"]}}],"collection":[{"href":"https:\/\/www.argensend.com\/en\/wp-json\/wp\/v2\/product"}],"about":[{"href":"https:\/\/www.argensend.com\/en\/wp-json\/wp\/v2\/types\/product"}],"replies":[{"embeddable":true,"href":"https:\/\/www.argensend.com\/en\/wp-json\/wp\/v2\/comments?post=54421"}],"version-history":[{"count":2,"href":"https:\/\/www.argensend.com\/en\/wp-json\/wp\/v2\/product\/54421\/revisions"}],"predecessor-version":[{"id":104154,"href":"https:\/\/www.argensend.com\/en\/wp-json\/wp\/v2\/product\/54421\/revisions\/104154"}],"wp:featuredmedia":[{"embeddable":true,"href":"https:\/\/www.argensend.com\/en\/wp-json\/wp\/v2\/media\/54422"}],"wp:attachment":[{"href":"https:\/\/www.argensend.com\/en\/wp-json\/wp\/v2\/media?parent=54421"}],"wp:term":[{"taxonomy":"brand","embeddable":true,"href":"https:\/\/www.argensend.com\/en\/wp-json\/wp\/v2\/etheme_brands?post=54421"},{"taxonomy":"product_brand","embeddable":true,"href":"https:\/\/www.argensend.com\/en\/wp-json\/wp\/v2\/product_brand?post=54421"},{"taxonomy":"product_cat","embeddable":true,"href":"https:\/\/www.argensend.com\/en\/wp-json\/wp\/v2\/product_cat?post=54421"},{"taxonomy":"product_tag","embeddable":true,"href":"https:\/\/www.argensend.com\/en\/wp-json\/wp\/v2\/product_tag?post=54421"}],"curies":[{"name":"wp","href":"https:\/\/api.w.org\/{rel}","templated":true}]}}