{"id":54478,"date":"2022-09-19T16:25:04","date_gmt":"2022-09-19T19:25:04","guid":{"rendered":"https:\/\/www.argensend.com\/?post_type=product&#038;p=54478"},"modified":"2024-12-06T16:30:40","modified_gmt":"2024-12-06T19:30:40","slug":"kairos-libro-jung-y-el-tarot-por-nichols-sallie-book-jung-and-the-tarot-by-nicholos-sallie","status":"publish","type":"product","link":"https:\/\/www.argensend.com\/en\/product\/kairos-libro-jung-y-el-tarot-por-nichols-sallie-book-jung-and-the-tarot-by-nicholos-sallie\/","title":{"rendered":"Kairos &#8211; Libro Jung y el Tarot Por Nichols Sallie"},"content":{"rendered":"","protected":false},"excerpt":{"rendered":"<p>He aqu\u00ed un libro innovador que ofrece una detallada y penetrante interpretaci\u00f3n del Tarot en t\u00e9rminos de psicolog\u00eda junguiana. A trav\u00e9s de la analog\u00eda con las humanidades, la mitolog\u00eda y las artes visuales, Sallie Nichols ayuda a que cada lector experimente de forma \u00fanica y personal las intrigantes im\u00e1genes del Tarot. Considerando los arcanos mayores como un mapa que describe el viaje hacia la autorrealizaci\u00f3n, la autora nos ofrece diversas t\u00e9cnicas para utilizar las cartas y adquirir concienciamiento pr\u00e1ctico en el camino.Russell A. Lockhart, reconocido analista junguiano, ha comentado sobre el libro: Dos grandes tradiciones se casan en esta obra: el Tarot m\u00e1gico e incontrolable y la psicolog\u00eda arquet\u00edpica de Jung. Esta boda, tan esperada como debida, ha sido posible no s\u00f3lo por la habilidad y la sabidur\u00eda de S. Nichols, sino tambi\u00e9n por su amor y cuidado por las im\u00e1genes del Tarot. El resultado es un soberbio y significativo volumen que servir\u00e1 de alimento a las mentes m\u00e1s cr\u00edticas. Todo lector que sienta inter\u00e9s o fascinaci\u00f3n con el poder de la imagen sobre la psique encontrar\u00e1 en Jung y el Tarot justamente eso: un viaje al reino donde la imagen, la psique y el alma encuentran su frente y su meta<\/p>\n<p>EN:<\/p>\n<p>Here is a groundbreaking book that offers a detailed and penetrating interpretation of the Tarot in terms of Jungian psychology. Through analogy with the humanities, mythology and the visual arts, Sallie Nichols helps each reader to experience the intriguing images of the Tarot in a unique and personal way. Considering the major arcana as a map describing the journey to self-realization, the author offers several techniques for using the cards and gaining practical awareness along the way.Russell A. Lockhart, renowned Jungian analyst, has commented on the book: Two great traditions are married in this work: the magical, uncontrollable Tarot and Jung&#8217;s archetypal psychology. This marriage, as long awaited as it was due, has been made possible not only by the skill and wisdom of S. Nichols, but also by his love and care for Tarot imagery. The result is a superb and significant volume that will serve as food for the most critical minds. Any reader with an interest or fascination with the power of the image over the psyche will find in Jung and the Tarot just that: a journey into the realm where image, psyche, and soul meet their front and their goal.<\/p>","protected":false},"featured_media":54479,"comment_status":"closed","ping_status":"closed","template":"","meta":{"_acf_changed":false,"om_disable_all_campaigns":false,"_monsterinsights_skip_tracking":false,"_monsterinsights_sitenote_active":false,"_monsterinsights_sitenote_note":"","_monsterinsights_sitenote_category":0},"etheme_brands":[],"product_brand":[],"product_cat":[685],"product_tag":[3463,9380],"class_list":{"0":"post-54478","1":"product","2":"type-product","3":"status-publish","4":"has-post-thumbnail","6":"product_cat-libros","7":"product_tag-cartas","8":"product_tag-tarot","10":"first","11":"instock","12":"taxable","13":"shipping-taxable","14":"purchasable","15":"product-type-simple"},"acf":[],"aioseo_notices":[],"_links":{"self":[{"href":"https:\/\/www.argensend.com\/en\/wp-json\/wp\/v2\/product\/54478","targetHints":{"allow":["GET"]}}],"collection":[{"href":"https:\/\/www.argensend.com\/en\/wp-json\/wp\/v2\/product"}],"about":[{"href":"https:\/\/www.argensend.com\/en\/wp-json\/wp\/v2\/types\/product"}],"replies":[{"embeddable":true,"href":"https:\/\/www.argensend.com\/en\/wp-json\/wp\/v2\/comments?post=54478"}],"version-history":[{"count":4,"href":"https:\/\/www.argensend.com\/en\/wp-json\/wp\/v2\/product\/54478\/revisions"}],"predecessor-version":[{"id":107240,"href":"https:\/\/www.argensend.com\/en\/wp-json\/wp\/v2\/product\/54478\/revisions\/107240"}],"wp:featuredmedia":[{"embeddable":true,"href":"https:\/\/www.argensend.com\/en\/wp-json\/wp\/v2\/media\/54479"}],"wp:attachment":[{"href":"https:\/\/www.argensend.com\/en\/wp-json\/wp\/v2\/media?parent=54478"}],"wp:term":[{"taxonomy":"brand","embeddable":true,"href":"https:\/\/www.argensend.com\/en\/wp-json\/wp\/v2\/etheme_brands?post=54478"},{"taxonomy":"product_brand","embeddable":true,"href":"https:\/\/www.argensend.com\/en\/wp-json\/wp\/v2\/product_brand?post=54478"},{"taxonomy":"product_cat","embeddable":true,"href":"https:\/\/www.argensend.com\/en\/wp-json\/wp\/v2\/product_cat?post=54478"},{"taxonomy":"product_tag","embeddable":true,"href":"https:\/\/www.argensend.com\/en\/wp-json\/wp\/v2\/product_tag?post=54478"}],"curies":[{"name":"wp","href":"https:\/\/api.w.org\/{rel}","templated":true}]}}