{"id":54488,"date":"2022-09-19T16:35:39","date_gmt":"2022-09-19T19:35:39","guid":{"rendered":"https:\/\/www.argensend.com\/?post_type=product&#038;p=54488"},"modified":"2024-12-06T16:30:40","modified_gmt":"2024-12-06T19:30:40","slug":"monoblock-libro-tapa-dura-bruja-moderna-por-dalia-walker-libro-hardcover-modern-witch-by-dalia-walker","status":"publish","type":"product","link":"https:\/\/www.argensend.com\/en\/product\/monoblock-libro-tapa-dura-bruja-moderna-por-dalia-walker-libro-hardcover-modern-witch-by-dalia-walker\/","title":{"rendered":"Monoblock &#8211; Libro Tapa Dura Bruja Moderna Por Dalia Walker"},"content":{"rendered":"<p>Bruja Moderna es una gu\u00eda pr\u00e1ctica para aprender a manifestar tus deseos a trav\u00e9s de la magia sagrada. Una introducci\u00f3n perfecta al mundo m\u00e1gico: desde cristales hasta tarot, pasando por dioses, santas y por supuesto, rituales. Trabaj\u00e1 con tu naturaleza divina y despert\u00e1 tus s\u00faper poderes: intuici\u00f3n, creatividad, fuerza.<\/p>\n<p>Animate a experimentar con la energ\u00eda universal y a recorrer un camino de autoconocimiento que sabr\u00e1s d\u00f3nde comienza&#8230; pero nunca d\u00f3nde termina.<\/p>\n<p>\u00b7 Comprend\u00e9 la influencia de los astros y los ciclos lunares.<br \/>\n\u00b7 Descubr\u00ed c\u00f3mo utilizar alqu\u00edmicos, cristales y hierbas.<br \/>\n\u00b7 Abr\u00ed tu percepci\u00f3n a trav\u00e9s de una autolectura de tarot.<br \/>\n\u00b7 Aprend\u00e9 a armar tu altar y mantras para invocar la energ\u00eda divina.<br \/>\n\u00b7 Incluye 15 rituales y pr\u00e1cticas para canalizar tu energ\u00eda transformadora.<br \/>\n\u00b7 Bonus: compa\u00f1eros de la bruja moderna y turismo esot\u00e9rico.<br \/>\n\u00b7 Conoc\u00e9 los fundamentos indispensables para vivir de forma m\u00e1gica&#8230; \u00a1todos los d\u00edas!<\/p>\n<p>Nueva edici\u00f3n que es un aut\u00e9ntico tesoro: tapa dura papel laminado mate con cu\u00f1o bajorrelieve y detalles en stamping dorado, encuadernaci\u00f3n cosida y cinta se\u00f1aladora.<\/p>\n<p>Bellamente ilustrado por Jazm\u00edn Varela.<\/p>\n<p>EN:<\/p>\n<p>Bruja Moderna is a practical guide to learn how to manifest your desires through sacred magic. A perfect introduction to the magical world: from crystals to tarot, through gods, saints and of course, rituals. Work with your divine nature and awaken your super powers: intuition, creativity, strength.<\/p>\n<p>Be encouraged to experiment with the universal energy and to travel a path of self-knowledge that you will know where it begins&#8230; but never where it ends.<\/p>\n<p>&#8211; Understand the influence of the stars and lunar cycles.<br \/>\n&#8211; Discover how to use alchemicals, crystals and herbs.<br \/>\n&#8211; Open your perception through a tarot self-reading.<br \/>\n&#8211; Learn how to set up your altar and mantras to invoke divine energy.<br \/>\n&#8211; Includes 15 rituals and practices to channel your transformative energy.<br \/>\n&#8211; Bonus: companions of the modern witch and esoteric tourism.<br \/>\n&#8211; Get to know the indispensable basics to live magically&#8230; every day!<\/p>\n<p>New edition that is a real treasure: hard cover laminated matte paper with bas-relief stamping and gold stamping details, sewn binding and ribbon bookmark.<\/p>\n<p>Beautifully illustrated by Jazm\u00edn Varela.<\/p>","protected":false},"excerpt":{"rendered":"<p>Bruja Moderna es una gu\u00eda pr\u00e1ctica para aprender a manifestar tus deseos a trav\u00e9s de la magia sagrada. Una introducci\u00f3n perfecta al mundo m\u00e1gico: desde&#8230;<\/p>","protected":false},"featured_media":54490,"comment_status":"closed","ping_status":"closed","template":"","meta":{"_acf_changed":false,"om_disable_all_campaigns":false,"_monsterinsights_skip_tracking":false,"_monsterinsights_sitenote_active":false,"_monsterinsights_sitenote_note":"","_monsterinsights_sitenote_category":0},"etheme_brands":[],"product_brand":[],"product_cat":[685,9384],"product_tag":[9381,752,9382],"class_list":{"0":"post-54488","1":"product","2":"type-product","3":"status-publish","4":"has-post-thumbnail","6":"product_cat-libros","7":"product_cat-tarot","8":"product_tag-burja","9":"product_tag-libro","10":"product_tag-moderna","12":"first","13":"instock","14":"taxable","15":"shipping-taxable","16":"purchasable","17":"product-type-simple"},"acf":[],"aioseo_notices":[],"_links":{"self":[{"href":"https:\/\/www.argensend.com\/en\/wp-json\/wp\/v2\/product\/54488","targetHints":{"allow":["GET"]}}],"collection":[{"href":"https:\/\/www.argensend.com\/en\/wp-json\/wp\/v2\/product"}],"about":[{"href":"https:\/\/www.argensend.com\/en\/wp-json\/wp\/v2\/types\/product"}],"replies":[{"embeddable":true,"href":"https:\/\/www.argensend.com\/en\/wp-json\/wp\/v2\/comments?post=54488"}],"version-history":[{"count":1,"href":"https:\/\/www.argensend.com\/en\/wp-json\/wp\/v2\/product\/54488\/revisions"}],"predecessor-version":[{"id":70982,"href":"https:\/\/www.argensend.com\/en\/wp-json\/wp\/v2\/product\/54488\/revisions\/70982"}],"wp:featuredmedia":[{"embeddable":true,"href":"https:\/\/www.argensend.com\/en\/wp-json\/wp\/v2\/media\/54490"}],"wp:attachment":[{"href":"https:\/\/www.argensend.com\/en\/wp-json\/wp\/v2\/media?parent=54488"}],"wp:term":[{"taxonomy":"brand","embeddable":true,"href":"https:\/\/www.argensend.com\/en\/wp-json\/wp\/v2\/etheme_brands?post=54488"},{"taxonomy":"product_brand","embeddable":true,"href":"https:\/\/www.argensend.com\/en\/wp-json\/wp\/v2\/product_brand?post=54488"},{"taxonomy":"product_cat","embeddable":true,"href":"https:\/\/www.argensend.com\/en\/wp-json\/wp\/v2\/product_cat?post=54488"},{"taxonomy":"product_tag","embeddable":true,"href":"https:\/\/www.argensend.com\/en\/wp-json\/wp\/v2\/product_tag?post=54488"}],"curies":[{"name":"wp","href":"https:\/\/api.w.org\/{rel}","templated":true}]}}