{"id":54517,"date":"2022-09-20T09:35:45","date_gmt":"2022-09-20T12:35:45","guid":{"rendered":"https:\/\/www.argensend.com\/?post_type=product&#038;p=54517"},"modified":"2024-12-06T16:30:41","modified_gmt":"2024-12-06T19:30:41","slug":"dr-cacao-chocolate-70-puro-cacao-con-avellanas-enteras-y-azucar-organico-x-80-gr-70-pure-cocoa-chocolate-with-whole-hazelnuts-and-organic-sugar","status":"publish","type":"product","link":"https:\/\/www.argensend.com\/en\/product\/dr-cacao-chocolate-70-puro-cacao-con-avellanas-enteras-y-azucar-organico-x-80-gr-70-pure-cocoa-chocolate-with-whole-hazelnuts-and-organic-sugar\/","title":{"rendered":"Dr Cacao &#8211; Chocolate 70% Puro Cacao con Avellanas Enteras y Az\u00facar Org\u00e1nico &#8211; 80gr"},"content":{"rendered":"","protected":false},"excerpt":{"rendered":"<div class=\"my-2 py-3\">Ac\u00e1 est\u00e1 ese flechazo directo al coraz\u00f3n, ideal para antojos sorpresivos, \ud83d\ude09 Avellanas y cacao, \u00bfqu\u00e9 m\u00e1s quer\u00e9s?<\/div>\n<p class=\"font-s\">Ingredientes: Cacao, manteca de cacao, az\u00facar org\u00e1nico, avellanas, lecitina de girasol (0,4%), \u00a1y mucho amor!<\/p>\n<p class=\"font-s\">Producto Artesanal. 100% Vegano. 0% Grasas Trans. Empaque Reciclable.<\/p>\n<p class=\"font-s\">Libre de: Lactosa, gluten, soja, conservantes, colorantes, transg\u00e9nicos y aceite hidrogenado. CONTIENE AVELLANAS. PUEDE CONTENER ALMENDRAS.<\/p>\n<p>EN:<\/p>\n<p>Here&#8217;s that direct hit to the heart, ideal for surprise cravings, \ud83d\ude09 Hazelnuts and cocoa, what more do you want?<br \/>\nIngredients: Cocoa, cocoa butter, organic sugar, hazelnuts, sunflower lecithin (0.4%), and lots of love!<\/p>\n<p>Handmade product. 100% Vegan. 0% Trans Fat. Recyclable Packaging.<\/p>\n<p>Free of: Lactose, gluten, soy, preservatives, colorants, transgenic and hydrogenated oil. CONTAINS HAZELNUTS. MAY CONTAIN ALMONDS.<\/p>\n<p>.<\/p>","protected":false},"featured_media":54518,"comment_status":"closed","ping_status":"closed","template":"","meta":{"_acf_changed":false,"om_disable_all_campaigns":false,"_monsterinsights_skip_tracking":false,"_monsterinsights_sitenote_active":false,"_monsterinsights_sitenote_note":"","_monsterinsights_sitenote_category":0},"etheme_brands":[],"product_brand":[],"product_cat":[8814,628],"product_tag":[4341,2088,320,4247,4257,6215,4130,746,905,3496,652,651],"class_list":{"0":"post-54517","1":"product","2":"type-product","3":"status-publish","4":"has-post-thumbnail","6":"product_cat-alimentos-veganos","7":"product_cat-chocolates","8":"product_tag-almendras","9":"product_tag-azucar","10":"product_tag-coco","11":"product_tag-health","12":"product_tag-healthy","13":"product_tag-not","14":"product_tag-organic","15":"product_tag-sin","16":"product_tag-sin-lactosa","17":"product_tag-sugar","18":"product_tag-vegan","19":"product_tag-vegano","21":"first","22":"instock","23":"taxable","24":"shipping-taxable","25":"purchasable","26":"product-type-simple"},"acf":[],"aioseo_notices":[],"_links":{"self":[{"href":"https:\/\/www.argensend.com\/en\/wp-json\/wp\/v2\/product\/54517","targetHints":{"allow":["GET"]}}],"collection":[{"href":"https:\/\/www.argensend.com\/en\/wp-json\/wp\/v2\/product"}],"about":[{"href":"https:\/\/www.argensend.com\/en\/wp-json\/wp\/v2\/types\/product"}],"replies":[{"embeddable":true,"href":"https:\/\/www.argensend.com\/en\/wp-json\/wp\/v2\/comments?post=54517"}],"version-history":[{"count":2,"href":"https:\/\/www.argensend.com\/en\/wp-json\/wp\/v2\/product\/54517\/revisions"}],"predecessor-version":[{"id":101441,"href":"https:\/\/www.argensend.com\/en\/wp-json\/wp\/v2\/product\/54517\/revisions\/101441"}],"wp:featuredmedia":[{"embeddable":true,"href":"https:\/\/www.argensend.com\/en\/wp-json\/wp\/v2\/media\/54518"}],"wp:attachment":[{"href":"https:\/\/www.argensend.com\/en\/wp-json\/wp\/v2\/media?parent=54517"}],"wp:term":[{"taxonomy":"brand","embeddable":true,"href":"https:\/\/www.argensend.com\/en\/wp-json\/wp\/v2\/etheme_brands?post=54517"},{"taxonomy":"product_brand","embeddable":true,"href":"https:\/\/www.argensend.com\/en\/wp-json\/wp\/v2\/product_brand?post=54517"},{"taxonomy":"product_cat","embeddable":true,"href":"https:\/\/www.argensend.com\/en\/wp-json\/wp\/v2\/product_cat?post=54517"},{"taxonomy":"product_tag","embeddable":true,"href":"https:\/\/www.argensend.com\/en\/wp-json\/wp\/v2\/product_tag?post=54517"}],"curies":[{"name":"wp","href":"https:\/\/api.w.org\/{rel}","templated":true}]}}