{"id":54523,"date":"2022-09-20T10:14:56","date_gmt":"2022-09-20T13:14:56","guid":{"rendered":"https:\/\/www.argensend.com\/?post_type=product&#038;p=54523"},"modified":"2024-12-06T16:30:41","modified_gmt":"2024-12-06T19:30:41","slug":"capsula-dorada-oraculo-de-los-arcanos-menores-oracle-of-the-minor-arcana","status":"publish","type":"product","link":"https:\/\/www.argensend.com\/en\/product\/capsula-dorada-oraculo-de-los-arcanos-menores-oracle-of-the-minor-arcana\/","title":{"rendered":"Capsula Dorada &#8211; Or\u00e1culo de Los Arcanos Menores"},"content":{"rendered":"","protected":false},"excerpt":{"rendered":"<p>Un juego\u00a0para acercarse a la parte m\u00e1s enigm\u00e1tica y antigua de la baraja del Tarot. Este or\u00e1culo trae 40 cartas con mensajes basados en los significados de Arcanos Menores del Tarot de Marsella. Cada carta tiene un dict\u00e1men y un consejo para realizar una peque\u00f1a acci\u00f3n. Usalas para meditar, para introyectar significados o movilizar energ\u00edas estancadas.<\/p>\n<p>Creado por Fabio Albertini &amp; Laurie Gius, para C\u00e1psula Dorada.<\/p>\n<p><strong>Instrucciones de uso:\u00a0<\/strong>Sac\u00e1 una carta al azar cada vez que te surja una duda o una pregunta.<\/p>\n<p><strong>Incluye:\u00a0<\/strong>40 cartas<\/p>\n<p>EN:<\/p>\n<p>A game to approach the most enigmatic and ancient part of the Tarot deck. This oracle brings 40 cards with messages based on the meanings of the Minor Arcana of the Tarot de Marseille. Each card has a dictum and an advice to perform a small action. Use them to meditate, to introject meanings or to mobilize stagnant energies.<\/p>\n<p>Created by Fabio Albertini &amp; Laurie Gius, for C\u00e1psula Dorada.<\/p>\n<p>Instructions for use: Draw a card at random whenever a doubt or question arises.<\/p>\n<p>Includes: 40 cards<\/p>","protected":false},"featured_media":54525,"comment_status":"closed","ping_status":"closed","template":"","meta":{"_acf_changed":false,"om_disable_all_campaigns":false,"_monsterinsights_skip_tracking":false,"_monsterinsights_sitenote_active":false,"_monsterinsights_sitenote_note":"","_monsterinsights_sitenote_category":0},"etheme_brands":[],"product_brand":[],"product_cat":[9384],"product_tag":[9387,4612,9388,9386,9380],"class_list":{"0":"post-54523","1":"product","2":"type-product","3":"status-publish","4":"has-post-thumbnail","6":"product_cat-tarot","7":"product_tag-arcanos","8":"product_tag-bruja","9":"product_tag-menores","10":"product_tag-oraculo","11":"product_tag-tarot","13":"first","14":"instock","15":"taxable","16":"shipping-taxable","17":"purchasable","18":"product-type-simple"},"acf":[],"aioseo_notices":[],"_links":{"self":[{"href":"https:\/\/www.argensend.com\/en\/wp-json\/wp\/v2\/product\/54523","targetHints":{"allow":["GET"]}}],"collection":[{"href":"https:\/\/www.argensend.com\/en\/wp-json\/wp\/v2\/product"}],"about":[{"href":"https:\/\/www.argensend.com\/en\/wp-json\/wp\/v2\/types\/product"}],"replies":[{"embeddable":true,"href":"https:\/\/www.argensend.com\/en\/wp-json\/wp\/v2\/comments?post=54523"}],"version-history":[{"count":2,"href":"https:\/\/www.argensend.com\/en\/wp-json\/wp\/v2\/product\/54523\/revisions"}],"predecessor-version":[{"id":99328,"href":"https:\/\/www.argensend.com\/en\/wp-json\/wp\/v2\/product\/54523\/revisions\/99328"}],"wp:featuredmedia":[{"embeddable":true,"href":"https:\/\/www.argensend.com\/en\/wp-json\/wp\/v2\/media\/54525"}],"wp:attachment":[{"href":"https:\/\/www.argensend.com\/en\/wp-json\/wp\/v2\/media?parent=54523"}],"wp:term":[{"taxonomy":"brand","embeddable":true,"href":"https:\/\/www.argensend.com\/en\/wp-json\/wp\/v2\/etheme_brands?post=54523"},{"taxonomy":"product_brand","embeddable":true,"href":"https:\/\/www.argensend.com\/en\/wp-json\/wp\/v2\/product_brand?post=54523"},{"taxonomy":"product_cat","embeddable":true,"href":"https:\/\/www.argensend.com\/en\/wp-json\/wp\/v2\/product_cat?post=54523"},{"taxonomy":"product_tag","embeddable":true,"href":"https:\/\/www.argensend.com\/en\/wp-json\/wp\/v2\/product_tag?post=54523"}],"curies":[{"name":"wp","href":"https:\/\/api.w.org\/{rel}","templated":true}]}}