{"id":54526,"date":"2022-09-20T10:15:18","date_gmt":"2022-09-20T13:15:18","guid":{"rendered":"https:\/\/www.argensend.com\/?post_type=product&#038;p=54526"},"modified":"2024-12-06T16:30:41","modified_gmt":"2024-12-06T19:30:41","slug":"grijalbo-libro-el-tarot-como-llave-book-tarot-as-a-key","status":"publish","type":"product","link":"https:\/\/www.argensend.com\/en\/product\/grijalbo-libro-el-tarot-como-llave-book-tarot-as-a-key\/","title":{"rendered":"grijalbo &#8211; Libro el Tarot Como Llave"},"content":{"rendered":"","protected":false},"excerpt":{"rendered":"<p>El Tarot\u00a0es un mundo infinito y apasionante, y como aprendices nuestro trabajo es descubrir qu\u00e9 significa para cada uno. El objetivo no siempre consiste en convertirse en tarotista y atender consultas; est\u00e1n quienes lo usan como una herramienta terap\u00e9utica en s\u00ed misma o como complemento de otra terapia, y quienes lo utilizan como herramienta de inspiraci\u00f3n para crear, pintar, escribir, componer.<\/p>\n<p>El proceso de estudiar\u00a0Tarot\u00a0est\u00e1 relacionado con estudiarse a uno mismo. Pero como todo or\u00e1culo o lenguaje sagrado, genera mucha resistencia. Al ser es una v\u00eda de autoconocimiento, a medida que profundizamos en ella, es posible que veamos aspectos nuestros que no nos gusten, aspectos que s\u00ed, y otros que nos enojan. Y si bien el\u00a0Tarot\u00a0es para todos, no todos son para el\u00a0Tarot: leer las cartas se trata de aceptar que las emociones ser\u00e1n movidas y transformadas. Llegar hasta el final del recorrido significar\u00e1 que cambiaste.<\/p>\n<p>EN:<\/p>\n<p>The Tarot is an infinite and exciting world, and as apprentices our job is to discover what it means to each one of us. The goal is not always to become a tarot reader and attend consultations; there are those who use it as a therapeutic tool in itself or as a complement to another therapy, and those who use it as an inspirational tool to create, paint, write, compose.<\/p>\n<p>The process of studying Tarot is related to studying oneself. But like any oracle or sacred language, it generates a lot of resistance. As it is a way of self-knowledge, as we go deeper into it, we may see aspects of ourselves that we do not like, aspects that we do like, and others that make us angry. And while the Tarot is for everyone, not everyone is for the Tarot: reading the cards is about accepting that emotions will be moved and transformed. Getting to the end of the journey will mean that you have changed.<\/p>","protected":false},"featured_media":54530,"comment_status":"closed","ping_status":"closed","template":"","meta":{"_acf_changed":false,"om_disable_all_campaigns":false,"_monsterinsights_skip_tracking":false,"_monsterinsights_sitenote_active":false,"_monsterinsights_sitenote_note":"","_monsterinsights_sitenote_category":0},"etheme_brands":[],"product_brand":[],"product_cat":[685,9384],"product_tag":[4612,6767,3718,9380],"class_list":{"0":"post-54526","1":"product","2":"type-product","3":"status-publish","4":"has-post-thumbnail","6":"product_cat-libros","7":"product_cat-tarot","8":"product_tag-bruja","9":"product_tag-como","10":"product_tag-llave","11":"product_tag-tarot","13":"first","14":"instock","15":"taxable","16":"shipping-taxable","17":"purchasable","18":"product-type-simple"},"acf":[],"aioseo_notices":[],"_links":{"self":[{"href":"https:\/\/www.argensend.com\/en\/wp-json\/wp\/v2\/product\/54526","targetHints":{"allow":["GET"]}}],"collection":[{"href":"https:\/\/www.argensend.com\/en\/wp-json\/wp\/v2\/product"}],"about":[{"href":"https:\/\/www.argensend.com\/en\/wp-json\/wp\/v2\/types\/product"}],"replies":[{"embeddable":true,"href":"https:\/\/www.argensend.com\/en\/wp-json\/wp\/v2\/comments?post=54526"}],"version-history":[{"count":3,"href":"https:\/\/www.argensend.com\/en\/wp-json\/wp\/v2\/product\/54526\/revisions"}],"predecessor-version":[{"id":107181,"href":"https:\/\/www.argensend.com\/en\/wp-json\/wp\/v2\/product\/54526\/revisions\/107181"}],"wp:featuredmedia":[{"embeddable":true,"href":"https:\/\/www.argensend.com\/en\/wp-json\/wp\/v2\/media\/54530"}],"wp:attachment":[{"href":"https:\/\/www.argensend.com\/en\/wp-json\/wp\/v2\/media?parent=54526"}],"wp:term":[{"taxonomy":"brand","embeddable":true,"href":"https:\/\/www.argensend.com\/en\/wp-json\/wp\/v2\/etheme_brands?post=54526"},{"taxonomy":"product_brand","embeddable":true,"href":"https:\/\/www.argensend.com\/en\/wp-json\/wp\/v2\/product_brand?post=54526"},{"taxonomy":"product_cat","embeddable":true,"href":"https:\/\/www.argensend.com\/en\/wp-json\/wp\/v2\/product_cat?post=54526"},{"taxonomy":"product_tag","embeddable":true,"href":"https:\/\/www.argensend.com\/en\/wp-json\/wp\/v2\/product_tag?post=54526"}],"curies":[{"name":"wp","href":"https:\/\/api.w.org\/{rel}","templated":true}]}}