{"id":54532,"date":"2022-09-20T10:31:31","date_gmt":"2022-09-20T13:31:31","guid":{"rendered":"https:\/\/www.argensend.com\/?post_type=product&#038;p=54532"},"modified":"2024-12-06T16:30:42","modified_gmt":"2024-12-06T19:30:42","slug":"capsula-dorada-oraculo-de-las-flores-misticas-mystic-flower-oracle","status":"publish","type":"product","link":"https:\/\/www.argensend.com\/en\/product\/capsula-dorada-oraculo-de-las-flores-misticas-mystic-flower-oracle\/","title":{"rendered":"C\u00e1psula Dorada &#8211; Or\u00e1culo de las Flores M\u00edsticas"},"content":{"rendered":"","protected":false},"excerpt":{"rendered":"<p>Una baraja luminosa y transformadora, inspirada en las esencias de la terapia floral tradicional inglesa.<\/p>\n<p>Mazo de 38 cartas full color en caja con librito.<\/p>\n<p>La baraja est\u00e1 compuesta por treinta y ocho cartas con los remedios florales del sistema tradicional. Es una herramienta vers\u00e1til que puede usarse como or\u00e1culo de consulta e inspiraci\u00f3n, o como apoyo po\u00e9tico para el aprendizaje de las esencias que, al igual que ocurre con cualquier lenguaje simb\u00f3lico, requiere de un entendimiento m\u00e1s all\u00e1 de la comprensi\u00f3n racional. Cada carta incluye el nombre de la flor, su polaridad energ\u00e9tica, una imagen alusiva y un mensaje.<\/p>\n<p>Por otro lado, este libro funciona como una breve introducci\u00f3n a la terapia floral que contiene notas sobre sus conceptos b\u00e1sicos y un repertorio completo de las caracter\u00edsticas propias de cada remedio y sus aportes al tomarlos.<\/p>\n<p>EN:<\/p>\n<p>A luminous and transforming deck, inspired by the essences of traditional English flower therapy.<\/p>\n<p>Deck of 38 full color cards in a box with booklet.<\/p>\n<p>The deck is composed of thirty-eight cards with the flower remedies of the traditional system. It is a versatile tool that can be used as an oracle for consultation and inspiration, or as a poetic support for learning the essences, which, as with any symbolic language, requires an understanding beyond rational comprehension. Each card includes the name of the flower, its energetic polarity, an allusive image and a message.<\/p>\n<p>On the other hand, this book functions as a brief introduction to flower therapy that contains notes on its basic concepts and a complete repertoire of the characteristics of each remedy and its contributions when taken.<\/p>","protected":false},"featured_media":54536,"comment_status":"closed","ping_status":"closed","template":"","meta":{"_acf_changed":false,"om_disable_all_campaigns":false,"_monsterinsights_skip_tracking":false,"_monsterinsights_sitenote_active":false,"_monsterinsights_sitenote_note":"","_monsterinsights_sitenote_category":0},"etheme_brands":[],"product_brand":[],"product_cat":[9384],"product_tag":[4612,6767,4133,3718,9391,9380],"class_list":{"0":"post-54532","1":"product","2":"type-product","3":"status-publish","4":"has-post-thumbnail","6":"product_cat-tarot","7":"product_tag-bruja","8":"product_tag-como","9":"product_tag-flores","10":"product_tag-llave","11":"product_tag-misticas","12":"product_tag-tarot","14":"first","15":"instock","16":"taxable","17":"shipping-taxable","18":"purchasable","19":"product-type-simple"},"acf":[],"aioseo_notices":[],"_links":{"self":[{"href":"https:\/\/www.argensend.com\/en\/wp-json\/wp\/v2\/product\/54532","targetHints":{"allow":["GET"]}}],"collection":[{"href":"https:\/\/www.argensend.com\/en\/wp-json\/wp\/v2\/product"}],"about":[{"href":"https:\/\/www.argensend.com\/en\/wp-json\/wp\/v2\/types\/product"}],"replies":[{"embeddable":true,"href":"https:\/\/www.argensend.com\/en\/wp-json\/wp\/v2\/comments?post=54532"}],"version-history":[{"count":3,"href":"https:\/\/www.argensend.com\/en\/wp-json\/wp\/v2\/product\/54532\/revisions"}],"predecessor-version":[{"id":106944,"href":"https:\/\/www.argensend.com\/en\/wp-json\/wp\/v2\/product\/54532\/revisions\/106944"}],"wp:featuredmedia":[{"embeddable":true,"href":"https:\/\/www.argensend.com\/en\/wp-json\/wp\/v2\/media\/54536"}],"wp:attachment":[{"href":"https:\/\/www.argensend.com\/en\/wp-json\/wp\/v2\/media?parent=54532"}],"wp:term":[{"taxonomy":"brand","embeddable":true,"href":"https:\/\/www.argensend.com\/en\/wp-json\/wp\/v2\/etheme_brands?post=54532"},{"taxonomy":"product_brand","embeddable":true,"href":"https:\/\/www.argensend.com\/en\/wp-json\/wp\/v2\/product_brand?post=54532"},{"taxonomy":"product_cat","embeddable":true,"href":"https:\/\/www.argensend.com\/en\/wp-json\/wp\/v2\/product_cat?post=54532"},{"taxonomy":"product_tag","embeddable":true,"href":"https:\/\/www.argensend.com\/en\/wp-json\/wp\/v2\/product_tag?post=54532"}],"curies":[{"name":"wp","href":"https:\/\/api.w.org\/{rel}","templated":true}]}}