{"id":54682,"date":"2022-09-25T22:29:26","date_gmt":"2022-09-26T01:29:26","guid":{"rendered":"https:\/\/www.argensend.com\/?post_type=product&#038;p=54682"},"modified":"2024-12-06T16:30:48","modified_gmt":"2024-12-06T19:30:48","slug":"bagohepat-cynara-scolymus-rapida-accion-capsulas-blandas-softgels-relief-after-food-digestive-with-artichoke-box-of-20-pills","status":"publish","type":"product","link":"https:\/\/www.argensend.com\/en\/product\/bagohepat-cynara-scolymus-rapida-accion-capsulas-blandas-softgels-relief-after-food-digestive-with-artichoke-box-of-20-pills\/","title":{"rendered":"Bag\u00f3hepat &#8211; Cynara Scolymus R\u00e1pida Acci\u00f3n C\u00e1psulas Blandas &#8211; caja 20 unidades"},"content":{"rendered":"","protected":false},"excerpt":{"rendered":"<p><span style=\"color: #ff0000;\">ATENCION: SOLO SE PUEDE ENVIAR 1 UNIDAD POR ORDEN DE COMPRA\u00a0<\/span><\/p>","protected":false},"featured_media":54683,"comment_status":"closed","ping_status":"closed","template":"","meta":{"_acf_changed":false,"om_disable_all_campaigns":false,"_monsterinsights_skip_tracking":false,"_monsterinsights_sitenote_active":false,"_monsterinsights_sitenote_note":"","_monsterinsights_sitenote_category":0},"etheme_brands":[],"product_brand":[],"product_cat":[8819],"product_tag":[456,463,462],"class_list":{"0":"post-54682","1":"product","2":"type-product","3":"status-publish","4":"has-post-thumbnail","6":"product_cat-farmacia","7":"product_tag-crema","8":"product_tag-crema-para-bebes","9":"product_tag-hipoglos","11":"first","12":"outofstock","13":"taxable","14":"shipping-taxable","15":"purchasable","16":"product-type-simple"},"acf":[],"aioseo_notices":[],"_links":{"self":[{"href":"https:\/\/www.argensend.com\/en\/wp-json\/wp\/v2\/product\/54682","targetHints":{"allow":["GET"]}}],"collection":[{"href":"https:\/\/www.argensend.com\/en\/wp-json\/wp\/v2\/product"}],"about":[{"href":"https:\/\/www.argensend.com\/en\/wp-json\/wp\/v2\/types\/product"}],"replies":[{"embeddable":true,"href":"https:\/\/www.argensend.com\/en\/wp-json\/wp\/v2\/comments?post=54682"}],"version-history":[{"count":2,"href":"https:\/\/www.argensend.com\/en\/wp-json\/wp\/v2\/product\/54682\/revisions"}],"predecessor-version":[{"id":112797,"href":"https:\/\/www.argensend.com\/en\/wp-json\/wp\/v2\/product\/54682\/revisions\/112797"}],"wp:featuredmedia":[{"embeddable":true,"href":"https:\/\/www.argensend.com\/en\/wp-json\/wp\/v2\/media\/54683"}],"wp:attachment":[{"href":"https:\/\/www.argensend.com\/en\/wp-json\/wp\/v2\/media?parent=54682"}],"wp:term":[{"taxonomy":"brand","embeddable":true,"href":"https:\/\/www.argensend.com\/en\/wp-json\/wp\/v2\/etheme_brands?post=54682"},{"taxonomy":"product_brand","embeddable":true,"href":"https:\/\/www.argensend.com\/en\/wp-json\/wp\/v2\/product_brand?post=54682"},{"taxonomy":"product_cat","embeddable":true,"href":"https:\/\/www.argensend.com\/en\/wp-json\/wp\/v2\/product_cat?post=54682"},{"taxonomy":"product_tag","embeddable":true,"href":"https:\/\/www.argensend.com\/en\/wp-json\/wp\/v2\/product_tag?post=54682"}],"curies":[{"name":"wp","href":"https:\/\/api.w.org\/{rel}","templated":true}]}}